{"id":4415,"date":"2026-03-17T12:36:03","date_gmt":"2026-03-17T11:36:03","guid":{"rendered":"https:\/\/ida.bs.katowice.pl\/?page_id=4415"},"modified":"2026-03-17T12:40:33","modified_gmt":"2026-03-17T11:40:33","slug":"regulamin","status":"publish","type":"page","link":"https:\/\/ida.bs.katowice.pl\/index.php\/regulamin\/","title":{"rendered":"Regulamin"},"content":{"rendered":"<div>\n<p style=\"text-align: center;\" align=\"justify\"><strong>REGULAMIN KORZYSTANIA ZE ZBIOR\u00d3W<\/strong><br \/>\n<strong>Instytutu Dokumentacji Architektury (IDA)<\/strong><\/p>\n<ol>\n<li>Ze zbior\u00f3w Archiwum mo\u017cna korzysta\u0107 tylko na miejscu, w siedzibie IDA.<\/li>\n<li>Korzystanie ze zbior\u00f3w jest mo\u017cliwe po wcze\u015bniejszym wys\u0142aniu zapytania (<a href=\"mailto:ida@bs.katowice.pl\">ida@bs.katowice.pl<\/a>) oraz ustaleniu dogodnego terminu.<\/li>\n<li>Archiwalia podaje dy\u017curuj\u0105cy w Archiwum pracownik IDA i prezentuje je korzystaj\u0105cemu w wyznaczonym do tego miejscu.<\/li>\n<li>Do pomieszczenia, gdzie s\u0105 zbiory ma wst\u0119p tylko wyznaczony pracownik (pracownicy) IDA.<\/li>\n<li>Zbiory zdigitalizowane mog\u0105 by\u0107 udost\u0119pniane on-line.<\/li>\n<li>O ilo\u015bci i sposobie udost\u0119pniania zbior\u00f3w decyduje ka\u017cdorazowo dy\u017curuj\u0105cy pracownik IDA, na podstawie stanu zachowania archiwali\u00f3w oraz ich dost\u0119pno\u015bci.<\/li>\n<li>Korzystaj\u0105cy mo\u017ce bezp\u0142atnie wykonywa\u0107 kopie materia\u0142\u00f3w w\u0142asnym sprz\u0119tem, jednak\u017ce bez u\u017cycia statywu, dodatkowego do\u015bwietlenia, rozszywania i rozpinania dokumentacji, oraz w spos\u00f3b nie wp\u0142ywaj\u0105cy ujemnie na jej stan.<\/li>\n<li>Warunki, na jakich mo\u017ce nast\u0105pi\u0107 publikacja materia\u0142\u00f3w IDA podlegaj\u0105 osobnej, szczeg\u00f3\u0142owej ordynacji.<\/li>\n<\/ol>\n<p>&nbsp;<\/p>\n<p><img decoding=\"async\" src=\"https:\/\/ida.bs.katowice.pl\/wp-content\/uploads\/2026\/03\/pobierz.png\" width=\"15\"><a href=\"https:\/\/ida.bs.katowice.pl\/wp-content\/uploads\/2026\/03\/Regulamin-korzystania-ze-zbiorow.pdf\">Regulamin korzystania ze zbior\u00f3w (PDF, 208kb, utworzony 17 marca 2026)<\/a><\/p>\n<\/div>\n","protected":false},"excerpt":{"rendered":"<p>REGULAMIN KORZYSTANIA ZE ZBIOR\u00d3W Instytutu Dokumentacji Architektury (IDA) Ze zbior\u00f3w Archiwum mo\u017cna korzysta\u0107 tylko na miejscu, w siedzibie IDA. Korzystanie ze zbior\u00f3w jest mo\u017cliwe po wcze\u015bniejszym wys\u0142aniu zapytania (ida@bs.katowice.pl) oraz ustaleniu dogodnego terminu. Archiwalia podaje<a class=\"read-more\" href=\"https:\/\/ida.bs.katowice.pl\/index.php\/regulamin\/\">Continue reading<\/a><\/p>\n","protected":false},"author":7,"featured_media":0,"parent":0,"menu_order":0,"comment_status":"closed","ping_status":"closed","template":"page-templates\/page_fullwidth.php","meta":{"advgb_blocks_editor_width":"","advgb_blocks_columns_visual_guide":"","ngg_post_thumbnail":0,"footnotes":""},"class_list":["post-4415","page","type-page","status-publish","hentry"],"coauthors":[],"author_meta":{"author_link":"https:\/\/ida.bs.katowice.pl\/index.php\/author\/peczakm\/","display_name":"Marek P\u0119czak"},"relative_dates":{"created":"Posted 3 tygodnie ago","modified":"Updated 3 tygodnie ago"},"absolute_dates":{"created":"Posted on 17 marca 2026","modified":"Updated on 17 marca 2026"},"absolute_dates_time":{"created":"Posted on 17 marca 2026 12:36","modified":"Updated on 17 marca 2026 12:40"},"featured_img_caption":"","featured_img":false,"series_order":"","_links":{"self":[{"href":"https:\/\/ida.bs.katowice.pl\/index.php\/wp-json\/wp\/v2\/pages\/4415","targetHints":{"allow":["GET"]}}],"collection":[{"href":"https:\/\/ida.bs.katowice.pl\/index.php\/wp-json\/wp\/v2\/pages"}],"about":[{"href":"https:\/\/ida.bs.katowice.pl\/index.php\/wp-json\/wp\/v2\/types\/page"}],"author":[{"embeddable":true,"href":"https:\/\/ida.bs.katowice.pl\/index.php\/wp-json\/wp\/v2\/users\/7"}],"replies":[{"embeddable":true,"href":"https:\/\/ida.bs.katowice.pl\/index.php\/wp-json\/wp\/v2\/comments?post=4415"}],"version-history":[{"count":2,"href":"https:\/\/ida.bs.katowice.pl\/index.php\/wp-json\/wp\/v2\/pages\/4415\/revisions"}],"predecessor-version":[{"id":4420,"href":"https:\/\/ida.bs.katowice.pl\/index.php\/wp-json\/wp\/v2\/pages\/4415\/revisions\/4420"}],"wp:attachment":[{"href":"https:\/\/ida.bs.katowice.pl\/index.php\/wp-json\/wp\/v2\/media?parent=4415"}],"curies":[{"name":"wp","href":"https:\/\/api.w.org\/{rel}","templated":true}]}}