{"id":4056,"date":"2025-12-22T10:44:41","date_gmt":"2025-12-22T09:44:41","guid":{"rendered":"https:\/\/ida.bs.katowice.pl\/?page_id=4056"},"modified":"2025-12-22T11:00:00","modified_gmt":"2025-12-22T10:00:00","slug":"z-powazaniem-stanislaw-tabenski-budowniczy","status":"publish","type":"page","link":"https:\/\/ida.bs.katowice.pl\/index.php\/publikacje\/z-powazaniem-stanislaw-tabenski-budowniczy\/","title":{"rendered":"Z powa\u017caniem Stanis\u0142aw Tabe\u0144ski \u2013 budowniczy"},"content":{"rendered":"<table border=\"0\" cellspacing=\"0\" cellpadding=\"5\">\n<tbody>\n<tr valign=\"top\">\n<td rowspan=\"5\"><img loading=\"lazy\" decoding=\"async\" class=\"alignnone wp-image-4058 size-medium\" src=\"https:\/\/ida.bs.katowice.pl\/wp-content\/uploads\/2025\/12\/z_powazaniem_stanislaw_tabenski_front-1-300x300.png\" alt=\"\" width=\"300\" height=\"300\" srcset=\"https:\/\/ida.bs.katowice.pl\/wp-content\/uploads\/2025\/12\/z_powazaniem_stanislaw_tabenski_front-1-300x300.png 300w, https:\/\/ida.bs.katowice.pl\/wp-content\/uploads\/2025\/12\/z_powazaniem_stanislaw_tabenski_front-1-150x150.png 150w, https:\/\/ida.bs.katowice.pl\/wp-content\/uploads\/2025\/12\/z_powazaniem_stanislaw_tabenski_front-1-768x769.png 768w, https:\/\/ida.bs.katowice.pl\/wp-content\/uploads\/2025\/12\/z_powazaniem_stanislaw_tabenski_front-1-520x521.png 520w, https:\/\/ida.bs.katowice.pl\/wp-content\/uploads\/2025\/12\/z_powazaniem_stanislaw_tabenski_front-1-740x741.png 740w, https:\/\/ida.bs.katowice.pl\/wp-content\/uploads\/2025\/12\/z_powazaniem_stanislaw_tabenski_front-1.png 800w\" sizes=\"auto, (max-width: 300px) 100vw, 300px\" \/><\/td>\n<td>\n<p class=\"wbg-details-book-title\"><strong>Tytu\u0142:<\/strong><\/p>\n<\/td>\n<td>\n<p class=\"wbg-details-book-title\">Z powa\u017caniem Stanis\u0142aw Tabe\u0144ski \u2013 budowniczy<\/p>\n<\/td>\n<\/tr>\n<tr valign=\"top\">\n<td><b>Wydawca:<\/b><\/td>\n<td>Biblioteka \u015al\u0105ska w Katowicach<\/td>\n<\/tr>\n<tr valign=\"top\">\n<td><b>Rok wydania:<\/b><\/td>\n<td><b><\/b> 2025<\/td>\n<\/tr>\n<tr valign=\"top\">\n<td><b>ISBN:<\/b><\/td>\n<td><b><\/b>978-83-68453-20-1<\/td>\n<\/tr>\n<tr valign=\"top\">\n<td><strong>Dost\u0119pno\u015b\u0107<\/strong><\/td>\n<td><a href=\"https:\/\/wydawnictwo.bs.katowice.pl\/sklep\/z-powazaniem-stanislaw-tabenski-budowniczy\/\" target=\"_blank\" rel=\"noopener\" aria-label=\"Sprawd\u017a dost\u0119pno\u015b\u0107 ksi\u0105\u017cki: Z powa\u017caniem Stanis\u0142aw Tabe\u0144ski \u2013 budowniczy\">Sprawd\u017a na stronie Wydawnictwa B\u015a<\/a><\/td>\n<\/tr>\n<\/tbody>\n<\/table>\n<p>Tematem ksi\u0105\u017cki jest dzia\u0142alno\u015b\u0107 architekta i budowniczego, Stanis\u0142awa Tabe\u0144skiego (1890\u20131977), kt\u00f3ry zaznaczy\u0142 swoj\u0105 obecno\u015b\u0107 w przestrzeni miast g\u00f3rno\u015bl\u0105skich okresu mi\u0119dzywojennego mi\u0119dzy innymi takimi dzie\u0142ami architektury, jak Bank Gospodarstwa Krajowego (ul. Mickiewicza), Dom Towarzystwa O\u015bwiatowego (czyli Biblioteka \u015al\u0105ska przy ul. Francuskiej) w Katowicach czy s\u0142ynny \u201ewie\u017cowiec\u201d Komunalnej Kasy Oszcz\u0119dno\u015bciowej w Chorzowie. Budowle te s\u0105 bez w\u0105tpienia wybitnymi przyk\u0142adami gmach\u00f3w u\u017cyteczno\u015bci publicznej i stanowi\u0105 dzi\u015b obowi\u0105zkowe punkty na \u015bl\u0105skim Szlaku Moderny. Jednak paradoksalnie nazwisko Stanis\u0142awa Tabe\u0144skiego nie zajmuje najwy\u017cszych pozycji na listach znanych architekt\u00f3w tego okresu. Dlatego te\u017c autorzy ksi\u0105\u017cki postanowili pozna\u0107 wszystkie zaprojektowane przez niego obiekty, a przede wszystkim dowiedzie\u0107 si\u0119 wi\u0119cej o nim samym.<\/p>\n<p>Ksi\u0105\u017cka prezentuje spojrzenie na budowniczego Stanis\u0142awa Tabe\u0144skiego i jego dzie\u0142a, bazuj\u0105c na mo\u017cliwie jak najbardziej rzetelnie zebranych materia\u0142ach, przez pryzmat zbudowany z wielu przeplataj\u0105cych si\u0119 w\u0105tk\u00f3w \u2013 krakowskiej edukacji, niezwyk\u0142ej r\u00f3\u017cnorodno\u015bci do\u015bwiadcze\u0144 zawodowych i tw\u00f3rczych, a tak\u017ce bogatego i w znacznym stopniu nieustabilizowanego \u017cycia rodzinnego. Zbudowa\u0142y one posta\u0107 niezwykle z\u0142o\u017con\u0105 i intryguj\u0105c\u0105. R\u00f3wnie intryguj\u0105ca by\u0142a praca nad ksi\u0105\u017ck\u0105. Jak m\u00f3wi\u0105 sami autorzy: \u201episz\u0105c o architekturze, prezentujemy nie tylko portret budynk\u00f3w, ale wzbogacamy go histori\u0105 tw\u00f3rcy, kontekstem miejsca i czasu. Praca jest zarazem badaniem naukowym, jak i \u00bbreporterskim \u015bledztwem\u00ab, przez co staje si\u0119 niezwykle fascynuj\u0105ca\u201d.<\/p>\n<p>W ksi\u0105\u017cce zamieszczono liczne archiwalne dokumenty, fotografie rodzinne i projekty Stanis\u0142awa Tabe\u0144skiego, w wi\u0119kszo\u015bci niepublikowane wcze\u015bniej. Dokumentacja wzbogacona zosta\u0142a wsp\u00f3\u0142czesnymi fotografiami obiekt\u00f3w.<\/p>\n<hr>\n<blockquote><p><em>Dba\u0142o\u015b\u0107 o&nbsp;najmniejszy szczeg\u00f3\u0142 przejawia si\u0119 we&nbsp;wszystkich realizowanych przez niego obiektach. Talent, poczucie smaku i&nbsp;stylu to cechy, kt\u00f3rych nie&nbsp;mo\u017cna si\u0119 nauczy\u0107. Tabe\u0144ski zosta\u0142 nimi obdarzony. Jego nienagann\u0105 elegancj\u0119 i&nbsp;perfekcjonizm wspominaj\u0105 wszyscy, kt\u00f3rzy mieli mo\u017cliwo\u015b\u0107 go pozna\u0107. Dzisiaj mo\u017cemy odnajdywa\u0107 te cechy w&nbsp;tworzonej przez niego architekturze, kt\u00f3rej pi\u0119kno okaza\u0142o si\u0119 ponadczasowe.<\/em><\/p>\n<p align=\"right\"><em>Fragment ksi\u0105\u017cki<\/em><\/p>\n<\/blockquote>\n<hr>\n<p><strong>Wydawca:<\/strong> Biblioteka \u015al\u0105ska w Katowicach<br \/>\n<strong>Recenzenci:<\/strong> prof. zw. dr hab. Ewa Chojecka, dr hab. in\u017c. arch. Tomasz Wagner, prof. P\u015a<br \/>\n<strong>Kwerenda:<\/strong> Magdalena \u017bmudzi\u0144ska-Nowak, Jakub Br\u00f3dka, Oktawia Skakowska<br \/>\n<strong>Fotografie wsp\u00f3\u0142czesne:<\/strong> Dominika \u015aliwi\u0144ska<br \/>\n<strong>Redakcja techniczna, projekt graficzny i sk\u0142ad:<\/strong> Pawe\u0142 Wojciechowski<br \/>\n<strong>Redakcja:<\/strong> Natalia S\u0142omi\u0144ska<br \/>\n<strong>\u00a9 copyright by<\/strong> Biblioteka \u015al\u0105ska, Katowice 2025<br \/>\n<strong>ISBN:<\/strong> 978-83-68453-20-1<\/p>\n<p>&nbsp;<\/p>\n<p>Dofinansowano ze \u015brodk\u00f3w Ministra Kultury i Dziedzictwa Narodowego pochodz\u0105cych z Funduszu Promocji Kultury \u2013 pa\u0144stwowego funduszu celowego.<br \/>\n<img loading=\"lazy\" decoding=\"async\" class=\"alignnone size-medium wp-image-3653\" src=\"https:\/\/ida.bs.katowice.pl\/wp-content\/uploads\/2025\/01\/01_znak_podstawowy_kolor_biale_tlo-1024x288-1-300x84.png\" alt=\"01_znak_podstawowy_kolor_biale_tlo-1024x288\" width=\"300\" height=\"84\" srcset=\"https:\/\/ida.bs.katowice.pl\/wp-content\/uploads\/2025\/01\/01_znak_podstawowy_kolor_biale_tlo-1024x288-1-300x84.png 300w, https:\/\/ida.bs.katowice.pl\/wp-content\/uploads\/2025\/01\/01_znak_podstawowy_kolor_biale_tlo-1024x288-1-768x216.png 768w, https:\/\/ida.bs.katowice.pl\/wp-content\/uploads\/2025\/01\/01_znak_podstawowy_kolor_biale_tlo-1024x288-1-520x146.png 520w, https:\/\/ida.bs.katowice.pl\/wp-content\/uploads\/2025\/01\/01_znak_podstawowy_kolor_biale_tlo-1024x288-1-740x208.png 740w, https:\/\/ida.bs.katowice.pl\/wp-content\/uploads\/2025\/01\/01_znak_podstawowy_kolor_biale_tlo-1024x288-1.png 1024w\" sizes=\"auto, (max-width: 300px) 100vw, 300px\" \/><\/p>\n","protected":false},"excerpt":{"rendered":"<p>Tytu\u0142: Z powa\u017caniem Stanis\u0142aw Tabe\u0144ski \u2013 budowniczy Wydawca: Biblioteka \u015al\u0105ska w Katowicach Rok wydania: 2025 ISBN: 978-83-68453-20-1 Dost\u0119pno\u015b\u0107 Sprawd\u017a na stronie Wydawnictwa B\u015a Tematem ksi\u0105\u017cki jest dzia\u0142alno\u015b\u0107 architekta i budowniczego, Stanis\u0142awa Tabe\u0144skiego (1890\u20131977), kt\u00f3ry zaznaczy\u0142<a class=\"read-more\" href=\"https:\/\/ida.bs.katowice.pl\/index.php\/publikacje\/z-powazaniem-stanislaw-tabenski-budowniczy\/\">Continue reading<\/a><\/p>\n","protected":false},"author":7,"featured_media":0,"parent":1317,"menu_order":0,"comment_status":"closed","ping_status":"closed","template":"page-templates\/page_fullwidth.php","meta":{"advgb_blocks_editor_width":"","advgb_blocks_columns_visual_guide":"","ngg_post_thumbnail":0,"footnotes":""},"class_list":["post-4056","page","type-page","status-publish","hentry"],"coauthors":[],"author_meta":{"author_link":"https:\/\/ida.bs.katowice.pl\/index.php\/author\/peczakm\/","display_name":"Marek P\u0119czak"},"relative_dates":{"created":"Posted 4 miesi\u0105ce ago","modified":"Updated 4 miesi\u0105ce ago"},"absolute_dates":{"created":"Posted on 22 grudnia 2025","modified":"Updated on 22 grudnia 2025"},"absolute_dates_time":{"created":"Posted on 22 grudnia 2025 10:44","modified":"Updated on 22 grudnia 2025 11:00"},"featured_img_caption":"","featured_img":false,"series_order":"","_links":{"self":[{"href":"https:\/\/ida.bs.katowice.pl\/index.php\/wp-json\/wp\/v2\/pages\/4056","targetHints":{"allow":["GET"]}}],"collection":[{"href":"https:\/\/ida.bs.katowice.pl\/index.php\/wp-json\/wp\/v2\/pages"}],"about":[{"href":"https:\/\/ida.bs.katowice.pl\/index.php\/wp-json\/wp\/v2\/types\/page"}],"author":[{"embeddable":true,"href":"https:\/\/ida.bs.katowice.pl\/index.php\/wp-json\/wp\/v2\/users\/7"}],"replies":[{"embeddable":true,"href":"https:\/\/ida.bs.katowice.pl\/index.php\/wp-json\/wp\/v2\/comments?post=4056"}],"version-history":[{"count":4,"href":"https:\/\/ida.bs.katowice.pl\/index.php\/wp-json\/wp\/v2\/pages\/4056\/revisions"}],"predecessor-version":[{"id":4063,"href":"https:\/\/ida.bs.katowice.pl\/index.php\/wp-json\/wp\/v2\/pages\/4056\/revisions\/4063"}],"up":[{"embeddable":true,"href":"https:\/\/ida.bs.katowice.pl\/index.php\/wp-json\/wp\/v2\/pages\/1317"}],"wp:attachment":[{"href":"https:\/\/ida.bs.katowice.pl\/index.php\/wp-json\/wp\/v2\/media?parent=4056"}],"curies":[{"name":"wp","href":"https:\/\/api.w.org\/{rel}","templated":true}]}}