{"id":4016,"date":"2025-09-02T11:23:32","date_gmt":"2025-09-02T09:23:32","guid":{"rendered":"https:\/\/ida.bs.katowice.pl\/?page_id=4016"},"modified":"2026-01-05T10:10:40","modified_gmt":"2026-01-05T09:10:40","slug":"teatr-ziemi-rybnickiej-architektura-i-historia","status":"publish","type":"page","link":"https:\/\/ida.bs.katowice.pl\/index.php\/publikacje\/teatr-ziemi-rybnickiej-architektura-i-historia\/","title":{"rendered":"Teatr Ziemi Rybnickiej. Architektura i historia"},"content":{"rendered":"<table border=\"0\" cellspacing=\"0\" cellpadding=\"5\">\n<tbody>\n<tr valign=\"top\">\n<td rowspan=\"5\"><img decoding=\"async\" class=\"wp-image-1328 aligncenter\" src=\"https:\/\/ida.bs.katowice.pl\/wp-content\/uploads\/2025\/09\/teatr_ziemi_rybnickiej_front.png\" alt=\"Ok\u0142adka. Teatr Ziemi Rybnickiej\" width=\"300\"><\/td>\n<td>\n<p class=\"wbg-details-book-title\"><strong>Tytu\u0142:<\/strong><\/p>\n<\/td>\n<td>\n<p class=\"wbg-details-book-title\">Teatr Ziemi Rybnickiej. Architektura i historia<\/p>\n<\/td>\n<\/tr>\n<tr valign=\"top\">\n<td><b>Wydawca:<\/b><\/td>\n<td>Biblioteka \u015al\u0105ska w Katowicach<\/td>\n<\/tr>\n<tr valign=\"top\">\n<td><b>Rok wydania:<\/b><\/td>\n<td>2024<\/td>\n<\/tr>\n<tr valign=\"top\">\n<td><b>ISBN:<\/b><\/td>\n<td>978-83-67152-84-6<\/td>\n<\/tr>\n<tr valign=\"top\">\n<td><strong>Dost\u0119pno\u015b\u0107<\/strong><\/td>\n<td><a href=\"https:\/\/wydawnictwo.bs.katowice.pl\/sklep\/teatr-ziemi-rybnickiej-architektura-i-historia\/\" target=\"_blank\" rel=\"noopener\" aria-label=\"Sprawd\u017a dost\u0119pno\u015b\u0107 ksi\u0105\u017cki: D\u0119bowiec. Ma\u0142e centrum \u015bwiata \u015al\u0105ska Cieszy\u0144skiego na stronie wydawnictwa\">Sprawd\u017a na stronie Wydawnictwa B\u015a<\/a><\/td>\n<\/tr>\n<\/tbody>\n<\/table>\n<p align=\"justify\">&nbsp;<\/p>\n<p style=\"text-align: left;\" align=\"justify\">\u201eTeatr Ziemi Rybnickiej. Architektura i historia\u201d, opracowanie zbiorowe Instytutu Dokumentacji Architektury Biblioteki \u015al\u0105skiej, pod redakcj\u0105 naukow\u0105 prof. dr hab. in\u017c. arch. Magdaleny \u017bmudzi\u0144skiej\u2011Nowak, to pierwsza tak szczeg\u00f3\u0142owa dokumentalno\u2011naukowa podr\u00f3\u017c przez sze\u015b\u0107 dekad \u017cycia architektonicznego i kulturowego jednej z najwa\u017cniejszych instytucji regionu. Publikacja nie poprzestaje na chwale przesz\u0142o\u015bci \u2013 analizuje genez\u0119 projektu, kolejne etapy realizacji (lata 1958\u20131964), p\u00f3\u017aniejsz\u0105 modernizacj\u0119 z 2006 roku a\u017c po wsp\u00f3\u0142czesno\u015b\u0107, gdy teatr wpisano do rejestru zabytk\u00f3w w 2023 roku. To rzecz o architekturze, kt\u00f3ra zachowuje wielowymiarow\u0105 r\u00f3wnowag\u0119 \u2013 pomi\u0119dzy monumentalno\u015bci\u0105 teatralnej bry\u0142y a jej funkcjonalnym osadzeniem w miejskiej przestrzeni.<\/p>\n<p>Monografia ukazuje Teatr Ziemi Rybnickiej jako wyj\u0105tkowy przyk\u0142ad powojennego modernizmu, inspirowanego duchem francuskiej awangardy \u2013 od asymetrycznej sali widowiskowej po otwarte przej\u015bcia, zielone kaskady schod\u00f3w i geometryczne detale elewacji. Zesp\u00f3\u0142 Instytutu Dokumentacji Architektury analizuje zar\u00f3wno architekt\u00f3w \u201eZielone Konie\u201d (Gottfried, Buszko, Franta), jak i nierzeczywiste projekty, kt\u00f3re towarzyszy\u0142y rodzeniu si\u0119 teatru. Ma tak\u017ce walor pami\u0119ciowy \u2013 przywo\u0142uje g\u0142osy architekt\u00f3w, urz\u0119dnik\u00f3w i mieszka\u0144c\u00f3w, kt\u00f3rzy nadali miejscu form\u0119 i sens. Dzi\u0119ki bogactwu zdj\u0119\u0107 archiwalnych i plan\u00f3w czytelnik poznaje nie tylko techniczne aspekty realizacji, takie jak zmagania z problemami materia\u0142owymi i finansowymi, ale tak\u017ce kontekst spo\u0142eczny \u2013 determinacj\u0119 lokalnej spo\u0142eczno\u015bci, kt\u00f3ra przyczyni\u0142a si\u0119 do powstania teatru. Ksi\u0105\u017cka opowiada o budynku jako \u201ewehikule czasu\u201d, no\u015bniku pami\u0119ci kulturalnej Rybnika, gdzie od 1964 roku odbywaj\u0105 si\u0119 Rybnickie Dni Literatury, a tak\u017ce koncerty Silesian Jazz Meeting.<\/p>\n<p align=\"justify\"><strong>Redakcja naukowa:<\/strong>&nbsp; prof. dr hab. in\u017c. arch.&nbsp; Magdalena \u017bmudzi\u0144ska-Nowak<br \/>\n<strong>Kwerenda i tekst:<\/strong> dr in\u017c. arch. Jacek Kami\u0144ski<br \/>\n<strong>Fotografie wsp\u00f3\u0142czesne, opracowanie graficzne archiwali\u00f3w:<\/strong> Dominika \u015aliwi\u0144ska<strong><br \/>\nSchematy Graficzne:<\/strong> mgr in\u017c. arch. Julia Wild<strong><br \/>\nKonserwacja dokumentacji projektowej: <\/strong>dr Agnieszka Bia\u0142y<strong>, <\/strong>Ma\u0142gorzata Wadowska (Dzia\u0142 Ochrony, Konserwacji i Archiwizacji Zbior\u00f3w Biblioteki \u015al\u0105skiej)<strong><br \/>\nRedakcja j\u0119zykowa: <\/strong>Natalia S\u0142omi\u0144ksa<strong><br \/>\nRedakcja techniczna, sk\u0142ad, \u0142amanie: <\/strong>Grzegorz Bociek<strong><br \/>\nT\u0142umaczenie na j\u0119zyk angielski: <\/strong>Vincent i Bogumi\u0142a Zdzitowieccy<strong><br \/>\nStreszczenie w j\u0119zyku \u015bl\u0105skim: <\/strong>dr in\u017c. arch. Jacek Kami\u0144ski<br \/>\n<strong>Druk i oprawa: <\/strong>PracowniaKsiazki.pl<br \/>\n<strong>Wydawca:<\/strong> Biblioteka \u015al\u0105ska w Katowicach, Plac Rady Europy 1, 40-021 Katowice<br \/>\n\u00a9 Copyright by Biblioteka \u015al\u0105ska, Katowice 2024<br \/>\nISBN: 978-83-67152-84-6<\/p>\n","protected":false},"excerpt":{"rendered":"<p>Tytu\u0142: Teatr Ziemi Rybnickiej. Architektura i historia Wydawca: Biblioteka \u015al\u0105ska w Katowicach Rok wydania: 2024 ISBN: 978-83-67152-84-6 Dost\u0119pno\u015b\u0107 Sprawd\u017a na stronie Wydawnictwa B\u015a &nbsp; \u201eTeatr Ziemi Rybnickiej. Architektura i historia\u201d, opracowanie zbiorowe Instytutu Dokumentacji Architektury<a class=\"read-more\" href=\"https:\/\/ida.bs.katowice.pl\/index.php\/publikacje\/teatr-ziemi-rybnickiej-architektura-i-historia\/\">Continue reading<\/a><\/p>\n","protected":false},"author":7,"featured_media":0,"parent":1317,"menu_order":0,"comment_status":"closed","ping_status":"closed","template":"page-templates\/page_fullwidth.php","meta":{"advgb_blocks_editor_width":"","advgb_blocks_columns_visual_guide":"","ngg_post_thumbnail":0,"footnotes":""},"class_list":["post-4016","page","type-page","status-publish","hentry"],"coauthors":[],"author_meta":{"author_link":"https:\/\/ida.bs.katowice.pl\/index.php\/author\/peczakm\/","display_name":"Marek P\u0119czak"},"relative_dates":{"created":"Posted 8 miesi\u0119cy ago","modified":"Updated 3 miesi\u0105ce ago"},"absolute_dates":{"created":"Posted on 2 wrze\u015bnia 2025","modified":"Updated on 5 stycznia 2026"},"absolute_dates_time":{"created":"Posted on 2 wrze\u015bnia 2025 11:23","modified":"Updated on 5 stycznia 2026 10:10"},"featured_img_caption":"","featured_img":false,"series_order":"","_links":{"self":[{"href":"https:\/\/ida.bs.katowice.pl\/index.php\/wp-json\/wp\/v2\/pages\/4016","targetHints":{"allow":["GET"]}}],"collection":[{"href":"https:\/\/ida.bs.katowice.pl\/index.php\/wp-json\/wp\/v2\/pages"}],"about":[{"href":"https:\/\/ida.bs.katowice.pl\/index.php\/wp-json\/wp\/v2\/types\/page"}],"author":[{"embeddable":true,"href":"https:\/\/ida.bs.katowice.pl\/index.php\/wp-json\/wp\/v2\/users\/7"}],"replies":[{"embeddable":true,"href":"https:\/\/ida.bs.katowice.pl\/index.php\/wp-json\/wp\/v2\/comments?post=4016"}],"version-history":[{"count":4,"href":"https:\/\/ida.bs.katowice.pl\/index.php\/wp-json\/wp\/v2\/pages\/4016\/revisions"}],"predecessor-version":[{"id":4073,"href":"https:\/\/ida.bs.katowice.pl\/index.php\/wp-json\/wp\/v2\/pages\/4016\/revisions\/4073"}],"up":[{"embeddable":true,"href":"https:\/\/ida.bs.katowice.pl\/index.php\/wp-json\/wp\/v2\/pages\/1317"}],"wp:attachment":[{"href":"https:\/\/ida.bs.katowice.pl\/index.php\/wp-json\/wp\/v2\/media?parent=4016"}],"curies":[{"name":"wp","href":"https:\/\/api.w.org\/{rel}","templated":true}]}}