{"id":3943,"date":"2025-06-11T14:43:12","date_gmt":"2025-06-11T12:43:12","guid":{"rendered":"https:\/\/ida.bs.katowice.pl\/?page_id=3943"},"modified":"2025-07-02T14:11:30","modified_gmt":"2025-07-02T12:11:30","slug":"stanislaw-kwasniewicz-architect","status":"publish","type":"page","link":"https:\/\/ida.bs.katowice.pl\/index.php\/en\/publications\/stanislaw-kwasniewicz-architect\/","title":{"rendered":"Stanis\u0142aw Kwa\u015bniewicz. Architect"},"content":{"rendered":"<p>&nbsp;<\/p>\n<table border=\"0\" cellspacing=\"0\" cellpadding=\"5\">\n<tbody>\n<tr valign=\"top\">\n<td rowspan=\"5\"><img loading=\"lazy\" decoding=\"async\" class=\"wp-image-1328 aligncenter\" src=\"https:\/\/ida.bs.katowice.pl\/wp-content\/uploads\/2023\/05\/okladka.jpg\" alt=\"Cover: Stanis\u0142aw Kwa\u015bniewicz\" width=\"300\" height=\"300\"><\/td>\n<td>\n<p class=\"wbg-details-book-title\"><strong>Title:<\/strong><\/p>\n<\/td>\n<td>\n<p class=\"wbg-details-book-title\">Stanis\u0142aw Kwa\u015bniewicz. Architekt<br \/>\n(Stanis\u0142aw Kwa\u015bniewicz. Architect)<\/p>\n<\/td>\n<\/tr>\n<tr valign=\"top\">\n<td><strong>Publisher:<\/strong><\/td>\n<td>Biblioteka \u015al\u0105ska w Katowicach<br \/>\n(Silesian Library in Katowice)<\/td>\n<\/tr>\n<tr valign=\"top\">\n<td><strong>Year of Publication:<\/strong><\/td>\n<td>2023<\/td>\n<\/tr>\n<tr valign=\"top\">\n<td><strong>ISBN:<\/strong><\/td>\n<td>978-83-67152-24-2<\/td>\n<\/tr>\n<tr valign=\"top\">\n<td><strong>Language:<\/strong><\/td>\n<td>Polish<\/td>\n<\/tr>\n<\/tbody>\n<\/table>\n<p align=\"justify\">This volume explores one of the most important late-Modernist architects active in Upper Silesia: Stanis\u0142aw Kwa\u015bniewicz. His creative legacy comprises a vast number of projects of varying functions and complexity\u2014from iconic public buildings such as the Katowice Separator, Kosmos Cinema, the Silesian Scientific Institute, and the Silesian Library, to educational, residential, and sacred structures. Regardless of scale, Kwa\u015bniewicz\u2019s exceptional design mastery is evident in his attention to both the overall composition and its smallest details.<\/p>\n<p align=\"justify\">This monograph is unique in that it presents, for the first time, a comprehensive catalogue of all of Stanis\u0142aw Kwa\u015bniewicz\u2019s works and realizations. The author\u2014architect Ma\u0142gorzata Malanowicz\u2014worked closely with Kwa\u015bniewicz for many years at the Katowice Miastoprojekt office, lending her study a deeply personal perspective. She skillfully constructs the portrait of the architect and the man, revealing a complete figure\u2014his professional endeavors, involvement in creative associations, personal life, and interests, among which architecture always took first place as both his profession and his passion.<\/p>\n<p><strong>Reviewers:<\/strong> Dr. hab. Eng. Arch. Miros\u0142aw Bogdan, Prof. of Opole University of Technology;<br \/>\nDr. hab. Eng. Arch. Tomasz Wagner, Prof. of Silesian University of Technology<br \/>\n<strong>Scientific Editor:<\/strong> Prof. Dr. hab. Eng. Arch. Magdalena \u017bmudzi\u0144ska-Nowak<br \/>\n<strong>Language Editor:<\/strong> Sara Nowicka<br \/>\n<strong>Technical Editing &amp; Typesetting:<\/strong> Grzegorz Bociek<br \/>\n<strong>Proofreading:<\/strong> Marta Furmanik<br \/>\n<strong>Research Assistance:<\/strong> Przemys\u0142aw Czernek, Ma\u0142gorzata Malanowicz<br \/>\n<strong>Illustrations:<\/strong> Jakub Br\u00f3dka, Ma\u0142gorzata Malanowicz<br \/>\n<strong>Archival Drawing Graphic Processing:<\/strong> Ma\u0142gorzata Malanowicz &amp; Marek P\u0119czak<br \/>\n<strong>Publisher:<\/strong> Silesian Library in Katowice<br \/>\n<strong>\u00a9 Silesian Library, Katowice 2023<\/strong><br \/>\n<strong>ISBN:<\/strong> 978-83-67152-24-2<\/p>\n","protected":false},"excerpt":{"rendered":"<p>&nbsp; Title: Stanis\u0142aw Kwa\u015bniewicz. Architekt (Stanis\u0142aw Kwa\u015bniewicz. Architect) Publisher: Biblioteka \u015al\u0105ska w Katowicach (Silesian Library in Katowice) Year of Publication: 2023 ISBN: 978-83-67152-24-2 Language: Polish This volume explores one of the most important late-Modernist architects<a class=\"read-more\" href=\"https:\/\/ida.bs.katowice.pl\/index.php\/en\/publications\/stanislaw-kwasniewicz-architect\/\">Continue reading<\/a><\/p>\n","protected":false},"author":7,"featured_media":0,"parent":1581,"menu_order":0,"comment_status":"closed","ping_status":"closed","template":"page-templates\/page_fullwidth.php","meta":{"advgb_blocks_editor_width":"","advgb_blocks_columns_visual_guide":"","ngg_post_thumbnail":0,"footnotes":""},"class_list":["post-3943","page","type-page","status-publish","hentry"],"coauthors":[],"author_meta":{"author_link":"https:\/\/ida.bs.katowice.pl\/index.php\/author\/peczakm\/","display_name":"Marek P\u0119czak"},"relative_dates":{"created":"Posted 10 miesi\u0119cy ago","modified":"Updated 10 miesi\u0119cy ago"},"absolute_dates":{"created":"Posted on 11 czerwca 2025","modified":"Updated on 2 lipca 2025"},"absolute_dates_time":{"created":"Posted on 11 czerwca 2025 14:43","modified":"Updated on 2 lipca 2025 14:11"},"featured_img_caption":"","featured_img":false,"series_order":"","_links":{"self":[{"href":"https:\/\/ida.bs.katowice.pl\/index.php\/wp-json\/wp\/v2\/pages\/3943","targetHints":{"allow":["GET"]}}],"collection":[{"href":"https:\/\/ida.bs.katowice.pl\/index.php\/wp-json\/wp\/v2\/pages"}],"about":[{"href":"https:\/\/ida.bs.katowice.pl\/index.php\/wp-json\/wp\/v2\/types\/page"}],"author":[{"embeddable":true,"href":"https:\/\/ida.bs.katowice.pl\/index.php\/wp-json\/wp\/v2\/users\/7"}],"replies":[{"embeddable":true,"href":"https:\/\/ida.bs.katowice.pl\/index.php\/wp-json\/wp\/v2\/comments?post=3943"}],"version-history":[{"count":4,"href":"https:\/\/ida.bs.katowice.pl\/index.php\/wp-json\/wp\/v2\/pages\/3943\/revisions"}],"predecessor-version":[{"id":3975,"href":"https:\/\/ida.bs.katowice.pl\/index.php\/wp-json\/wp\/v2\/pages\/3943\/revisions\/3975"}],"up":[{"embeddable":true,"href":"https:\/\/ida.bs.katowice.pl\/index.php\/wp-json\/wp\/v2\/pages\/1581"}],"wp:attachment":[{"href":"https:\/\/ida.bs.katowice.pl\/index.php\/wp-json\/wp\/v2\/media?parent=3943"}],"curies":[{"name":"wp","href":"https:\/\/api.w.org\/{rel}","templated":true}]}}