{"id":3941,"date":"2025-06-11T13:49:42","date_gmt":"2025-06-11T11:49:42","guid":{"rendered":"https:\/\/ida.bs.katowice.pl\/?page_id=3941"},"modified":"2025-07-02T12:28:17","modified_gmt":"2025-07-02T10:28:17","slug":"tadeusz-barucki-architect-traveler-researcher","status":"publish","type":"page","link":"https:\/\/ida.bs.katowice.pl\/index.php\/en\/publications\/tadeusz-barucki-architect-traveler-researcher\/","title":{"rendered":"Tadeusz Barucki Architect\u2013Traveler\u2013Researcher"},"content":{"rendered":"<p>&nbsp;<\/p>\n<table border=\"0\" cellspacing=\"0\" cellpadding=\"5\">\n<tbody>\n<tr valign=\"top\">\n<td rowspan=\"5\"><img loading=\"lazy\" decoding=\"async\" class=\"wp-image-1328 aligncenter\" src=\"https:\/\/ida.bs.katowice.pl\/wp-content\/uploads\/2022\/07\/009-A.-TB-\u2013-okladka-ksiazki.png\" alt=\"Cover: Tadeusz Barucki\" width=\"300\" height=\"300\"><\/td>\n<td>\n<p class=\"wbg-details-book-title\"><strong>Title:<\/strong><\/p>\n<\/td>\n<td>\n<p class=\"wbg-details-book-title\">Tadeusz Barucki. Architekt-podr\u00f3\u017cnik-badacz<br \/>\n(Tadeusz Barucki Architect-Traveler-Researcher)<\/p>\n<\/td>\n<\/tr>\n<tr valign=\"top\">\n<td><strong>Publisher:<\/strong><\/td>\n<td>Biblioteka \u015al\u0105ska w Katowicach<br \/>\n(Silesian Library in Katowice)<\/td>\n<\/tr>\n<tr valign=\"top\">\n<td><strong>Year of Publication:<\/strong><\/td>\n<td>2022<\/td>\n<\/tr>\n<tr valign=\"top\">\n<td><strong>ISBN:<\/strong><\/td>\n<td>978-83-67152-05-1<\/td>\n<\/tr>\n<tr valign=\"top\">\n<td><strong>Language:<\/strong><\/td>\n<td>Polish<\/td>\n<\/tr>\n<\/tbody>\n<\/table>\n<p align=\"justify\">Tadeusz Barucki (b. 1922) was an architect, traveler, and researcher driven by an insatiable curiosity for the world of architecture and a passion for documenting it. His books, articles, and lectures have created a unique repository of knowledge. At a time when travel was a privilege afforded to only a few\u2014both in Poland and across the Eastern Bloc\u2014Barucki\u2019s accounts offered the sole window to unfamiliar worlds. For students and architects on every continent, his work became the most reliable source of information about Poland and Central Europe.<\/p>\n<p align=\"justify\">He visited, studied, and photographed the world\u2019s most magnificent structures\u2014both ancient and modern. In meetings and conversations with the greatest architects of his time, Polish and international alike, he explored the very definition of architecture. He amassed hundreds of interviews and manuscripts, creating a distinctive compendium of contemporary architecture destined to inspire generations to come.<\/p>\n<p align=\"justify\">This book is an attempt to showcase the vast accomplishments of Tadeusz Barucki and serves as a gift to the centenary celebrant on the occasion of his 100th birthday.<\/p>\n<p><strong>Publisher:<\/strong> Biblioteka \u015al\u0105ska w Katowicach (Silesian Library in Katowice)<br \/>\n<strong>Scholarly Consultants:<\/strong> Edyta Barucka, Tadeusz Barucki<br \/>\n<strong>Book Design &amp; Layout:<\/strong> Julia Gi\u017cewska<br \/>\n<strong>Technical Editing &amp; Typesetting:<\/strong> Grzegorz Bociek<br \/>\n<strong>Language Editing &amp; Proofreading:<\/strong> Marek Szulc, Natalia Klimczyk<br \/>\n<strong>Abstract Translation:<\/strong> Edyta Barucka<br \/>\n<strong>Translation Editing:<\/strong> Krzysztof Z. Cieszkowski<br \/>\n<strong>\u00a9 Silesian Library, Katowice 2022<\/strong><br \/>\n<strong>ISBN:<\/strong> 978-83-67152-05-1<\/p>\n","protected":false},"excerpt":{"rendered":"<p>&nbsp; Title: Tadeusz Barucki. Architekt-podr\u00f3\u017cnik-badacz (Tadeusz Barucki Architect-Traveler-Researcher) Publisher: Biblioteka \u015al\u0105ska w Katowicach (Silesian Library in Katowice) Year of Publication: 2022 ISBN: 978-83-67152-05-1 Language: Polish Tadeusz Barucki (b. 1922) was an architect, traveler, and researcher<a class=\"read-more\" href=\"https:\/\/ida.bs.katowice.pl\/index.php\/en\/publications\/tadeusz-barucki-architect-traveler-researcher\/\">Continue reading<\/a><\/p>\n","protected":false},"author":7,"featured_media":0,"parent":1581,"menu_order":0,"comment_status":"closed","ping_status":"closed","template":"page-templates\/page_fullwidth.php","meta":{"advgb_blocks_editor_width":"","advgb_blocks_columns_visual_guide":"","ngg_post_thumbnail":0,"footnotes":""},"class_list":["post-3941","page","type-page","status-publish","hentry"],"coauthors":[],"author_meta":{"author_link":"https:\/\/ida.bs.katowice.pl\/index.php\/author\/peczakm\/","display_name":"Marek P\u0119czak"},"relative_dates":{"created":"Posted 10 miesi\u0119cy ago","modified":"Updated 10 miesi\u0119cy ago"},"absolute_dates":{"created":"Posted on 11 czerwca 2025","modified":"Updated on 2 lipca 2025"},"absolute_dates_time":{"created":"Posted on 11 czerwca 2025 13:49","modified":"Updated on 2 lipca 2025 12:28"},"featured_img_caption":"","featured_img":false,"series_order":"","_links":{"self":[{"href":"https:\/\/ida.bs.katowice.pl\/index.php\/wp-json\/wp\/v2\/pages\/3941","targetHints":{"allow":["GET"]}}],"collection":[{"href":"https:\/\/ida.bs.katowice.pl\/index.php\/wp-json\/wp\/v2\/pages"}],"about":[{"href":"https:\/\/ida.bs.katowice.pl\/index.php\/wp-json\/wp\/v2\/types\/page"}],"author":[{"embeddable":true,"href":"https:\/\/ida.bs.katowice.pl\/index.php\/wp-json\/wp\/v2\/users\/7"}],"replies":[{"embeddable":true,"href":"https:\/\/ida.bs.katowice.pl\/index.php\/wp-json\/wp\/v2\/comments?post=3941"}],"version-history":[{"count":7,"href":"https:\/\/ida.bs.katowice.pl\/index.php\/wp-json\/wp\/v2\/pages\/3941\/revisions"}],"predecessor-version":[{"id":3966,"href":"https:\/\/ida.bs.katowice.pl\/index.php\/wp-json\/wp\/v2\/pages\/3941\/revisions\/3966"}],"up":[{"embeddable":true,"href":"https:\/\/ida.bs.katowice.pl\/index.php\/wp-json\/wp\/v2\/pages\/1581"}],"wp:attachment":[{"href":"https:\/\/ida.bs.katowice.pl\/index.php\/wp-json\/wp\/v2\/media?parent=3941"}],"curies":[{"name":"wp","href":"https:\/\/api.w.org\/{rel}","templated":true}]}}