{"id":3789,"date":"2025-03-04T14:18:11","date_gmt":"2025-03-04T13:18:11","guid":{"rendered":"https:\/\/ida.bs.katowice.pl\/?page_id=3789"},"modified":"2026-03-31T12:25:09","modified_gmt":"2026-03-31T10:25:09","slug":"deklaracja-dostepnosci","status":"publish","type":"page","link":"https:\/\/ida.bs.katowice.pl\/index.php\/deklaracja-dostepnosci\/","title":{"rendered":"Deklaracja dost\u0119pno\u015bci"},"content":{"rendered":"<h1 id=\"deklaracja-dost\u0119pno\u015bci\">Deklaracja dost\u0119pno\u015bci<\/h1>\n<section id=\"a11y-wstep\"><span id=\"a11y-podmiot\">Biblioteka \u015al\u0105ska<\/span> zobowi\u0105zuje si\u0119 zapewni\u0107 dost\u0119pno\u015b\u0107 swojej<br \/>\n<span id=\"a11y-zakres\">strony internetowej<\/span> zgodnie z ustaw\u0105 z dnia 4 kwietnia 2019 r. o dost\u0119pno\u015bci cyfrowej stron internetowych i aplikacji mobilnych podmiot\u00f3w publicznych. Deklaracja dost\u0119pno\u015bci dotyczy strony<br \/>\n<a id=\"a11y-url\" href=\"https:\/\/ida.bs.katowice.pl\" target=\"_blank\" rel=\"noopener\">https:\/\/ida.bs.katowice.pl<\/a>.<\/section>\n<section>\n<ul>\n<li>Data publikacji strony internetowej:<br \/>\n<time id=\"a11y-data-publikacja\" datetime=\"2019-03-06\">6 marca 2019 r.<\/time><\/li>\n<li>Data ostatniej istotnej aktualizacji:<br \/>\n<time id=\"a11y-data-aktualizacja\" datetime=\"2025-03-17\">17 marca 2025 r.<\/time><\/li>\n<\/ul>\n<\/section>\n<section>\n<h2 id=\"stan-dost\u0119pno\u015bci-cyfrowej\">Stan dost\u0119pno\u015bci cyfrowej<\/h2>\n<p id=\"a11y-status\">Ta strona internetowa jest cz\u0119\u015bciowo zgodna z za\u0142\u0105cznikiem do ustawy o dost\u0119pno\u015bci cyfrowej z dnia 4 kwietnia 2019 r. o dost\u0119pno\u015bci cyfrowej stron internetowych i aplikacji mobilnych podmiot\u00f3w publicznych z powodu [niezgodno\u015bci i wy\u0142\u0105cze\u0144] wymienionych poni\u017cej.<\/p>\n<\/section>\n<section>\n<h2 id=\"niedost\u0119pne-tre\u015bci\">Niedost\u0119pne tre\u015bci<\/h2>\n<section>\n<h3 id=\"niezgodno\u015b\u0107-z-za\u0142\u0105cznikiem\">Niezgodno\u015b\u0107 z za\u0142\u0105cznikiem<\/h3>\n<ul>\n<li>Niekt\u00f3re obrazy mog\u0105 nie mie\u0107 poprawnych opis\u00f3w alternatywnych.<\/li>\n<li>Filmy nie zawsze posiadaj\u0105 napisy lub audiodeskrypcj\u0119.<\/li>\n<li>Niekt\u00f3re przyciski nie ostrzegaj\u0105 przed otwarciem nowego okna\/zak\u0142adki w przegl\u0105darce<\/li>\n<li>Cz\u0119\u015b\u0107 informacji przekazywana jest jedynie poprzez u\u017cycie pozycji lub formy<\/li>\n<li>Cz\u0119\u015b\u0107 dokument\u00f3w PDF mo\u017ce nie by\u0107 dost\u0119pna dla czytnik\u00f3w ekranu.<\/li>\n<\/ul>\n<\/section>\n<\/section>\n<section>\n<h2 id=\"\">Przygotowanie deklaracji dost\u0119pno\u015bci<\/h2>\n<ul>\n<li>Data sporz\u0105dzenia deklaracji:<br \/>\n<time id=\"a11y-data-sporzadzenie\" datetime=\"2020-12-01\">13 lutego 2025 r.<\/time><\/li>\n<li>Data ostatniego przegl\u0105du deklaracji:<br \/>\n<time id=\"a11y-data-przeglad\" datetime=\"2026-03-16\">16 marca 2026 r.<\/time><\/li>\n<\/ul>\n<p>Deklaracj\u0119 sporz\u0105dzili\u015bmy na podstawie samooceny w oparciu o<br \/>\n<a href=\"https:\/\/www.gov.pl\/attachment\/1a3e2bb5-6d60-4897-ac2f-07a8e91e70ed\">List\u0119 kontroln\u0105 do badania dost\u0119pno\u015bci cyfrowej strony internetowej v. 2.2 (DOCX, 0,12MB)<\/a>.<\/p>\n<\/section>\n<section>\n<h2 id=\"informacje-zwrotne-i-dane-kont\">Informacje zwrotne i dane kontaktowe<\/h2>\n<p>Wszystkie problemy z dost\u0119pno\u015bci\u0105 cyfrow\u0105 tej strony internetowej mo\u017cesz zg\u0142osi\u0107 do<br \/>\n<span id=\"a11y-kontakt\">Dzia\u0142u Informatycznego<\/span> na adres poczty elektronicznej<br \/>\n<a id=\"a11y-email\" href=\"mailto:informatyczny@bs.katowice.pl\">informatyczny@bs.katowice.pl<\/a> lub telefonicznie<br \/>\n<a id=\"a11y-telefon\" href=\"tel:+48322083771\">+48 32 208 37 71<\/a>.<\/p>\n<p>Ka\u017cdy ma prawo wyst\u0105pi\u0107 z \u017c\u0105daniem zapewnienia dost\u0119pno\u015bci cyfrowej tej strony internetowej lub jej element\u00f3w.<\/p>\n<p>Zg\u0142aszaj\u0105c takie \u017c\u0105danie podaj:<\/p>\n<ul>\n<li>swoje imi\u0119 i nazwisko,<\/li>\n<li>swoje dane kontaktowe (np. numer telefonu, e-mail),<\/li>\n<li>dok\u0142adny adres strony internetowej, na kt\u00f3rej jest niedost\u0119pny cyfrowo element lub tre\u015b\u0107,<\/li>\n<li>opis na czym polega problem i jaki spos\u00f3b jego rozwi\u0105zania by\u0142by dla Ciebie najwygodniejszy.<\/li>\n<\/ul>\n<p>Na Twoje zg\u0142oszenie odpowiemy najszybciej jak to mo\u017cliwe, nie p\u00f3\u017aniej ni\u017c w ci\u0105gu 7 dni od jego otrzymania.<\/p>\n<p>Je\u017celi ten termin b\u0119dzie dla nas zbyt kr\u00f3tki poinformujemy Ci\u0119 o tym. W tej informacji podamy nowy termin, do kt\u00f3rego poprawimy zg\u0142oszone przez Ciebie b\u0142\u0119dy lub przygotujemy informacje w alternatywny spos\u00f3b. Ten nowy termin nie b\u0119dzie d\u0142u\u017cszy ni\u017c 2 miesi\u0105ce.<\/p>\n<p>Je\u017celi nie b\u0119dziemy w stanie zapewni\u0107 dost\u0119pno\u015bci cyfrowej strony internetowej lub tre\u015bci, wskazanej w Twoim \u017c\u0105daniu, zaproponujemy Ci dost\u0119p do nich w alternatywny spos\u00f3b.<\/p>\n<\/section>\n<section id=\"a11y-procedura\">\n<h2 id=\"obs\u0142uga-wniosk\u00f3w-i-skarg-zwi\">Obs\u0142uga wniosk\u00f3w i skarg zwi\u0105zanych z dost\u0119pno\u015bci\u0105<\/h2>\n<p>Je\u017celi w odpowiedzi na Tw\u00f3j wniosek o zapewnienie dost\u0119pno\u015bci cyfrowej, odm\u00f3wimy zapewnienia \u017c\u0105danej przez Ciebie dost\u0119pno\u015bci cyfrowej, a Ty nie b\u0119dziesz zgadza\u0142 si\u0119 z t\u0105 odmow\u0105, masz prawo z\u0142o\u017cy\u0107 skarg\u0119.<\/p>\n<p>Skarg\u0119 masz prawo z\u0142o\u017cy\u0107 tak\u017ce, je\u015bli nie zgadzasz si\u0119 na skorzystanie z alternatywnego sposobu dost\u0119pu, kt\u00f3ry zaproponowali\u015bmy Ci w odpowiedzi na Tw\u00f3j wniosek o zapewnienie dost\u0119pno\u015bci cyfrowej.<\/p>\n<p>Ewentualn\u0105 skarg\u0119 z\u0142\u00f3\u017c listownie lub na adres poczty elektronicznej do kierownictwa naszej instytucji:<\/p>\n<ul>\n<li><span id=\"a11y-procedura-kierownik\">Dyrektor Biblioteki \u015al\u0105skiej w Katowicach<\/span><\/li>\n<li>Adres:<br \/>\n<span id=\"a11y-procedura-adres\">Plac Rady Europy 1, 40-021 Katowice<\/span><\/li>\n<li>Adres poczty elektronicznej:<br \/>\n<a id=\"a11y-procedura-email\" href=\"mailto:sekretariat@bs.katowice.pl\">sekretariat@bs.katowice.pl<\/a><\/li>\n<\/ul>\n<p>Pomocne mog\u0105 by\u0107 informacje, kt\u00f3re mo\u017cna znale\u017a\u0107 na <a href=\"https:\/\/www.gov.pl\/web\/gov\/zloz-wniosek-o-zapewnienie-dostepnosci-cyfrowej-strony-internetowej-lub-aplikacji-mobilnej\"> rz\u0105dowym portalu gov.pl &#8211; strona internetowa<\/a>.<\/p>\n<p>Mo\u017cesz tak\u017ce poinformowa\u0107 o tej sytuacji<br \/>\n<a href=\"https:\/\/bip.brpo.gov.pl\/\">Rzecznika Praw Obywatelskich &#8211; strona internetowa<\/a> i poprosi\u0107 o interwencj\u0119 w Twojej sprawie.<\/p>\n<\/section>\n<section>\n<h2 id=\"pozosta\u0142e-informacje\">Pozosta\u0142e informacje<\/h2>\n<section id=\"a11y-architektura\">\n<h3 id=\"dost\u0119pno\u015b\u0107-architektoniczna\">Dost\u0119pno\u015b\u0107 architektoniczna<\/h3>\n<section>\n<h4 id=\"budynek-biblioteki-\u015al\u0105skiej-\">Budynek Biblioteki \u015al\u0105skiej (siedziba) \u2013 Plac Rady Europy 1, 40-021 Katowice<\/h4>\n<p>G\u0142\u00f3wne wej\u015bcie do&nbsp;budynku wyposa\u017cone jest w&nbsp;podjazdy dla os\u00f3b poruszaj\u0105cych si\u0119 na&nbsp;w\u00f3zkach, wewn\u0105trz \u2013 wind\u0119 umo\u017cliwiaj\u0105c\u0105 przemieszczanie si\u0119 do&nbsp;czytelni oraz&nbsp;7 toalet dla os\u00f3b niepe\u0142nosprawnych.<\/p>\n<p>W&nbsp;holu znajduje si\u0119 wizualna informacja o&nbsp;rozk\u0142adzie pomieszcze\u0144 w&nbsp;budynku.<\/p>\n<p>Do&nbsp;budynku mo\u017cna wej\u015b\u0107 z&nbsp;psem asystuj\u0105cym i&nbsp;psem przewodnikiem.<\/p>\n<p>W budynku zainstalowane zosta\u0142y p\u0119tle indukcyjne \u2013 w Wypo\u017cyczalni i w czytelniach. Najwi\u0119ksza p\u0119tla indukcyjna zosta\u0142a zainstalowana w sali Parnassos, w kt\u00f3rej odbywaj\u0105 si\u0119 r\u00f3\u017cnego rodzaju wydarzenia.<\/p>\n<p>Szczeg\u00f3\u0142owych informacji udzielaj\u0105 r\u00f3wnie\u017c pracownicy pe\u0142ni\u0105cy dy\u017cury w&nbsp;holu lub pracownicy ochrony.<\/p>\n<\/section>\n<section>\n<h4 id=\"budynek-biblioteki-\u015al\u0105skiej--0\">Budynek Biblioteki \u015al\u0105skiej \u2013 ul.&nbsp;Ligonia 7, 40-036 Katowice<\/h4>\n<\/section>\n<section>G\u0142\u00f3wne wej\u015bcie do budynku wyposa\u017cone jest w podjazd i platform\u0119 przeznaczon\u0105 do transportu os\u00f3b poruszaj\u0105cych si\u0119 na w\u00f3zku inwalidzkim. W holu znajduje si\u0119 wizualna informacja o rozk\u0142adzie pomieszcze\u0144 w budynku.Szczeg\u00f3\u0142owych informacji udzielaj\u0105 pracownicy Dzia\u0142u Biblioterapeutycznego w&nbsp;godzinach pracy lub pracownicy ochrony. W&nbsp;budynku dost\u0119pne s\u0105&nbsp;2 toalety dla os\u00f3b niepe\u0142nosprawnych.Do&nbsp;budynku mo\u017cna wej\u015b\u0107 z&nbsp;psem asystuj\u0105cym i&nbsp;psem przewodnikiem. W&nbsp;budynku funkcjonuje Dzia\u0142 Biblioterapeutyczny, kt\u00f3ry&nbsp;realizuje zadania zmierzaj\u0105ce do&nbsp;przeciwdzia\u0142ania wykluczeniu os\u00f3b ze&nbsp;szczeg\u00f3lnymi potrzebami.Osobom z&nbsp;dysfunkcj\u0105 wzroku udost\u0119pniane jest urz\u0105dzenie CZYTAK do&nbsp;odtwarzania ksi\u0105\u017cek m\u00f3wionych, zapisanych cyfrowo na&nbsp;kartach pami\u0119ci oraz&nbsp;zbi\u00f3r ok. 500 tytu\u0142\u00f3w mo\u017cliwych do&nbsp;odtworzenia.Szczeg\u00f3\u0142owych informacji udzielaj\u0105 pracownicy Dzia\u0142u Biblioterapeutycznego w&nbsp;godzinach pracy lub pracownicy ochrony.<\/section>\n<section>\n<h4 id=\"budynek-biblioteki-\u015al\u0105skiej--1\">Budynek Biblioteki \u015al\u0105skiej \u2013 ul.&nbsp;Francuska 12, 40-015 Katowice<\/h4>\n<p>Samodzielne korzystanie z&nbsp;wej\u015bcie g\u0142\u00f3wnego do&nbsp;budynku dla os\u00f3b poruszaj\u0105cych si\u0119 na&nbsp;w\u00f3zku inwalidzkim nie&nbsp;jest mo\u017cliwe.<\/p>\n<p>Pracownicy Biblioteki \u015al\u0105skiej zapewniaj\u0105 pomoc w&nbsp;przypadku wyra\u017cenia ch\u0119ci uczestniczenia w&nbsp;wydarzeniach organizowanych przez&nbsp;Bibliotek\u0119 \u015al\u0105sk\u0105 lub ch\u0119ci skorzystania z&nbsp;us\u0142ug Biblioteki \u015al\u0105skiej, po&nbsp;uprzednim zg\u0142oszeniu takiej potrzeby w&nbsp;Dziale Administracyjno-Technicznym \u2013 na&nbsp;adres poczty elektronicznej<br \/>\n<a href=\"mailto:administracja@bs.katowice.pl\">administracja@bs.katowice.pl<\/a> lub telefonicznie <a href=\"tel:(+48)322083771\">(+48) 32 208 38 71<\/a>.<\/p>\n<\/section>\n<\/section>\n<section id=\"a11y-komunikacja\">\n<h3 id=\"dost\u0119pno\u015b\u0107-komunikacyjno-in\">Dost\u0119pno\u015b\u0107 komunikacyjno-informacyjna<\/h3>\n<ul>\n<li>T\u0142umacz polskiego j\u0119zyka migowego online \u2013 <a href=\"https:\/\/tlumacz.migam.org\/biblioteka-%C5%9Bl%C4%85ska\" target=\"_self\" rel=\"noopener\">us\u0142uga dla os\u00f3b g\u0142uchych i&nbsp;s\u0142abos\u0142ysz\u0105cych T\u0142umacz Migam \u2013 strona internetowa<\/a><\/li>\n<li>Informacja o&nbsp;naszej dzia\u0142alno\u015bci \u2013 <a href=\"https:\/\/youtu.be\/gcmClmhIDdg\" target=\"_self\" rel=\"noopener\">nagranie w&nbsp;polskim j\u0119zyku migowym (PJM) \u2013 strona internetowa<\/a><\/li>\n<li>Informacja o&nbsp;naszej dzia\u0142alno\u015bci \u2013 <a href=\"https:\/\/bs.katowice.pl\/wp-content\/uploads\/2026\/03\/Biblioteka_Slaska_tekst_ETR.pdf\" target=\"_self\" rel=\"noopener\"> Biblioteka \u015al\u0105ska \u2013 tekst ETR (PDF 1,67 MB)<\/a><\/li>\n<li>Informacja o&nbsp;naszej dzia\u0142alno\u015bci \u2013 <a href=\"https:\/\/bs.katowice.pl\/wp-content\/uploads\/2026\/03\/Biblioteka_Slaska_tekst_odczytywalny_maszynowo.pdf\" target=\"_self\" rel=\"noopener\"> Biblioteka \u015al\u0105ska \u2013 tekst odczytywalny maszynowo (PDF 302 KB)<\/a><\/li>\n<\/ul>\n<\/section>\n<\/section>\n","protected":false},"excerpt":{"rendered":"<p>Deklaracja dost\u0119pno\u015bci Biblioteka \u015al\u0105ska zobowi\u0105zuje si\u0119 zapewni\u0107 dost\u0119pno\u015b\u0107 swojej strony internetowej zgodnie z ustaw\u0105 z dnia 4 kwietnia 2019 r. o dost\u0119pno\u015bci cyfrowej stron internetowych i aplikacji mobilnych podmiot\u00f3w publicznych. Deklaracja dost\u0119pno\u015bci dotyczy strony https:\/\/ida.bs.katowice.pl.<a class=\"read-more\" href=\"https:\/\/ida.bs.katowice.pl\/index.php\/deklaracja-dostepnosci\/\">Continue reading<\/a><\/p>\n","protected":false},"author":7,"featured_media":0,"parent":0,"menu_order":0,"comment_status":"closed","ping_status":"closed","template":"","meta":{"advgb_blocks_editor_width":"","advgb_blocks_columns_visual_guide":"","ngg_post_thumbnail":0,"footnotes":""},"class_list":["post-3789","page","type-page","status-publish","hentry"],"coauthors":[],"author_meta":{"author_link":"https:\/\/ida.bs.katowice.pl\/index.php\/author\/peczakm\/","display_name":"Marek P\u0119czak"},"relative_dates":{"created":"Posted 1 rok ago","modified":"Updated 3 tygodnie ago"},"absolute_dates":{"created":"Posted on 4 marca 2025","modified":"Updated on 31 marca 2026"},"absolute_dates_time":{"created":"Posted on 4 marca 2025 14:18","modified":"Updated on 31 marca 2026 12:25"},"featured_img_caption":"","featured_img":false,"series_order":"","_links":{"self":[{"href":"https:\/\/ida.bs.katowice.pl\/index.php\/wp-json\/wp\/v2\/pages\/3789","targetHints":{"allow":["GET"]}}],"collection":[{"href":"https:\/\/ida.bs.katowice.pl\/index.php\/wp-json\/wp\/v2\/pages"}],"about":[{"href":"https:\/\/ida.bs.katowice.pl\/index.php\/wp-json\/wp\/v2\/types\/page"}],"author":[{"embeddable":true,"href":"https:\/\/ida.bs.katowice.pl\/index.php\/wp-json\/wp\/v2\/users\/7"}],"replies":[{"embeddable":true,"href":"https:\/\/ida.bs.katowice.pl\/index.php\/wp-json\/wp\/v2\/comments?post=3789"}],"version-history":[{"count":26,"href":"https:\/\/ida.bs.katowice.pl\/index.php\/wp-json\/wp\/v2\/pages\/3789\/revisions"}],"predecessor-version":[{"id":4431,"href":"https:\/\/ida.bs.katowice.pl\/index.php\/wp-json\/wp\/v2\/pages\/3789\/revisions\/4431"}],"wp:attachment":[{"href":"https:\/\/ida.bs.katowice.pl\/index.php\/wp-json\/wp\/v2\/media?parent=3789"}],"curies":[{"name":"wp","href":"https:\/\/api.w.org\/{rel}","templated":true}]}}