{"id":3615,"date":"2024-11-14T10:39:40","date_gmt":"2024-11-14T09:39:40","guid":{"rendered":"https:\/\/ida.bs.katowice.pl\/?page_id=3615"},"modified":"2026-04-07T12:09:24","modified_gmt":"2026-04-07T10:09:24","slug":"do-pobrania","status":"publish","type":"page","link":"https:\/\/ida.bs.katowice.pl\/index.php\/do-pobrania\/","title":{"rendered":"Do pobrania"},"content":{"rendered":"<h3 id=\"archiklub\">ARCHI-klub<\/h3>\n<ul>\n<li><a href=\"https:\/\/ida.bs.katowice.pl\/wp-content\/uploads\/2026\/04\/Obowiazek_informacyjny_spelniany_wobec_osob_ktore_znajda_sie_w_zasiegu_monitoringu_ul_Francuska_12.pdf\">Obowi\u0105zek informacyjny spe\u0142niany wobec os\u00f3b, kt\u00f3re znajd\u0105 si\u0119 w&nbsp;zasi\u0119gu monitoringu (ul.&nbsp;Francuska 12) (PDF 386 KB)<\/a><\/li>\n<li><a href=\"https:\/\/ida.bs.katowice.pl\/wp-content\/uploads\/2024\/11\/Upublicznianie-wizerunku-uczestnikow-wydarzen-ponizej-18-roku-zycia-obow.inf_.RODO_.pdf\">Zgoda na rozpowszechnianie wizerunku uczestnika wydarze\u0144 odbywaj\u0105cych si\u0119 w Bibliotece \u015al\u0105skiej poni\u017cej 18 roku \u017cycia (PDF, 543kb)<\/a><\/li>\n<\/ul>\n","protected":false},"excerpt":{"rendered":"<p>ARCHI-klub Obowi\u0105zek informacyjny spe\u0142niany wobec os\u00f3b, kt\u00f3re znajd\u0105 si\u0119 w&nbsp;zasi\u0119gu monitoringu (ul.&nbsp;Francuska 12) (PDF 386 KB) Zgoda na rozpowszechnianie wizerunku uczestnika wydarze\u0144 odbywaj\u0105cych si\u0119 w Bibliotece \u015al\u0105skiej poni\u017cej 18 roku \u017cycia (PDF, 543kb)<\/p>\n","protected":false},"author":7,"featured_media":0,"parent":0,"menu_order":0,"comment_status":"closed","ping_status":"closed","template":"","meta":{"advgb_blocks_editor_width":"","advgb_blocks_columns_visual_guide":"","ngg_post_thumbnail":0,"footnotes":""},"class_list":["post-3615","page","type-page","status-publish","hentry"],"coauthors":[],"author_meta":{"author_link":"https:\/\/ida.bs.katowice.pl\/index.php\/author\/peczakm\/","display_name":"Marek P\u0119czak"},"relative_dates":{"created":"Posted 1 rok ago","modified":"Updated 1 tydzie\u0144 ago"},"absolute_dates":{"created":"Posted on 14 listopada 2024","modified":"Updated on 7 kwietnia 2026"},"absolute_dates_time":{"created":"Posted on 14 listopada 2024 10:39","modified":"Updated on 7 kwietnia 2026 12:09"},"featured_img_caption":"","featured_img":false,"series_order":"","_links":{"self":[{"href":"https:\/\/ida.bs.katowice.pl\/index.php\/wp-json\/wp\/v2\/pages\/3615","targetHints":{"allow":["GET"]}}],"collection":[{"href":"https:\/\/ida.bs.katowice.pl\/index.php\/wp-json\/wp\/v2\/pages"}],"about":[{"href":"https:\/\/ida.bs.katowice.pl\/index.php\/wp-json\/wp\/v2\/types\/page"}],"author":[{"embeddable":true,"href":"https:\/\/ida.bs.katowice.pl\/index.php\/wp-json\/wp\/v2\/users\/7"}],"replies":[{"embeddable":true,"href":"https:\/\/ida.bs.katowice.pl\/index.php\/wp-json\/wp\/v2\/comments?post=3615"}],"version-history":[{"count":9,"href":"https:\/\/ida.bs.katowice.pl\/index.php\/wp-json\/wp\/v2\/pages\/3615\/revisions"}],"predecessor-version":[{"id":4435,"href":"https:\/\/ida.bs.katowice.pl\/index.php\/wp-json\/wp\/v2\/pages\/3615\/revisions\/4435"}],"wp:attachment":[{"href":"https:\/\/ida.bs.katowice.pl\/index.php\/wp-json\/wp\/v2\/media?parent=3615"}],"curies":[{"name":"wp","href":"https:\/\/api.w.org\/{rel}","templated":true}]}}