{"id":3290,"date":"2024-08-05T11:21:06","date_gmt":"2024-08-05T09:21:06","guid":{"rendered":"https:\/\/ida.bs.katowice.pl\/?page_id=3290"},"modified":"2025-06-03T12:01:00","modified_gmt":"2025-06-03T10:01:00","slug":"warsztaty-architektoniczne","status":"publish","type":"page","link":"https:\/\/ida.bs.katowice.pl\/index.php\/warsztaty-architektoniczne\/","title":{"rendered":"Warsztaty architektoniczne"},"content":{"rendered":"<blockquote>\n<p id=\"instytut-dokumentacji-architek\">Instytut Dokumentacji Architektury prowadzi dzia\u0142alno\u015b\u0107 popularyzatorsk\u0105 \u2013 przybli\u017caj\u0105c dzieciom i m\u0142odzie\u017cy zagadnienia zwi\u0105zane z architektur\u0105, jako dziedzin\u0105, oraz konkretnie \u2013 architektur\u0105 G\u00f3rnego \u015al\u0105ska 2 po\u0142owy XX wieku.<\/p>\n<\/blockquote>\n<div>&nbsp;<\/div>\n<p>Oferujemy organizacj\u0119 kreatywnych warsztat\u00f3w, wprowadzaj\u0105cych uczestnik\u00f3w w wy\u017cej wymienione zagadnienia. Specyfik\u0119 zaj\u0119\u0107 dobieramy indywidualnie &#8211; do grupy odbiorc\u00f3w. Warsztaty zwykle sk\u0142adaj\u0105 si\u0119 z dw\u00f3ch cz\u0119\u015bci \u2013 wyk\u0142adowej oraz plastycznej \u2013 dzi\u0119ki temu \u0142\u0105czymy teori\u0119 z praktyk\u0105. Warsztaty realizujemy zar\u00f3wno w szko\u0142ach jak i na miejscu \u2013 w naszej siedzibie. W kwestii pyta\u0144 lub w\u0105tpliwo\u015bci &#8211; zach\u0119camy do kontaktu na <a href=\"mailto:ida@bs.katowice.pl?subject=Zapytanie%20o%20warsztaty%20architektoniczne\" target=\"_blank\" rel=\"noopener\">ida@bs.katowice.pl<\/a><\/p>\n<div>&nbsp;<\/div>\n<h3 id=\"czas-trwania:\">Czas trwania:<\/h3>\n<div>Najbardziej optymalnym czasem na przeprowadzenie warsztat\u00f3w jest 120 minut, czyli dwie godziny zegarowe, jednak je\u015bli wykracza to poza mo\u017cliwo\u015bci planowe, to minimalny czas zaj\u0119\u0107 nie mo\u017ce by\u0107 mniejszy ni\u017c 90 minut \u2013 2 godziny lekcyjne (wraz z przerw\u0105).<\/div>\n<div>&nbsp;<\/div>\n<h3 id=\"odbiorcy:\">Odbiorcy:<\/h3>\n<div>Zaj\u0119cia skierowane s\u0105 do dzieci i m\u0142odzie\u017cy szkolnej.<\/div>\n<div>&nbsp;<\/div>\n<div>\n<h3 id=\"warsztaty-podstawowe:\">Warsztaty podstawowe:<\/h3>\n<p>&#8211; IDA_1.1 \u2013 warsztaty wprowadzaj\u0105ce, zapoznaj\u0105ce uczestnik\u00f3w z dzia\u0142alno\u015bci\u0105 i genez\u0105 powstania Instytutu Dokumentacji Architektury Biblioteki \u015al\u0105skiej. Podczas spotkania uczestnicy b\u0119d\u0105 r\u00f3wnie\u017c mieli okazj\u0119 zapoznania si\u0119 z naszym Archiwum oraz tym jak dzia\u0142a, na podstawie kilku projekt\u00f3w zobacz\u0105 przyk\u0142adow\u0105 dokumentacj\u0119 projektow\u0105 dodatkowo b\u0119d\u0105 mieli szans\u0119 zapoznania si\u0119 z Bibliotek\u0105 Architekt\u00f3w stworzon\u0105 z ksi\u0119gozbior\u00f3w wielu znamienitych postaci \u015bwiata architektury i nie tylko. Na spotkanie sk\u0142ada si\u0119 wyk\u0142ad i oprowadzanie po Instytucie.<br \/>\n<i>Spotkanie odbywa si\u0119 w trybie jednorazowym. (czas: 90 &#8211; 120 min.)<\/i><\/p>\n<p>&#8211; IDA_1.2 \u2013 warsztaty dla lice\u00f3w, technik\u00f3w oraz klas \u00f3smych \u2013 opieraj\u0105 si\u0119 na wyk\u0142adzie wprowadzaj\u0105cym uczestnik\u00f3w w \u015bwiat architektury drugiej po\u0142owy XX wieku, ze szczeg\u00f3lnym uwzgl\u0119dnieniem G\u00f3rnego \u015al\u0105ska.<br \/>\n<i>Spotkanie mo\u017ce si\u0119 odby\u0107 w trybie jednorazowym lub mo\u017ce by\u0107 podzielone na dwa wyk\u0142ady.<br \/>\n(czas: 45 min. lub 2x 45 min.)<\/i><\/p>\n<p>&#8211; IDA_1.3 \u2013 warsztaty plastyczne poprzedzone kr\u00f3tk\u0105 cz\u0119\u015bci\u0105 teoretyczn\u0105, dotycz\u0105ce zagadnie\u0144 zwi\u0105zanych z architektur\u0105 drugiej po\u0142owy XX wieku, ze szczeg\u00f3lnym uwzgl\u0119dnieniem architektury G\u00f3rnego \u015al\u0105ska. Podczas warsztat\u00f3w uczestnicy b\u0119d\u0105 tworzy\u0107 prace, powi\u0105zane w jaki\u015b spos\u00f3b z danymi Tw\u00f3rcami lub obiektami \u2013 ikonami.<br \/>\n<i>Spotkanie odbywa si\u0119 w trybie jednorazowym. (czas trwania: 150 min.)<\/i><\/p>\n<p>&#8211; IDA_1.4 &#8211; warsztaty plastyczne poprzedzone kr\u00f3tk\u0105 cz\u0119\u015bci\u0105 teoretyczn\u0105, dotycz\u0105ce zagadnie\u0144 zwi\u0105zanych z architektur\u0105 drugiej po\u0142owy XX wieku, ze szczeg\u00f3lnym uwzgl\u0119dnieniem architektury G\u00f3rnego \u015al\u0105ska. Podczas warsztat\u00f3w uczestnicy b\u0119d\u0105 tworzy\u0107 prace, powi\u0105zane w jaki\u015b spos\u00f3b z danymi Tw\u00f3rcami lub obiektami \u2013 ikonami.<br \/>\n<i>Spotkania odbywaj\u0105 si\u0119 w trybie cyklicznym &#8211; od dw\u00f3ch do czterech spotka\u0144. (czas trwania: 150 min.)<\/i><\/p>\n<h3 id=\"warsztaty-rozszerzone:\">Warsztaty rozszerzone:<\/h3>\n<p>&#8211; IDA_2.1 \u2013 w przypadku wsp\u00f3\u0142prac ze szko\u0142ami, instytucjami i organizacjami, istnieje szansa na stworzenie warsztat\u00f3w \u201eszytych na miar\u0119\u201d, kt\u00f3re dostosowujemy do Pa\u0144stwa potrzeb, po wcze\u015bniejszym ustaleniu kierunk\u00f3w edukacyjnych z nauczycielami, organizatorami lub opiekunami danych grup.<br \/>\n<i>Cz\u0119stotliwo\u015b\u0107 oraz d\u0142ugo\u015b\u0107 spotka\u0144 dobierana jest indywidualnie.<\/i><\/p>\n<h3 id=\"informacje-og\u00d3lne:\">Informacje og\u00f3lne:<\/h3>\n<p>&#8211; Niezale\u017cnie od wybranego programu warsztat\u00f3w, po ka\u017cdym spotkaniu uczestnicy otrzymuj\u0105 materia\u0142y edukacyjne, kt\u00f3re zabieraj\u0105 ze sob\u0105 do dom\u00f3w;<\/p>\n<p>&#8211; W przypadku zaj\u0119\u0107 warsztatowych \u2013 plastycznych, kwestie zwi\u0105zane z materia\u0142ami plastycznymi s\u0105 omawiane indywidualnie z zainteresowan\u0105 stron\u0105;<\/p>\n<p>&#8211; W zale\u017cno\u015bci od wybranego programu \u2013 zaj\u0119cia odbywaj\u0105 si\u0119 w Instytucie Dokumentacji Architektury (ul. Francuska 12, Katowice) lub w innym miejscu (np. szko\u0142a, dom kultury) ustalonym wcze\u015bniej z organizatorem;<\/p>\n<p>&#8211; Uczestnictwo w zaj\u0119ciach wymaga podpisania zgody RODO \u2013 za\u0142\u0105czniki znajduj\u0105 si\u0119 na naszej stronie w zak\u0142adce \u201e<a href=\"https:\/\/ida.bs.katowice.pl\/index.php\/do-pobrania\/\">Do pobrania<\/a>&#8221;<\/p>\n<\/div>\n<div>&nbsp;<\/div>\n<div>\n<h3 id=\"\">Koszt<\/h3>\n<\/div>\n<div>Uczestnictwo w warsztatach jest bezp\u0142atne.<\/div>\n<div>&nbsp;<\/div>\n<div>\n<div><img loading=\"lazy\" decoding=\"async\" class=\"alignnone wp-image-3317 size-full\" src=\"https:\/\/ida.bs.katowice.pl\/wp-content\/uploads\/2024\/08\/warsztaty_3.png\" alt=\"grafika ozdobna - zdj\u0119cia z warsztat\u00f3w\" width=\"1200\" height=\"155\" srcset=\"https:\/\/ida.bs.katowice.pl\/wp-content\/uploads\/2024\/08\/warsztaty_3.png 1200w, https:\/\/ida.bs.katowice.pl\/wp-content\/uploads\/2024\/08\/warsztaty_3-300x39.png 300w, https:\/\/ida.bs.katowice.pl\/wp-content\/uploads\/2024\/08\/warsztaty_3-1024x132.png 1024w, https:\/\/ida.bs.katowice.pl\/wp-content\/uploads\/2024\/08\/warsztaty_3-768x99.png 768w, https:\/\/ida.bs.katowice.pl\/wp-content\/uploads\/2024\/08\/warsztaty_3-520x67.png 520w, https:\/\/ida.bs.katowice.pl\/wp-content\/uploads\/2024\/08\/warsztaty_3-740x96.png 740w\" sizes=\"auto, (max-width: 1200px) 100vw, 1200px\" \/><\/div>\n<\/div>\n","protected":false},"excerpt":{"rendered":"<p>Instytut Dokumentacji Architektury prowadzi dzia\u0142alno\u015b\u0107 popularyzatorsk\u0105 \u2013 przybli\u017caj\u0105c dzieciom i m\u0142odzie\u017cy zagadnienia zwi\u0105zane z architektur\u0105, jako dziedzin\u0105, oraz konkretnie \u2013 architektur\u0105 G\u00f3rnego \u015al\u0105ska 2 po\u0142owy XX wieku. &nbsp; Oferujemy organizacj\u0119 kreatywnych warsztat\u00f3w, wprowadzaj\u0105cych uczestnik\u00f3w w<a class=\"read-more\" href=\"https:\/\/ida.bs.katowice.pl\/index.php\/warsztaty-architektoniczne\/\">Continue reading<\/a><\/p>\n","protected":false},"author":7,"featured_media":0,"parent":0,"menu_order":0,"comment_status":"closed","ping_status":"closed","template":"page-templates\/page_fullwidth.php","meta":{"advgb_blocks_editor_width":"","advgb_blocks_columns_visual_guide":"","ngg_post_thumbnail":0,"footnotes":""},"class_list":["post-3290","page","type-page","status-publish","hentry"],"coauthors":[],"author_meta":{"author_link":"https:\/\/ida.bs.katowice.pl\/index.php\/author\/peczakm\/","display_name":"Marek P\u0119czak"},"relative_dates":{"created":"Posted 2 lata ago","modified":"Updated 11 miesi\u0119cy ago"},"absolute_dates":{"created":"Posted on 5 sierpnia 2024","modified":"Updated on 3 czerwca 2025"},"absolute_dates_time":{"created":"Posted on 5 sierpnia 2024 11:21","modified":"Updated on 3 czerwca 2025 12:01"},"featured_img_caption":"","featured_img":false,"series_order":"","_links":{"self":[{"href":"https:\/\/ida.bs.katowice.pl\/index.php\/wp-json\/wp\/v2\/pages\/3290","targetHints":{"allow":["GET"]}}],"collection":[{"href":"https:\/\/ida.bs.katowice.pl\/index.php\/wp-json\/wp\/v2\/pages"}],"about":[{"href":"https:\/\/ida.bs.katowice.pl\/index.php\/wp-json\/wp\/v2\/types\/page"}],"author":[{"embeddable":true,"href":"https:\/\/ida.bs.katowice.pl\/index.php\/wp-json\/wp\/v2\/users\/7"}],"replies":[{"embeddable":true,"href":"https:\/\/ida.bs.katowice.pl\/index.php\/wp-json\/wp\/v2\/comments?post=3290"}],"version-history":[{"count":30,"href":"https:\/\/ida.bs.katowice.pl\/index.php\/wp-json\/wp\/v2\/pages\/3290\/revisions"}],"predecessor-version":[{"id":3333,"href":"https:\/\/ida.bs.katowice.pl\/index.php\/wp-json\/wp\/v2\/pages\/3290\/revisions\/3333"}],"wp:attachment":[{"href":"https:\/\/ida.bs.katowice.pl\/index.php\/wp-json\/wp\/v2\/media?parent=3290"}],"curies":[{"name":"wp","href":"https:\/\/api.w.org\/{rel}","templated":true}]}}