{"id":298,"date":"2019-04-24T13:55:57","date_gmt":"2019-04-24T11:55:57","guid":{"rendered":"http:\/\/ida.bs.katowice.pl\/?page_id=298"},"modified":"2025-02-25T13:41:42","modified_gmt":"2025-02-25T12:41:42","slug":"o-instytucie","status":"publish","type":"page","link":"https:\/\/ida.bs.katowice.pl\/index.php\/o-instytucie\/","title":{"rendered":"O Instytucie"},"content":{"rendered":"<div>\n<p><img decoding=\"async\" class=\"alignleft\" src=\"https:\/\/ida.bs.katowice.pl\/wp-content\/uploads\/2023\/05\/piktogram-instytutu.png\" alt=\"Piktogram Instytutu\" align=\"left\"><\/p>\n<p style=\"text-align: left;\" align=\"justify\">Instytut Dokumentacji Architektury Biblioteki \u015al\u0105skiej, powsta\u0142 w 2018 r. jako kontynuacja projektu \u201eTw\u00f3rcy \u015al\u0105skiej Architektury. Portrety\u201d, realizuj\u0105cego w Bibliotece \u015al\u0105skiej od 2014 r. cykle wystaw, film\u00f3w i benefis\u00f3w wybitnych architekt\u00f3w, tw\u00f3rc\u00f3w powojennej architektury G\u00f3rnego \u015al\u0105ska.<\/p>\n<p style=\"text-align: left;\" align=\"justify\">W chwili obecnej Instytut kontynuuje zainicjowan\u0105 wcze\u015bniej dzia\u0142alno\u015b\u0107 dokumentacyjno-archiwizacyjn\u0105, naukow\u0105 i popularyzatorsk\u0105, realizuj\u0105c szereg projekt\u00f3w badawczych, wydawniczych, filmowych i wystawienniczych, po\u015bwi\u0119conych dziedzictwu architektury G\u00f3rnego \u015al\u0105ska 2 po\u0142owy XX wieku.<\/p>\n<p style=\"text-align: left;\" align=\"justify\">Wraz ze \u015brodowiskiem architektonicznym, konserwatorskim, historyk\u00f3w sztuki oraz przy wsp\u00f3\u0142pracy z m.in. Wydzia\u0142em Architektury Politechniki \u015al\u0105skiej w Gliwicach, \u015al\u0105skim Wojew\u00f3dzkim Konserwatorem Zabytk\u00f3w, Stowarzyszeniem Architekt\u00f3w Polskich i \u015al\u0105sk\u0105 Okr\u0119gow\u0105 Izb\u0105 Architekt\u00f3w aktywnie dzia\u0142a na rzecz ochrony i promocji powojennego dziedzictwa \u015bl\u0105skiej architektury, podejmuj\u0105c problematyk\u0119 \u201enowego dziedzictwa\u201d.<\/p>\n<\/div>\n","protected":false},"excerpt":{"rendered":"<p>Instytut Dokumentacji Architektury Biblioteki \u015al\u0105skiej, powsta\u0142 w 2018 r. jako kontynuacja projektu \u201eTw\u00f3rcy \u015al\u0105skiej Architektury. Portrety\u201d, realizuj\u0105cego w Bibliotece \u015al\u0105skiej od 2014 r. cykle wystaw, film\u00f3w i benefis\u00f3w wybitnych architekt\u00f3w, tw\u00f3rc\u00f3w powojennej architektury G\u00f3rnego \u015al\u0105ska.<a class=\"read-more\" href=\"https:\/\/ida.bs.katowice.pl\/index.php\/o-instytucie\/\">Continue reading<\/a><\/p>\n","protected":false},"author":1,"featured_media":0,"parent":0,"menu_order":0,"comment_status":"closed","ping_status":"closed","template":"page-templates\/page_fullwidth.php","meta":{"advgb_blocks_editor_width":"","advgb_blocks_columns_visual_guide":"","ngg_post_thumbnail":0,"footnotes":""},"class_list":["post-298","page","type-page","status-publish","hentry"],"coauthors":[],"author_meta":{"author_link":"https:\/\/ida.bs.katowice.pl\/index.php\/author\/ida_admin\/","display_name":"ida_admin"},"relative_dates":{"created":"Posted 7 lat ago","modified":"Updated 1 rok ago"},"absolute_dates":{"created":"Posted on 24 kwietnia 2019","modified":"Updated on 25 lutego 2025"},"absolute_dates_time":{"created":"Posted on 24 kwietnia 2019 13:55","modified":"Updated on 25 lutego 2025 13:41"},"featured_img_caption":"","featured_img":false,"series_order":"","_links":{"self":[{"href":"https:\/\/ida.bs.katowice.pl\/index.php\/wp-json\/wp\/v2\/pages\/298","targetHints":{"allow":["GET"]}}],"collection":[{"href":"https:\/\/ida.bs.katowice.pl\/index.php\/wp-json\/wp\/v2\/pages"}],"about":[{"href":"https:\/\/ida.bs.katowice.pl\/index.php\/wp-json\/wp\/v2\/types\/page"}],"author":[{"embeddable":true,"href":"https:\/\/ida.bs.katowice.pl\/index.php\/wp-json\/wp\/v2\/users\/1"}],"replies":[{"embeddable":true,"href":"https:\/\/ida.bs.katowice.pl\/index.php\/wp-json\/wp\/v2\/comments?post=298"}],"version-history":[{"count":38,"href":"https:\/\/ida.bs.katowice.pl\/index.php\/wp-json\/wp\/v2\/pages\/298\/revisions"}],"predecessor-version":[{"id":3293,"href":"https:\/\/ida.bs.katowice.pl\/index.php\/wp-json\/wp\/v2\/pages\/298\/revisions\/3293"}],"wp:attachment":[{"href":"https:\/\/ida.bs.katowice.pl\/index.php\/wp-json\/wp\/v2\/media?parent=298"}],"curies":[{"name":"wp","href":"https:\/\/api.w.org\/{rel}","templated":true}]}}