{"id":2670,"date":"2023-05-22T13:54:02","date_gmt":"2023-05-22T11:54:02","guid":{"rendered":"https:\/\/ida.bs.katowice.pl\/?page_id=2670"},"modified":"2025-09-01T14:24:30","modified_gmt":"2025-09-01T12:24:30","slug":"stanislaw-kwasniewicz-architekt","status":"publish","type":"page","link":"https:\/\/ida.bs.katowice.pl\/index.php\/publikacje\/stanislaw-kwasniewicz-architekt\/","title":{"rendered":"Stanis\u0142aw Kwa\u015bniewicz. Architekt"},"content":{"rendered":"<table border=\"0\" cellspacing=\"0\" cellpadding=\"5\">\n<tbody>\n<tr valign=\"top\">\n<td rowspan=\"5\"><img loading=\"lazy\" decoding=\"async\" class=\"wp-image-1328 aligncenter\" src=\"https:\/\/ida.bs.katowice.pl\/wp-content\/uploads\/2023\/05\/okladka.jpg\" alt=\"Ok\u0142adka. Stanis\u0142aw Kwa\u015bniewicz\" width=\"300\" height=\"300\"><\/td>\n<td>\n<p class=\"wbg-details-book-title\"><strong>Tytu\u0142:<\/strong><\/p>\n<\/td>\n<td>\n<p class=\"wbg-details-book-title\">Stanis\u0142aw Kwa\u015bniewicz. Architekt<\/p>\n<\/td>\n<\/tr>\n<tr valign=\"top\">\n<td><b>Wydawca:<\/b><\/td>\n<td>Biblioteka \u015al\u0105ska w Katowicach<\/td>\n<\/tr>\n<tr valign=\"top\">\n<td><b>Rok wydania:<\/b><\/td>\n<td><b><\/b> 2023<\/td>\n<\/tr>\n<tr valign=\"top\">\n<td><b>ISBN:<\/b><\/td>\n<td><b><\/b>978-83-67152-24-2<\/td>\n<\/tr>\n<tr valign=\"top\">\n<td><strong>Dost\u0119pno\u015b\u0107<\/strong><\/td>\n<td><a href=\"https:\/\/wydawnictwo.bs.katowice.pl\/sklep\/stanislaw-kwasniewicz-architekt\/\" target=\"_blank\" rel=\"noopener\" aria-label=\"Sprawd\u017a dost\u0119pno\u015b\u0107 ksi\u0105\u017cki: Stanis\u0142aw Kwa\u015bniewicz. Architekt na stronie wydawnictwa\">Sprawd\u017a na stronie Wydawnictwa B\u015a<\/a><\/td>\n<\/tr>\n<\/tbody>\n<\/table>\n<p style=\"text-align: left;\">Ksi\u0105\u017cka, kt\u00f3r\u0105 oddajemy w Pa\u0144stwa r\u0119ce, dotyczy jednego z najwa\u017cniejszych architekt\u00f3w p\u00f3\u017anego modernizmu dzia\u0142aj\u0105cych na terenie G\u00f3rnego \u015al\u0105ska, jakim by\u0142 Stanis\u0142aw Kwa\u015bniewicz. Na jego dorobek tw\u00f3rczy sk\u0142ada si\u0119 ogromna liczba realizacji o r\u00f3\u017cnych funkcjach i r\u00f3\u017cnych stopniach z\u0142o\u017cono\u015bci \u2013 od ikonicznych obiekt\u00f3w u\u017cyteczno\u015bci publicznej \u2013 jak mi\u0119dzy innymi katowicki Separator, kino Kosmos, budynek \u015al\u0105skiego Instytutu Naukowego, Biblioteki \u015al\u0105skiej, przez o\u015bwiatowe, mieszkaniowe po budowle sakralne. Zawsze jednak, niezale\u017cnie od skali budynku, znakomity warsztat projektowy Kwa\u015bniewicza widoczny jest w dba\u0142o\u015bci zar\u00f3wno o ca\u0142o\u015b\u0107 za\u0142o\u017cenia, jak i najdrobniejszy jego szczeg\u00f3\u0142.<\/p>\n<p style=\"text-align: left;\">Monografia niniejsza ma charakter unikatowy, gdy\u017c prezentuje niepublikowane nigdzie wcze\u015bniej zestawienie wszystkich dzie\u0142 i realizacji Stanis\u0142awa Kwa\u015bniewicza. Autorka \u2013 architekt Ma\u0142gorzata Malanowicz \u2013 by\u0142a wieloletni\u0105 wsp\u00f3\u0142pracowniczk\u0105 Stanis\u0142awa Kwa\u015bniewicza w katowickim Miastoprojekcie, dlatego te\u017c jej perspektywa badawcza wzbogacona zosta\u0142a o spojrzenie bardzo osobiste. Zr\u0119cznie buduje sylwetk\u0119 tw\u00f3rcy i cz\u0142owieka, ukazuj\u0105c posta\u0107 kompletn\u0105 \u2013 z jego prac\u0105 zawodow\u0105, aktywno\u015bci\u0105 w stowarzyszeniach tw\u00f3rczych, \u017cyciem osobistym i zainteresowaniami, w\u015br\u00f3d kt\u00f3rych na pierwszym miejscu zawsze jest architektura, b\u0119d\u0105c\u0105 zar\u00f3wno jego profesj\u0105, jak i pasj\u0105.<\/p>\n<p>&nbsp;<\/p>\n<p><strong>Recenzenci:<\/strong> dr hab. in\u017c. arch. Miros\u0142aw Bogdan ,prof. Politechniki Opolskiej,<br \/>\ndr hab. in\u017c. arch. Tomasz Wagner, prof. Politechniki \u015al\u0105skiej<br \/>\n<strong>Redakcja naukowa:<\/strong> prof. dr hab. in\u017c. arch. Magdalena \u017bmudzi\u0144ska-Nowak<br \/>\n<strong>Redakcja j\u0119zykowa: <\/strong>Sara Nowicka<br \/>\n<strong>Redakcja techniczna, sk\u0142ad:<\/strong> Grzegorz Bociek<br \/>\n<strong>Korekta:<\/strong> Marta Furmanik<br \/>\n<strong>Kwerenda:<\/strong> Przemys\u0142aw Czernek, Ma\u0142gorzata Malanowicz<br \/>\n<strong>Rysunki:<\/strong> Jakub Br\u00f3dka, Ma\u0142gorzata Malanowicz<br \/>\n<strong>Obr\u00f3bka graficzna rysunk\u00f3w archiwalnych:<\/strong> Ma\u0142gorzata Malanowicz i Marek P\u0119czak<br \/>\n<strong>Wydawca:<\/strong> Biblioteka \u015al\u0105ska w Katowicach<\/p>\n<p><strong>\u00a9 copyright by<\/strong> Biblioteka \u015al\u0105ska, Katowice 2023<br \/>\n<strong>ISBN:<\/strong> 978-83-67152-24-2<\/p>\n<p>&nbsp;<\/p>\n","protected":false},"excerpt":{"rendered":"<p>Tytu\u0142: Stanis\u0142aw Kwa\u015bniewicz. Architekt Wydawca: Biblioteka \u015al\u0105ska w Katowicach Rok wydania: 2023 ISBN: 978-83-67152-24-2 Dost\u0119pno\u015b\u0107 Sprawd\u017a na stronie Wydawnictwa B\u015a Ksi\u0105\u017cka, kt\u00f3r\u0105 oddajemy w Pa\u0144stwa r\u0119ce, dotyczy jednego z najwa\u017cniejszych architekt\u00f3w p\u00f3\u017anego modernizmu dzia\u0142aj\u0105cych na<a class=\"read-more\" href=\"https:\/\/ida.bs.katowice.pl\/index.php\/publikacje\/stanislaw-kwasniewicz-architekt\/\">Continue reading<\/a><\/p>\n","protected":false},"author":7,"featured_media":0,"parent":1317,"menu_order":0,"comment_status":"closed","ping_status":"closed","template":"page-templates\/page_fullwidth.php","meta":{"advgb_blocks_editor_width":"","advgb_blocks_columns_visual_guide":"","ngg_post_thumbnail":0,"footnotes":""},"class_list":["post-2670","page","type-page","status-publish","hentry"],"coauthors":[],"author_meta":{"author_link":"https:\/\/ida.bs.katowice.pl\/index.php\/author\/peczakm\/","display_name":"Marek P\u0119czak"},"relative_dates":{"created":"Opublikowano 3 lata temu","modified":"Zaktualizowano 8 miesi\u0119cy temu"},"absolute_dates":{"created":"Opublikowano 22 maja 2023","modified":"Zaktualizowano 1 wrze\u015bnia 2025"},"absolute_dates_time":{"created":"Opublikowano 22 maja 2023 13:54","modified":"Zaktualizowano 1 wrze\u015bnia 2025 14:24"},"featured_img_caption":"","featured_img":false,"series_order":"","_links":{"self":[{"href":"https:\/\/ida.bs.katowice.pl\/index.php\/wp-json\/wp\/v2\/pages\/2670","targetHints":{"allow":["GET"]}}],"collection":[{"href":"https:\/\/ida.bs.katowice.pl\/index.php\/wp-json\/wp\/v2\/pages"}],"about":[{"href":"https:\/\/ida.bs.katowice.pl\/index.php\/wp-json\/wp\/v2\/types\/page"}],"author":[{"embeddable":true,"href":"https:\/\/ida.bs.katowice.pl\/index.php\/wp-json\/wp\/v2\/users\/7"}],"replies":[{"embeddable":true,"href":"https:\/\/ida.bs.katowice.pl\/index.php\/wp-json\/wp\/v2\/comments?post=2670"}],"version-history":[{"count":7,"href":"https:\/\/ida.bs.katowice.pl\/index.php\/wp-json\/wp\/v2\/pages\/2670\/revisions"}],"predecessor-version":[{"id":4013,"href":"https:\/\/ida.bs.katowice.pl\/index.php\/wp-json\/wp\/v2\/pages\/2670\/revisions\/4013"}],"up":[{"embeddable":true,"href":"https:\/\/ida.bs.katowice.pl\/index.php\/wp-json\/wp\/v2\/pages\/1317"}],"wp:attachment":[{"href":"https:\/\/ida.bs.katowice.pl\/index.php\/wp-json\/wp\/v2\/media?parent=2670"}],"curies":[{"name":"wp","href":"https:\/\/api.w.org\/{rel}","templated":true}]}}