{"id":2504,"date":"2023-01-17T10:49:08","date_gmt":"2023-01-17T09:49:08","guid":{"rendered":"https:\/\/ida.bs.katowice.pl\/?page_id=2504"},"modified":"2025-06-03T12:34:13","modified_gmt":"2025-06-03T10:34:13","slug":"bydgoszcz-surowym-okiem","status":"publish","type":"page","link":"https:\/\/ida.bs.katowice.pl\/index.php\/wyklady\/architekt-w-podrozy\/bydgoszcz-surowym-okiem\/","title":{"rendered":"Bydgoszcz surowym okiem"},"content":{"rendered":"<p style=\"text-align: left;\" align=\"justify\">Tym razem przyjrzymy si\u0119 Bydgoszczy le\u017c\u0105cej na pograniczu historycznego Pomorza, Kujaw i Wielkopolski.<br \/>\nMiasto to istotne ju\u017c w \u015bredniowieczu (m.in. zamek Kazimierza Wielkiego), wa\u017cne by\u0142o r\u00f3wnie\u017c po pierwszym rozbiorze, kiedy w\u0142\u0105czone zosta\u0142o do Kr\u00f3lestwa Prus. W odrodzonej Rzeczpospolitej nadal odgrywa\u0142o znacz\u0105c\u0105 rol\u0119, podobnie w III Rzeszy. Jej przemys\u0142, w tym zbrojeniowy by\u0142 wa\u017cny i w PRL-u. Po zmianie systemu polityczno-gospodarczego, co wi\u0105za\u0142o si\u0119 z licznymi problemami, miasto odzyska\u0142o nale\u017cne mu miejsce i obecnie z ponad trzystupi\u0119\u0107dziesi\u0119ciotysi\u0119czn\u0105 populacj\u0105 jest na \u00f3smej pozycji w kraju.<\/p>\n<p style=\"text-align: left;\" align=\"justify\">Usytuowanie Bydgoszczy nad rzek\u0105 Brd\u0105 umo\u017cliwia dzi\u0119ki Kana\u0142owi Bydgoskiemu po\u0142\u0105czenie Wschodu czyli dorzecza Wis\u0142y z Odr\u0105, czyli z Zachodem. Rzeka ta uwarunkowa\u0142a skierowanie zabudowy ku jej brzegom, jednak\u017ce szansa ta nie zosta\u0142a w pe\u0142ni wykorzystana.<br \/>\nBydgoszcz oferuje zr\u00f3\u017cnicowane mo\u017cliwo\u015bci zwiedzania: malownicz\u0105 star\u00f3wk\u0119, monumentalne gmachy i obiekty infrastrukturalne z epoki gr\u00fcndezeitu, polski mi\u0119dzywojenny modernizm. Dla zainteresowanych socmodernizmem czeka sporo realizacji z PRL-u, a mi\u0142o\u015bnicy architektury najnowszej r\u00f3wnie\u017c powinni by\u0107 ukontentowani. Na nich czeka mi\u0119dzy innymi ikoniczny gmach BRE Banku (obecnie pod inn\u0105 nazw\u0105, lecz pomi\u0144my j\u0105, gdy\u017c tak cz\u0119sto si\u0119 zmieniaj\u0105).<\/p>\n<p style=\"text-align: left;\" align=\"justify\">Miasto przedstawione zostanie surowym okiem to znaczy, autor celowo nie przeprowadzi\u0142 zwyczajowego zapoznania si\u0119 z literatur\u0105. Zdecydowa\u0142 si\u0119 na eksploracj\u0119 miasta bez przygotowania. Mamy nadziej\u0119, i\u017c taka impresyjna obserwacja mo\u017ce by\u0107 interesuj\u0105cym, gdy\u017c innym sposobem poznawania Bydgoszczy.<\/p>\n<p style=\"text-align: left;\" align=\"justify\">&nbsp;<\/p>\n<p style=\"text-align: left;\" align=\"justify\"><em>dr in\u017c. arch. Jacek Kami\u0144ski &#8211; antykwariusz (Galeria \u201ePod Manekinem\u201d) oraz architekt. Mi\u0142o\u015bnik historii i dziedzictwa miasta Rybnik, z kt\u00f3rego pochodzi, w tym (niestety gin\u0105cej) spu\u015bcizny architektonicznej. Autor licznych artyku\u0142\u00f3w oraz ksi\u0105\u017cki pod tytu\u0142em \u201eDwudziestowieczne plany urbanistyczne Rybnika i ich realizacje\u201d. Jego misj\u0105 jest ochrona dziedzictwa architektonicznego. Zwi\u0105zany z Archiwum Instytutu Dokumentacji Architektury Biblioteki \u015al\u0105skiej.<\/em><\/p>\n<p align=\"justify\">Wyk\u0142ad mo\u017cna obejrze\u0107 na kanale YouTube Instytutu Dokumentacji Architektury Biblioteki \u015al\u0105skiej<br \/>\nLink: <a href=\"https:\/\/youtu.be\/Iwtr3ZPsBjA?si=vLty2b6afwHjU3Z2\">https:\/\/youtu.be\/Iwtr3ZPsBjA?si=vLty2b6afwHjU3Z2<\/a><\/p>\n<p><iframe loading=\"lazy\" title=\"YouTube video player\" src=\"https:\/\/www.youtube.com\/embed\/Iwtr3ZPsBjA?si=W_qgps_zIzrY9UeY\" width=\"560\" height=\"315\" frameborder=\"0\" allowfullscreen=\"allowfullscreen\"><\/iframe><\/p>\n","protected":false},"excerpt":{"rendered":"<p>Tym razem przyjrzymy si\u0119 Bydgoszczy le\u017c\u0105cej na pograniczu historycznego Pomorza, Kujaw i Wielkopolski. Miasto to istotne ju\u017c w \u015bredniowieczu (m.in. zamek Kazimierza Wielkiego), wa\u017cne by\u0142o r\u00f3wnie\u017c po pierwszym rozbiorze, kiedy w\u0142\u0105czone zosta\u0142o do Kr\u00f3lestwa Prus.<a class=\"read-more\" href=\"https:\/\/ida.bs.katowice.pl\/index.php\/wyklady\/architekt-w-podrozy\/bydgoszcz-surowym-okiem\/\">Continue reading<\/a><\/p>\n","protected":false},"author":7,"featured_media":0,"parent":1722,"menu_order":0,"comment_status":"closed","ping_status":"closed","template":"page-templates\/page_fullwidth.php","meta":{"advgb_blocks_editor_width":"","advgb_blocks_columns_visual_guide":"","ngg_post_thumbnail":0,"footnotes":""},"class_list":["post-2504","page","type-page","status-publish","hentry"],"coauthors":[],"author_meta":{"author_link":"https:\/\/ida.bs.katowice.pl\/index.php\/author\/peczakm\/","display_name":"Marek P\u0119czak"},"relative_dates":{"created":"Posted 3 lata ago","modified":"Updated 11 miesi\u0119cy ago"},"absolute_dates":{"created":"Posted on 17 stycznia 2023","modified":"Updated on 3 czerwca 2025"},"absolute_dates_time":{"created":"Posted on 17 stycznia 2023 10:49","modified":"Updated on 3 czerwca 2025 12:34"},"featured_img_caption":"","featured_img":false,"series_order":"","_links":{"self":[{"href":"https:\/\/ida.bs.katowice.pl\/index.php\/wp-json\/wp\/v2\/pages\/2504","targetHints":{"allow":["GET"]}}],"collection":[{"href":"https:\/\/ida.bs.katowice.pl\/index.php\/wp-json\/wp\/v2\/pages"}],"about":[{"href":"https:\/\/ida.bs.katowice.pl\/index.php\/wp-json\/wp\/v2\/types\/page"}],"author":[{"embeddable":true,"href":"https:\/\/ida.bs.katowice.pl\/index.php\/wp-json\/wp\/v2\/users\/7"}],"replies":[{"embeddable":true,"href":"https:\/\/ida.bs.katowice.pl\/index.php\/wp-json\/wp\/v2\/comments?post=2504"}],"version-history":[{"count":5,"href":"https:\/\/ida.bs.katowice.pl\/index.php\/wp-json\/wp\/v2\/pages\/2504\/revisions"}],"predecessor-version":[{"id":2874,"href":"https:\/\/ida.bs.katowice.pl\/index.php\/wp-json\/wp\/v2\/pages\/2504\/revisions\/2874"}],"up":[{"embeddable":true,"href":"https:\/\/ida.bs.katowice.pl\/index.php\/wp-json\/wp\/v2\/pages\/1722"}],"wp:attachment":[{"href":"https:\/\/ida.bs.katowice.pl\/index.php\/wp-json\/wp\/v2\/media?parent=2504"}],"curies":[{"name":"wp","href":"https:\/\/api.w.org\/{rel}","templated":true}]}}