{"id":2286,"date":"2022-08-11T15:15:14","date_gmt":"2022-08-11T13:15:14","guid":{"rendered":"https:\/\/ida.bs.katowice.pl\/?page_id=2286"},"modified":"2025-09-01T14:10:32","modified_gmt":"2025-09-01T12:10:32","slug":"tadeusz-barucki-architekt-podroznik-badacz","status":"publish","type":"page","link":"https:\/\/ida.bs.katowice.pl\/index.php\/publikacje\/tadeusz-barucki-architekt-podroznik-badacz\/","title":{"rendered":"Tadeusz Barucki. Architekt-podr\u00f3\u017cnik-badacz"},"content":{"rendered":"<table border=\"0\" cellspacing=\"0\" cellpadding=\"5\">\n<tbody>\n<tr valign=\"top\">\n<td rowspan=\"5\"><img loading=\"lazy\" decoding=\"async\" class=\"wp-image-1328 aligncenter\" src=\"https:\/\/ida.bs.katowice.pl\/wp-content\/uploads\/2022\/07\/009-A.-TB-\u2013-okladka-ksiazki.png\" alt=\"Ok\u0142adka. Tadeusz Barucki\" width=\"300\" height=\"300\"><\/td>\n<td>\n<p class=\"wbg-details-book-title\"><strong>Tytu\u0142:<\/strong><\/p>\n<\/td>\n<td>\n<p class=\"wbg-details-book-title\">Tadeusz Barucki<br \/>\nArchitekt-podr\u00f3\u017cnik-badacz<\/p>\n<\/td>\n<\/tr>\n<tr valign=\"top\">\n<td><b>Wydawca:<\/b><\/td>\n<td>Biblioteka \u015al\u0105ska w Katowicach<\/td>\n<\/tr>\n<tr valign=\"top\">\n<td><b>Rok wydania:<\/b><\/td>\n<td><b><\/b> 2022<\/td>\n<\/tr>\n<tr valign=\"top\">\n<td><b>ISBN:<\/b><\/td>\n<td><b><\/b>978-83-67152-05-1<\/td>\n<\/tr>\n<tr valign=\"top\">\n<td><strong>Dost\u0119pno\u015b\u0107<\/strong><\/td>\n<td><a href=\"https:\/\/wydawnictwo.bs.katowice.pl\/sklep\/tadeusz-barucki-architekt-podroznik-badacz\/\" target=\"_blank\" rel=\"noopener\" aria-label=\"Sprawd\u017a dost\u0119pno\u015b\u0107 ksi\u0105\u017cki: Tadeusz Barucki. Architekt-podr\u00f3\u017cnik-badacz na stronie wydawnictwa\">Sprawd\u017a na stronie Wydawnictwa B\u015a<\/a><\/td>\n<\/tr>\n<\/tbody>\n<\/table>\n<p style=\"text-align: left;\" align=\"justify\">Tadeusz Barucki&nbsp;(1922 r.)&nbsp;\u2013 architekt, podr\u00f3\u017cnik i&nbsp;badacz o&nbsp;niespo\u017cytej potrzebie poznawania \u015bwiata architektury i&nbsp;dokumentowania go. Jego ksi\u0105\u017cki, artyku\u0142y i&nbsp;wyk\u0142ady stworzy\u0142y unikatow\u0105 skarbnic\u0119 wiadomo\u015bci. W&nbsp;czasach, kiedy podr\u00f3\u017cowanie by\u0142o atrakcj\u0105 dost\u0119pn\u0105 nielicznym, zar\u00f3wno w&nbsp;Polsce, jak i&nbsp;w&nbsp;krajach \u00f3wczesnego bloku wschodniego, opowie\u015bci Tadeusza Baruckiego stanowi\u0142y jedyn\u0105 okazj\u0119 do&nbsp;kontaktu z&nbsp;nieznanym \u015bwiatem, za\u015b dla student\u00f3w i&nbsp;architekt\u00f3w na&nbsp;wszystkich kontynentach&nbsp;\u2013 rzetelnym \u017ar\u00f3d\u0142em wiadomo\u015bci o&nbsp;Polsce i&nbsp;naszej cz\u0119\u015bci Europy.<\/p>\n<p style=\"text-align: left;\" align=\"justify\">Odwiedzi\u0142, pozna\u0142 i utrwali\u0142 na fotografiach najwspanialsze budowle \u015bwiata \u2013 historyczne i wsp\u00f3\u0142czesne. W spotkaniach i rozmowach z najwi\u0119kszymi architektami \u015bwiatowymi i polskimi poszukiwa\u0142 definicji architektury. Zebra\u0142 setki wypowiedzi i r\u0119kopis\u00f3w. Stworzy\u0142 z nich swoist\u0105 summ\u0119 architektury wsp\u00f3\u0142czesnej, kt\u00f3ra z pewno\u015bci\u0105 zainspiruje jeszcze wiele pokole\u0144.<\/p>\n<p style=\"text-align: left;\" align=\"justify\">Ksi\u0105\u017cka niniejsza jest pr\u00f3b\u0105 ukazania ogromu dorobku Tadeusza Baruckiego, a&nbsp;zarazem jest prezentem dla Jubilata z&nbsp;okazji jego setnych urodzin.<\/p>\n<p>&nbsp;<\/p>\n<p><strong>Wydawca:<\/strong> Biblioteka \u015al\u0105ska w Katowicach<br \/>\n<strong>Konsultacje merytoryczne:<\/strong> Edyta Barucka, Tadeusz Barucki<br \/>\n<strong>Projekt i opracowanie graficzne ksi\u0105\u017cki:<\/strong> Julia Gi\u017cewska<br \/>\n<strong>Redakcja techniczna, sk\u0142ad:<\/strong> Grzegorz Bociek<br \/>\n<strong>Redakcja j\u0119zykowa, korekta:<\/strong> Marek Szulc, Natalia Klimczyk<br \/>\n<strong>T\u0142umaczenie streszczenia:<\/strong> Edyta Barucka<br \/>\n<strong>Redakcja t\u0142umaczenia:<\/strong> Krzysztof Z. Cieszkowski<br \/>\n<strong>\u00a9 copyright by<\/strong> Biblioteka \u015al\u0105ska, Katowice 2022<br \/>\n<strong>ISBN:<\/strong> 978-83-67152-05-1<\/p>\n<p>&nbsp;<\/p>\n","protected":false},"excerpt":{"rendered":"<p>Tytu\u0142: Tadeusz Barucki Architekt-podr\u00f3\u017cnik-badacz Wydawca: Biblioteka \u015al\u0105ska w Katowicach Rok wydania: 2022 ISBN: 978-83-67152-05-1 Dost\u0119pno\u015b\u0107 Sprawd\u017a na stronie Wydawnictwa B\u015a Tadeusz Barucki&nbsp;(1922 r.)&nbsp;\u2013 architekt, podr\u00f3\u017cnik i&nbsp;badacz o&nbsp;niespo\u017cytej potrzebie poznawania \u015bwiata architektury i&nbsp;dokumentowania go. Jego ksi\u0105\u017cki,<a class=\"read-more\" href=\"https:\/\/ida.bs.katowice.pl\/index.php\/publikacje\/tadeusz-barucki-architekt-podroznik-badacz\/\">Continue reading<\/a><\/p>\n","protected":false},"author":7,"featured_media":0,"parent":1317,"menu_order":0,"comment_status":"closed","ping_status":"closed","template":"page-templates\/page_fullwidth.php","meta":{"advgb_blocks_editor_width":"","advgb_blocks_columns_visual_guide":"","ngg_post_thumbnail":0,"footnotes":""},"class_list":["post-2286","page","type-page","status-publish","hentry"],"coauthors":[],"author_meta":{"author_link":"https:\/\/ida.bs.katowice.pl\/index.php\/author\/peczakm\/","display_name":"Marek P\u0119czak"},"relative_dates":{"created":"Posted 4 lata ago","modified":"Updated 8 miesi\u0119cy ago"},"absolute_dates":{"created":"Posted on 11 sierpnia 2022","modified":"Updated on 1 wrze\u015bnia 2025"},"absolute_dates_time":{"created":"Posted on 11 sierpnia 2022 15:15","modified":"Updated on 1 wrze\u015bnia 2025 14:10"},"featured_img_caption":"","featured_img":false,"series_order":"","_links":{"self":[{"href":"https:\/\/ida.bs.katowice.pl\/index.php\/wp-json\/wp\/v2\/pages\/2286","targetHints":{"allow":["GET"]}}],"collection":[{"href":"https:\/\/ida.bs.katowice.pl\/index.php\/wp-json\/wp\/v2\/pages"}],"about":[{"href":"https:\/\/ida.bs.katowice.pl\/index.php\/wp-json\/wp\/v2\/types\/page"}],"author":[{"embeddable":true,"href":"https:\/\/ida.bs.katowice.pl\/index.php\/wp-json\/wp\/v2\/users\/7"}],"replies":[{"embeddable":true,"href":"https:\/\/ida.bs.katowice.pl\/index.php\/wp-json\/wp\/v2\/comments?post=2286"}],"version-history":[{"count":8,"href":"https:\/\/ida.bs.katowice.pl\/index.php\/wp-json\/wp\/v2\/pages\/2286\/revisions"}],"predecessor-version":[{"id":4012,"href":"https:\/\/ida.bs.katowice.pl\/index.php\/wp-json\/wp\/v2\/pages\/2286\/revisions\/4012"}],"up":[{"embeddable":true,"href":"https:\/\/ida.bs.katowice.pl\/index.php\/wp-json\/wp\/v2\/pages\/1317"}],"wp:attachment":[{"href":"https:\/\/ida.bs.katowice.pl\/index.php\/wp-json\/wp\/v2\/media?parent=2286"}],"curies":[{"name":"wp","href":"https:\/\/api.w.org\/{rel}","templated":true}]}}