{"id":2098,"date":"2022-02-17T14:25:51","date_gmt":"2022-02-17T13:25:51","guid":{"rendered":"https:\/\/ida.bs.katowice.pl\/?page_id=2098"},"modified":"2025-06-03T12:35:39","modified_gmt":"2025-06-03T10:35:39","slug":"istria-lekcja-dla-architekta","status":"publish","type":"page","link":"https:\/\/ida.bs.katowice.pl\/index.php\/wyklady\/architekt-w-podrozy\/istria-lekcja-dla-architekta\/","title":{"rendered":"Istria \u2013 lekcja dla architekta"},"content":{"rendered":"<p style=\"text-align: left;\" align=\"justify\">Serdecznie do obejrzenia kolejnego wyk\u0142ad z cyklu: \u201eArchitekt w podr\u00f3\u017cy\u201d!<\/p>\n<p style=\"text-align: left;\" align=\"justify\">Tym razem przyjrzymy si\u0119 p\u00f3\u0142nocnej cz\u0119\u015bci Morza Adriatyckiego.<\/p>\n<p style=\"text-align: left;\" align=\"justify\">P\u00f3\u0142wysep Istria to per\u0142a Chorwacji, lecz i S\u0142owenii, gdy\u017c jego fragment do niej nale\u017cy. Przez tysi\u0105clecia zmienia\u0142y si\u0119 ludy, narody, pa\u0144stwa, religie. Ka\u017cda zmiana niszczy\u0142a wprawdzie cz\u0119\u015b\u0107 spu\u015bcizny, lecz i wzbogaca\u0142a dorobek kulturowy. Ten za\u015b lokowany by\u0142 w malowniczym krajobrazie \u2013 skalistych zatokach, kamienistych p\u0142askowy\u017cach i takowych wzniesieniach. Powstawa\u0142y porty, plantacje oliwek, uprawy winoro\u015bli, domy wiejskie i st\u0142oczone miejskie kamieniczki. Przez stulecia rz\u0105dzi\u0142a tu Wenecja, co dostrzec mo\u017cna w willach i ko\u015bcio\u0142ach. Mieszcza\u0144stwo Belle epoque i faszyzm te\u017c zostawi\u0142y swe \u015blady a jugos\u0142awia\u0144ski komunizm i trzy ostatnie dekady silnie zmieni\u0142y krajobraz.<\/p>\n<p style=\"text-align: left;\" align=\"justify\">Uwa\u017cny podr\u00f3\u017cnik dostrze\u017ce sukcesy i niepowodzenia wsp\u00f3\u0142czesnych urbanist\u00f3w i architekt\u00f3w. Czego mo\u017ce nauczy\u0107 si\u0119 polski projektant w tym odmiennym kulturowo, spo\u0142ecznie i ekonomicznie terenie? Kt\u00f3re z tamtych do\u015bwiadcze\u0144 mog\u0105 by\u0107 przydatne w naszej rzeczywisto\u015bci? Na te i inne pytania spr\u00f3buje odpowiedzie\u0107 dr in\u017c. arch. Jacek Kami\u0144ski.<\/p>\n<p style=\"text-align: left;\" align=\"justify\">dr in\u017c. arch. Jacek Kami\u0144ski &#8211; antykwariusz (Galeria \u201ePod Manekinem\u201d) oraz architekt. Mi\u0142o\u015bnik historii i dziedzictwa miasta Rybnik, z kt\u00f3rego pochodzi, w tym (niestety gin\u0105cej) spu\u015bcizny architektonicznej. Autor licznych artyku\u0142\u00f3w oraz ksi\u0105\u017cki pod tytu\u0142em \u201eDwudziestowieczne plany urbanistyczne Rybnika i ich realizacje\u201d. Jego misj\u0105 jest ochrona dziedzictwa architektonicznego. Zwi\u0105zany z Archiwum Instytutu Dokumentacji Architektury Biblioteki \u015al\u0105skiej.<\/p>\n<p style=\"text-align: left;\" align=\"justify\">Wyk\u0142ad odby\u0142 si\u0119 na kanale YouTube Instytutu Dokumentacji Architektury Biblioteki \u015al\u0105skiej<br \/>\nLink: <a href=\"https:\/\/youtu.be\/W_rsJcHnwH0\">https:\/\/youtu.be\/W_rsJcHnwH0<\/a><\/p>\n<p style=\"text-align: left;\" align=\"justify\"><iframe loading=\"lazy\" title=\"YouTube video player\" src=\"https:\/\/www.youtube.com\/embed\/W_rsJcHnwH0\" width=\"560\" height=\"315\" frameborder=\"0\" allowfullscreen=\"allowfullscreen\"><\/iframe><\/p>\n","protected":false},"excerpt":{"rendered":"<p>Serdecznie do obejrzenia kolejnego wyk\u0142ad z cyklu: \u201eArchitekt w podr\u00f3\u017cy\u201d! Tym razem przyjrzymy si\u0119 p\u00f3\u0142nocnej cz\u0119\u015bci Morza Adriatyckiego. P\u00f3\u0142wysep Istria to per\u0142a Chorwacji, lecz i S\u0142owenii, gdy\u017c jego fragment do niej nale\u017cy. Przez tysi\u0105clecia zmienia\u0142y<a class=\"read-more\" href=\"https:\/\/ida.bs.katowice.pl\/index.php\/wyklady\/architekt-w-podrozy\/istria-lekcja-dla-architekta\/\">Continue reading<\/a><\/p>\n","protected":false},"author":7,"featured_media":0,"parent":1722,"menu_order":0,"comment_status":"closed","ping_status":"closed","template":"page-templates\/page_fullwidth.php","meta":{"advgb_blocks_editor_width":"","advgb_blocks_columns_visual_guide":"","ngg_post_thumbnail":0,"footnotes":""},"class_list":["post-2098","page","type-page","status-publish","hentry"],"coauthors":[],"author_meta":{"author_link":"https:\/\/ida.bs.katowice.pl\/index.php\/author\/peczakm\/","display_name":"Marek P\u0119czak"},"relative_dates":{"created":"Posted 4 lata ago","modified":"Updated 11 miesi\u0119cy ago"},"absolute_dates":{"created":"Posted on 17 lutego 2022","modified":"Updated on 3 czerwca 2025"},"absolute_dates_time":{"created":"Posted on 17 lutego 2022 14:25","modified":"Updated on 3 czerwca 2025 12:35"},"featured_img_caption":"","featured_img":false,"series_order":"","_links":{"self":[{"href":"https:\/\/ida.bs.katowice.pl\/index.php\/wp-json\/wp\/v2\/pages\/2098","targetHints":{"allow":["GET"]}}],"collection":[{"href":"https:\/\/ida.bs.katowice.pl\/index.php\/wp-json\/wp\/v2\/pages"}],"about":[{"href":"https:\/\/ida.bs.katowice.pl\/index.php\/wp-json\/wp\/v2\/types\/page"}],"author":[{"embeddable":true,"href":"https:\/\/ida.bs.katowice.pl\/index.php\/wp-json\/wp\/v2\/users\/7"}],"replies":[{"embeddable":true,"href":"https:\/\/ida.bs.katowice.pl\/index.php\/wp-json\/wp\/v2\/comments?post=2098"}],"version-history":[{"count":2,"href":"https:\/\/ida.bs.katowice.pl\/index.php\/wp-json\/wp\/v2\/pages\/2098\/revisions"}],"predecessor-version":[{"id":2587,"href":"https:\/\/ida.bs.katowice.pl\/index.php\/wp-json\/wp\/v2\/pages\/2098\/revisions\/2587"}],"up":[{"embeddable":true,"href":"https:\/\/ida.bs.katowice.pl\/index.php\/wp-json\/wp\/v2\/pages\/1722"}],"wp:attachment":[{"href":"https:\/\/ida.bs.katowice.pl\/index.php\/wp-json\/wp\/v2\/media?parent=2098"}],"curies":[{"name":"wp","href":"https:\/\/api.w.org\/{rel}","templated":true}]}}