{"id":1728,"date":"2021-09-28T15:27:40","date_gmt":"2021-09-28T13:27:40","guid":{"rendered":"https:\/\/ida.bs.katowice.pl\/?page_id=1728"},"modified":"2025-06-03T12:36:03","modified_gmt":"2025-06-03T10:36:03","slug":"noc-muzeow-z-gwiazdami","status":"publish","type":"page","link":"https:\/\/ida.bs.katowice.pl\/index.php\/wyklady\/z-archiwum-architektow\/noc-muzeow-z-gwiazdami\/","title":{"rendered":"Noc Muze\u00f3w z Gwiazdami"},"content":{"rendered":"<p style=\"text-align: left;\" align=\"justify\">Z okazji og\u00f3lnopolskiej Nocy Muze\u00f3w Instytut Dokumentacji Architektury Biblioteki \u015al\u0105skiej zaprasza na inauguracyjne otwarcie cyklu \u201ez Archiwum Architekt\u00f3w\u201d. Kilkuminutowa filmowa prezentacja pt.\u201eOsiedle GWIAZDY w Katowicach\u201d, zosta\u0142a zrealizowana przez pracownik\u00f3w IDA \u2013 B\u015a w oparciu o archiwaln\u0105 dokumentacj\u0119 fotograficzn\u0105 i projektow\u0105, znajduj\u0105c\u0105 si\u0119 w zbiorach Instytutu Dokumentacji Architektury przy ul. Francuskiej 12 w Katowicach. Sam cykl b\u0119dzie posiada\u0142 form\u0119 kr\u00f3tkich film\u00f3w promocyjnych zapraszaj\u0105cych do wsp\u00f3lnych spacer\u00f3w po przestrzeni i architekturze powojennych Katowic.<\/p>\n<p style=\"text-align: left;\" align=\"justify\">Siedem wie\u017cowc\u00f3w osiedla Walentego Ro\u017adzie\u0144skiego zosta\u0142o zaprojektowanych na rzucie gwiazdy przez wybitnych \u015bl\u0105skich architekt\u00f3w: Henryka Buszko, Aleksandra Frant\u0119 i Tadeusza Szewczyka. Powsta\u0142y w latach 70. XX wieku na terenach dawnej kopalni KWK Katowice. W czasach \u201es\u0142usznie minionych\u201d by\u0142y synonimem nowoczesno\u015bci i elegancji. Obecnie nadal mieszka si\u0119 w nich wygodnie oraz s\u0105 przyk\u0142adem doskona\u0142ej \u015bl\u0105skiej architektury i dziedzictwa architektonicznego 2 po\u0142owy XX wieku.<\/p>\n<p style=\"text-align: left;\" align=\"justify\">Film dost\u0119pny jest na oficjalnym kanale YouTube Instytutu Dokumentacji Architektury<\/p>\n<p style=\"text-align: left;\"><iframe loading=\"lazy\" title=\"YouTube video player\" src=\"https:\/\/www.youtube.com\/embed\/1DPyeb9vNPk\" width=\"560\" height=\"315\" frameborder=\"0\" allowfullscreen=\"allowfullscreen\"><\/iframe><\/p>\n<p style=\"text-align: left;\" align=\"justify\">Realny Spacer z IDA-BS po Osiedlu W. Ro\u017adzie\u0144skiego w Katowicach odb\u0119dzie si\u0119 w terminie p\u00f3\u017aniejszym, na kt\u00f3ry ju\u017c Pa\u0144stwa zapraszamy.<\/p>\n<p style=\"text-align: left;\" align=\"justify\"><img loading=\"lazy\" decoding=\"async\" class=\"zoooom aligncenter wp-image-1301 \" src=\"https:\/\/ida.bs.katowice.pl\/wp-content\/uploads\/2021\/05\/Marek_Peczak-DSL_0016-1-scaled.jpg\" alt=\"\" width=\"494\" height=\"348\"><\/p>\n<p style=\"text-align: left;\" align=\"justify\">Zdj\u0119cie z budowy jednej z &#8222;Gwiazd&#8221;<br \/>\nAutorzy: Henryk Buszko, Aleksander Franta, Tadeusz Szewczyk<br \/>\nZbiory Instytutu Dokumentacji Architektury Biblioteki \u015al\u0105skiej<\/p>\n<p align=\"justify\">&nbsp;<\/p>\n","protected":false},"excerpt":{"rendered":"<p>Z okazji og\u00f3lnopolskiej Nocy Muze\u00f3w Instytut Dokumentacji Architektury Biblioteki \u015al\u0105skiej zaprasza na inauguracyjne otwarcie cyklu \u201ez Archiwum Architekt\u00f3w\u201d. Kilkuminutowa filmowa prezentacja pt.\u201eOsiedle GWIAZDY w Katowicach\u201d, zosta\u0142a zrealizowana przez pracownik\u00f3w IDA \u2013 B\u015a w oparciu o<a class=\"read-more\" href=\"https:\/\/ida.bs.katowice.pl\/index.php\/wyklady\/z-archiwum-architektow\/noc-muzeow-z-gwiazdami\/\">Continue reading<\/a><\/p>\n","protected":false},"author":7,"featured_media":0,"parent":1726,"menu_order":0,"comment_status":"closed","ping_status":"closed","template":"page-templates\/page_fullwidth.php","meta":{"advgb_blocks_editor_width":"","advgb_blocks_columns_visual_guide":"","ngg_post_thumbnail":0,"footnotes":""},"class_list":["post-1728","page","type-page","status-publish","hentry"],"coauthors":[],"author_meta":{"author_link":"https:\/\/ida.bs.katowice.pl\/index.php\/author\/peczakm\/","display_name":"Marek P\u0119czak"},"relative_dates":{"created":"Posted 5 lat ago","modified":"Updated 10 miesi\u0119cy ago"},"absolute_dates":{"created":"Posted on 28 wrze\u015bnia 2021","modified":"Updated on 3 czerwca 2025"},"absolute_dates_time":{"created":"Posted on 28 wrze\u015bnia 2021 15:27","modified":"Updated on 3 czerwca 2025 12:36"},"featured_img_caption":"","featured_img":false,"series_order":"","_links":{"self":[{"href":"https:\/\/ida.bs.katowice.pl\/index.php\/wp-json\/wp\/v2\/pages\/1728","targetHints":{"allow":["GET"]}}],"collection":[{"href":"https:\/\/ida.bs.katowice.pl\/index.php\/wp-json\/wp\/v2\/pages"}],"about":[{"href":"https:\/\/ida.bs.katowice.pl\/index.php\/wp-json\/wp\/v2\/types\/page"}],"author":[{"embeddable":true,"href":"https:\/\/ida.bs.katowice.pl\/index.php\/wp-json\/wp\/v2\/users\/7"}],"replies":[{"embeddable":true,"href":"https:\/\/ida.bs.katowice.pl\/index.php\/wp-json\/wp\/v2\/comments?post=1728"}],"version-history":[{"count":9,"href":"https:\/\/ida.bs.katowice.pl\/index.php\/wp-json\/wp\/v2\/pages\/1728\/revisions"}],"predecessor-version":[{"id":3918,"href":"https:\/\/ida.bs.katowice.pl\/index.php\/wp-json\/wp\/v2\/pages\/1728\/revisions\/3918"}],"up":[{"embeddable":true,"href":"https:\/\/ida.bs.katowice.pl\/index.php\/wp-json\/wp\/v2\/pages\/1726"}],"wp:attachment":[{"href":"https:\/\/ida.bs.katowice.pl\/index.php\/wp-json\/wp\/v2\/media?parent=1728"}],"curies":[{"name":"wp","href":"https:\/\/api.w.org\/{rel}","templated":true}]}}