{"id":1724,"date":"2021-08-30T20:15:59","date_gmt":"2021-08-30T18:15:59","guid":{"rendered":"https:\/\/ida.bs.katowice.pl\/?page_id=1724"},"modified":"2025-06-03T12:34:38","modified_gmt":"2025-06-03T10:34:38","slug":"bialy-tel-awiw","status":"publish","type":"page","link":"https:\/\/ida.bs.katowice.pl\/index.php\/wyklady\/architekt-w-podrozy\/bialy-tel-awiw\/","title":{"rendered":"Bia\u0142y Tel Awiw"},"content":{"rendered":"<p align=\"justify\">Serdecznie zapraszamy na nowy cykl wyk\u0142adowy: &#8222;Architekt w podr\u00f3\u017cy&#8221;, kt\u00f3ry zosta\u0142o rozpocz\u0119te wyk\u0142adem dr in\u017c. arch. Ryszarda Nakoniecznego pt. &#8222;Bia\u0142y Tel Awiw.<\/p>\n<p>Tel Awiw narodzi\u0142 si\u0119 w 1909 roku, staj\u0105c si\u0119 pr\u0119dko metropoli\u0105 m\u0142odego pa\u0144stwa Izrael, proklamowanego decyzj\u0105 ONZ w 1948 roku. Jego geneza si\u0119ga jednak roku 1884, kiedy to w pruskich Katowicach na zebraniu delegat\u00f3w Ruchu Mi\u0142o\u015bnik\u00f3w Syjonu, powo\u0142any zosta\u0142 \u017cydowski ruch osadniczy na terenie \u00f3wczesnej Palestyny. W okresie mi\u0119dzywojennym i po II wojnie \u015bwiatowej ruch ten przybra\u0142 znacz\u0105cy wymiar, a architektura bia\u0142ego modernizmu sta\u0142a si\u0119 jego najpe\u0142niejszym wyrazem. Obecnie na terenie miasta zachowa\u0142o si\u0119 ponad 4 tysi\u0105ce budynk\u00f3w reprezentuj\u0105cych ten styl. Autorami wielu z nich byli m\u0142odzi absolwenci Bauhausu, kt\u00f3rzy nierzadko pochodzili z dawnych ziem Rzeczpospolitej. W 2003 roku najbardziej warto\u015bciowe realizacje zosta\u0142y wpisane na list\u0119 \u015bwiatowego dziedzictwa kultury UNESCO. Na wyk\u0142adzie przedstawiona zostanie geneza architektury i urbanistyki miasta wraz z jej najbardziej progresywnym okresem i Wystawami Lewanty\u0144skimi z 1932, 1934 i 1936 roku, na kt\u00f3rych Polska mia\u0142a swoje pawilony ekspozycyjne.<\/p>\n<p align=\"justify\">dr in\u017c. arch. Ryszard Nakonieczny<br \/>\nadiunkt w Katedrze Teorii Projektowania i Historii Architektury. Wsp\u00f3\u0142autor i redaktor ksi\u0105\u017cek: S\u0142ynne wille Polski oraz Oblicza modernizmu w architekturze. Specjalizuje si\u0119 w historii architektury wsp\u00f3\u0142czesnej oraz ochronie dziedzictwa kultury najnowszej.<\/p>\n<p align=\"justify\">Wyk\u0142ad dost\u0119pny na kanale YouTube Instytutu Dokumentacji Architektury Biblioteki \u015al\u0105skiej<br \/>\nLink: <a href=\"https:\/\/youtu.be\/WqAGesPpOqM\">https:\/\/youtu.be\/yNrouZ4CFCU<\/a><\/p>\n<p><iframe loading=\"lazy\" title=\"YouTube video player\" src=\"https:\/\/www.youtube.com\/embed\/WqAGesPpOqM\" width=\"560\" height=\"315\" frameborder=\"0\" allowfullscreen=\"allowfullscreen\"><\/iframe><\/p>\n","protected":false},"excerpt":{"rendered":"<p>Serdecznie zapraszamy na nowy cykl wyk\u0142adowy: &#8222;Architekt w podr\u00f3\u017cy&#8221;, kt\u00f3ry zosta\u0142o rozpocz\u0119te wyk\u0142adem dr in\u017c. arch. Ryszarda Nakoniecznego pt. &#8222;Bia\u0142y Tel Awiw. Tel Awiw narodzi\u0142 si\u0119 w 1909 roku, staj\u0105c si\u0119 pr\u0119dko metropoli\u0105 m\u0142odego pa\u0144stwa<a class=\"read-more\" href=\"https:\/\/ida.bs.katowice.pl\/index.php\/wyklady\/architekt-w-podrozy\/bialy-tel-awiw\/\">Continue reading<\/a><\/p>\n","protected":false},"author":7,"featured_media":0,"parent":1722,"menu_order":0,"comment_status":"closed","ping_status":"closed","template":"page-templates\/page_fullwidth.php","meta":{"advgb_blocks_editor_width":"","advgb_blocks_columns_visual_guide":"","ngg_post_thumbnail":0,"footnotes":""},"class_list":["post-1724","page","type-page","status-publish","hentry"],"coauthors":[],"author_meta":{"author_link":"https:\/\/ida.bs.katowice.pl\/index.php\/author\/peczakm\/","display_name":"Marek P\u0119czak"},"relative_dates":{"created":"Posted 5 lat ago","modified":"Updated 10 miesi\u0119cy ago"},"absolute_dates":{"created":"Posted on 30 sierpnia 2021","modified":"Updated on 3 czerwca 2025"},"absolute_dates_time":{"created":"Posted on 30 sierpnia 2021 20:15","modified":"Updated on 3 czerwca 2025 12:34"},"featured_img_caption":"","featured_img":false,"series_order":"","_links":{"self":[{"href":"https:\/\/ida.bs.katowice.pl\/index.php\/wp-json\/wp\/v2\/pages\/1724","targetHints":{"allow":["GET"]}}],"collection":[{"href":"https:\/\/ida.bs.katowice.pl\/index.php\/wp-json\/wp\/v2\/pages"}],"about":[{"href":"https:\/\/ida.bs.katowice.pl\/index.php\/wp-json\/wp\/v2\/types\/page"}],"author":[{"embeddable":true,"href":"https:\/\/ida.bs.katowice.pl\/index.php\/wp-json\/wp\/v2\/users\/7"}],"replies":[{"embeddable":true,"href":"https:\/\/ida.bs.katowice.pl\/index.php\/wp-json\/wp\/v2\/comments?post=1724"}],"version-history":[{"count":1,"href":"https:\/\/ida.bs.katowice.pl\/index.php\/wp-json\/wp\/v2\/pages\/1724\/revisions"}],"predecessor-version":[{"id":1725,"href":"https:\/\/ida.bs.katowice.pl\/index.php\/wp-json\/wp\/v2\/pages\/1724\/revisions\/1725"}],"up":[{"embeddable":true,"href":"https:\/\/ida.bs.katowice.pl\/index.php\/wp-json\/wp\/v2\/pages\/1722"}],"wp:attachment":[{"href":"https:\/\/ida.bs.katowice.pl\/index.php\/wp-json\/wp\/v2\/media?parent=1724"}],"curies":[{"name":"wp","href":"https:\/\/api.w.org\/{rel}","templated":true}]}}