{"id":1648,"date":"2020-11-29T15:15:29","date_gmt":"2020-11-29T14:15:29","guid":{"rendered":"https:\/\/ida.bs.katowice.pl\/?page_id=1648"},"modified":"2025-06-10T12:51:04","modified_gmt":"2025-06-10T10:51:04","slug":"a-film-portrait-of-stanislaw-niemczyk-architect","status":"publish","type":"page","link":"https:\/\/ida.bs.katowice.pl\/index.php\/en\/film-library\/a-film-portrait-of-stanislaw-niemczyk-architect\/","title":{"rendered":"A Film Portrait of Stanis\u0142aw Niemczyk, Architect"},"content":{"rendered":"<center><iframe loading=\"lazy\" src=\"https:\/\/www.youtube.com\/embed\/TIsON6a_33s\" width=\"560\" height=\"315\" frameborder=\"0\" allowfullscreen=\"allowfullscreen\"><\/iframe><\/center>\r\n\r\n\r\n<blockquote>\r\n<p style=\"text-align: left;\" align=\"justify\">Stanis\u0142aw Niemczyk (1943 &#8211; 2019) was one of the most outstanding and original creators of Polish contemporary architecture. Born in Czechowice-Dziedzice, he graduated from the Faculty of Architecture at the Cracow University of Technology (1968) and spent most of his professional and family life in Tychy. After 1968 he worked at the Office of General Construction Projects on Miastoprojekt (urban project) \u2018Nowe Tychy\u2019, and from 1985 for private design companies ARCH SiM and ARS Architektura. As an architect, artist and man, he drew strength from faith, sought inspiration in the beauty of nature and cultivated traditional ways of building. His individual style can be found in residential and service buildings and in the numerous sacred buildings designed by him.<\/p>\r\n<\/blockquote>\r\n<p style=\"text-align: left;\" align=\"justify\">The project \u2018A collection of film portraits of architects of Upper Silesia from the second half of the 20th century\u2019 presents profiles of the following architects: Stanis\u0142aw Niemczyk, Marek and Ewa Dzieko\u0144ski, Jerzy Witeczek, Janusz and Bo\u017cena W\u0142odarczyk, all representatives of post-war architecture in Upper Silesia, and also architect Tadeusz Barucki &#8211; art historian and documentarian &#8211; who sets out the achievements of world architecture of that period. It is important in this project to not merely present post-1945 architectural heritage and associated surviving design documentation, but also, and perhaps first and foremost, to display profiles of their creators and their complex biographies and personalities. Our collection of film portraits constitutes a part of the documenting, archiving, research and popularisation activities of the Institute of Architecture Documentation at the Silesian Library.<\/p>\r\n<p style=\"text-align: left;\">The project is co-financed by the Polish History Museum in Warsaw as part of the \u2018Patriotism of Tomorrow\u2019 programme. Thumbnail photograph by Iwona Wander<\/p>\r\n\r\n\r\n<center><a href=\"http:\/\/creativecommons.org\/licenses\/by\/3.0\/pl\/\" rel=\"license\"><img decoding=\"async\" style=\"border-width: 0;\" src=\"https:\/\/i.creativecommons.org\/l\/by\/3.0\/pl\/88x31.png\" alt=\"Licencja Creative Commons\"><\/a> <br>This work is available under <a href=\"http:\/\/creativecommons.org\/licenses\/by\/3.0\/pl\/\" rel=\"license\">license Creative Commons Uznanie autorstwa 3.0 Polska<\/a>. <br>(Creative Commons Attribution 3.0 Poland licence).<\/center>","protected":false},"excerpt":{"rendered":"<p>Stanis\u0142aw Niemczyk (1943 &#8211; 2019) was one of the most outstanding and original creators of Polish contemporary architecture. Born in Czechowice-Dziedzice, he graduated from the Faculty of Architecture at the Cracow University of Technology (1968)<a class=\"read-more\" href=\"https:\/\/ida.bs.katowice.pl\/index.php\/en\/film-library\/a-film-portrait-of-stanislaw-niemczyk-architect\/\">Continue reading<\/a><\/p>\n","protected":false},"author":7,"featured_media":0,"parent":1636,"menu_order":0,"comment_status":"closed","ping_status":"closed","template":"page-templates\/page_fullwidth.php","meta":{"advgb_blocks_editor_width":"","advgb_blocks_columns_visual_guide":"","ngg_post_thumbnail":0,"footnotes":""},"class_list":["post-1648","page","type-page","status-publish","hentry"],"coauthors":[],"author_meta":{"author_link":"https:\/\/ida.bs.katowice.pl\/index.php\/author\/peczakm\/","display_name":"Marek P\u0119czak"},"relative_dates":{"created":"Posted 5 lat ago","modified":"Updated 10 miesi\u0119cy ago"},"absolute_dates":{"created":"Posted on 29 listopada 2020","modified":"Updated on 10 czerwca 2025"},"absolute_dates_time":{"created":"Posted on 29 listopada 2020 15:15","modified":"Updated on 10 czerwca 2025 12:51"},"featured_img_caption":"","featured_img":false,"series_order":"","_links":{"self":[{"href":"https:\/\/ida.bs.katowice.pl\/index.php\/wp-json\/wp\/v2\/pages\/1648","targetHints":{"allow":["GET"]}}],"collection":[{"href":"https:\/\/ida.bs.katowice.pl\/index.php\/wp-json\/wp\/v2\/pages"}],"about":[{"href":"https:\/\/ida.bs.katowice.pl\/index.php\/wp-json\/wp\/v2\/types\/page"}],"author":[{"embeddable":true,"href":"https:\/\/ida.bs.katowice.pl\/index.php\/wp-json\/wp\/v2\/users\/7"}],"replies":[{"embeddable":true,"href":"https:\/\/ida.bs.katowice.pl\/index.php\/wp-json\/wp\/v2\/comments?post=1648"}],"version-history":[{"count":4,"href":"https:\/\/ida.bs.katowice.pl\/index.php\/wp-json\/wp\/v2\/pages\/1648\/revisions"}],"predecessor-version":[{"id":3922,"href":"https:\/\/ida.bs.katowice.pl\/index.php\/wp-json\/wp\/v2\/pages\/1648\/revisions\/3922"}],"up":[{"embeddable":true,"href":"https:\/\/ida.bs.katowice.pl\/index.php\/wp-json\/wp\/v2\/pages\/1636"}],"wp:attachment":[{"href":"https:\/\/ida.bs.katowice.pl\/index.php\/wp-json\/wp\/v2\/media?parent=1648"}],"curies":[{"name":"wp","href":"https:\/\/api.w.org\/{rel}","templated":true}]}}