{"id":1636,"date":"2021-08-26T14:51:56","date_gmt":"2021-08-26T12:51:56","guid":{"rendered":"https:\/\/ida.bs.katowice.pl\/?page_id=1636"},"modified":"2023-06-07T12:12:03","modified_gmt":"2023-06-07T10:12:03","slug":"film-library","status":"publish","type":"page","link":"https:\/\/ida.bs.katowice.pl\/index.php\/en\/film-library\/","title":{"rendered":"Film library"},"content":{"rendered":"<blockquote>\n<p style=\"text-align: left;\"><span style=\"text-align: left;\">Projekt: \u201eA collection of film portraits of architects of Upper Silesia from the second half of the 20th century\u2019 presents profiles of the following architects: Stanis\u0142aw Niemczyk, Marek and Ewa Dzieko\u0144ski, Jerzy Witeczek, Janusz and Bo\u017cena W\u0142odarczyk, all representatives of post-war architecture in Upper Silesia, and also architect Tadeusz Barucki \u2013 art historian and documentarian \u2013 who sets out the achievements of world architecture of that period.\u201d&nbsp;<\/span><\/p>\n<\/blockquote>\n<div class=\"entry-content\">\n<div class=\"wbg-main-wrapper wbg-product-column-3 wbg-product-column-mobile-1\">\n<div class=\"wbg-item\"><a class=\"wgb-item-link\" href=\"https:\/\/ida.bs.katowice.pl\/index.php\/en\/film-library\/a-film-portrait-of-tadeusz-barucki-architect\/\"><br \/>\n<img decoding=\"async\" src=\"https:\/\/ida.bs.katowice.pl\/wp-content\/uploads\/2021\/01\/5-scaled.jpg\" alt=\"No Image Available\" width=\"200\"><br \/>\nTadeusz Barucki, Architect<\/a><\/p>\n<div class=\"wbg-description-content\">\n<p style=\"text-align: left;\" align=\"justify\">He is one of the most famous architects and travellers of the second half of the 20th century, researching, documenting and popularising the achievements of world architecture in Poland, and promoting Polish architecture in the world \u2013 \u2018ambassador\u2019 and \u2018window to the world\u2019 to the post-war architectural community of Eastern Europe.<\/p>\n<\/div>\n<div class=\"wbg-description-content\">&nbsp;<\/div>\n<\/div>\n<div class=\"wbg-item\"><a class=\"wgb-item-link\" href=\"https:\/\/ida.bs.katowice.pl\/index.php\/en\/film-library\/a-film-portrait-of-marek-and-ewa-dziekonski-architects\/\"><br \/>\n<img decoding=\"async\" src=\"https:\/\/ida.bs.katowice.pl\/wp-content\/uploads\/2021\/01\/4.jpg\" alt=\"No Image Available\" width=\"200\"><br \/>\nMarek and Ewa Dzieko\u0144ski, Architects<\/a><\/p>\n<div class=\"wbg-description-content\">\n<p style=\"text-align: left;\" align=\"justify\">Marek and Ewa Dzieko\u0144ski are one of several pairs of architects who, together with Hanna Adamczewska and Kazimierz Wejchert, Maria and Andrzej Czy\u017cewski, and Bo\u017cena and Janusz W\u0142odarczyk, co-created the town of Nowe Tychy.<\/p>\n<\/div>\n<div class=\"wbg-description-content\">&nbsp;<\/div>\n<\/div>\n<div class=\"wbg-item\"><a class=\"wgb-item-link\" href=\"https:\/\/ida.bs.katowice.pl\/index.php\/en\/film-library\/a-film-portrait-of-stanislaw-niemczyk-architect\/\"><br \/>\n<img decoding=\"async\" src=\"https:\/\/ida.bs.katowice.pl\/wp-content\/uploads\/2021\/01\/1.jpg\" alt=\"No Image Available\" width=\"200\"><br \/>\nStanis\u0142aw Niemczyk, Architect<\/a><\/p>\n<div class=\"wbg-description-content\">\n<p style=\"text-align: left;\" align=\"justify\">One of the most outstanding and original creators of Polish contemporary architecture. Born in Czechowice-Dziedzice, he graduated from the Faculty of Architecture at the Cracow University of Technology (1968) and spent most of his professional and family life in Tychy.<\/p>\n<\/div>\n<\/div>\n<div class=\"wbg-item\"><a class=\"wgb-item-link\" href=\"https:\/\/ida.bs.katowice.pl\/index.php\/en\/film-library\/a-film-portrait-of-jerzy-witeczek-architect\/\"><br \/>\n<img decoding=\"async\" src=\"https:\/\/ida.bs.katowice.pl\/wp-content\/uploads\/2021\/01\/2-scaled.jpg\" alt=\"No Image Available\" width=\"200\"><br \/>\nJerzy Witeczek, Architect <\/a><\/p>\n<div class=\"wbg-description-content\">\n<p style=\"text-align: left;\" align=\"justify\">Author of over 150 completed constructions in Poland and abroad. Winner of almost thirty awards and distinctions in national and international competitions.<\/p>\n<\/div>\n<\/div>\n<div class=\"wbg-item\"><a class=\"wgb-item-link\" href=\"https:\/\/ida.bs.katowice.pl\/index.php\/en\/film-library\/a-film-portrait-of-janusz-and-bozena-wlodarczyk-architects\/\"><br \/>\n<img decoding=\"async\" src=\"https:\/\/ida.bs.katowice.pl\/wp-content\/uploads\/2021\/01\/3.jpg\" alt=\"No Image Available\" width=\"300\"><br \/>\nJanusz and Bo\u017cena W\u0142odarczyk, Architects <\/a><\/p>\n<div class=\"wbg-description-content\">\n<p style=\"text-align: left;\" align=\"justify\">At the end of the 1950s, at the invitation of Kazimierz and Hanna Wejchert, they came to Upper Silesia where they linked their professional and private lives during the construction of the new Tychy. Their joint projects and implementation of educational, residential, service, commercial and sacred buildings have become a permanent feature of the town\u2019s landscape and that of many other towns in the Silesian voivodeship.<\/p>\n<\/div>\n<\/div>\n<\/div>\n<\/div>\n<style class=\"advgb-styles-renderer\"><span data-mce-type=\"bookmark\" style=\"display: inline-block; width: 0px; overflow: hidden; line-height: 0;\" class=\"mce_SELRES_start\">\ufeff<\/span><span data-mce-type=\"bookmark\" style=\"display: inline-block; width: 0px; overflow: hidden; line-height: 0;\" class=\"mce_SELRES_start\">\ufeff<\/span><span style=\"display: inline-block; width: 0px; overflow: hidden; line-height: 0;\" data-mce-type=\"bookmark\" class=\"mce_SELRES_start\">\ufeff<\/span><span style=\"display: inline-block; width: 0px; overflow: hidden; line-height: 0;\" data-mce-type=\"bookmark\" class=\"mce_SELRES_start\">\ufeff<\/span><span style=\"display: inline-block; width: 0px; overflow: hidden; line-height: 0;\" data-mce-type=\"bookmark\" class=\"mce_SELRES_start\">\ufeff<\/span><span style=\"display: inline-block; width: 0px; overflow: hidden; line-height: 0;\" data-mce-type=\"bookmark\" class=\"mce_SELRES_start\">\ufeff<\/span><span style=\"display: inline-block; width: 0px; overflow: hidden; line-height: 0;\" data-mce-type=\"bookmark\" class=\"mce_SELRES_start\">\ufeff<\/span><br \/>.button {<br \/>  background-color: #4CAF50; \/* Green *\/<br \/>  border: none;<br \/>  color: white;<br \/>  padding: 15px 32px;<br \/>  text-align: center;<br \/>  text-decoration: none;<br \/>  display: inline-block;<br \/>  font-size: 16px;<br \/>  margin: 4px 2px;<br \/>  cursor: pointer;<br \/>}<br \/>.button3 {background-color: #ff2600;} \/* Red *\/<br \/>\n  .wbg-search-container .wbg-search-item .submit-btn {<br \/>    background: <span style=\"display: inline-block; width: 0px; overflow: hidden; line-height: 0;\" data-mce-type=\"bookmark\" class=\"mce_SELRES_start\">\ufeff<\/span>#ff7e00<span style=\"display: inline-block; width: 0px; overflow: hidden; line-height: 0;\" data-mce-type=\"bookmark\" class=\"mce_SELRES_end\">\ufeff<\/span>;<br \/>    box-shadow: 0 3px 0px 0.5px #dd9933;<br \/>    color: #000000;<br \/>  }<br \/>  .wbg-main-wrapper .wbg-item {<br \/>    border: 1px solid #DDDDDD;<br \/>    background-color: #FFFFFF;<br \/>  }<br \/>  .wbg-main-wrapper .wbg-item img {<br \/>    width: auto !important;<br \/>    height: 150px !important;<br \/>  }<br \/>  .wbg-main-wrapper .wbg-item img:hover {<br \/>      }<br \/>  .wbg-main-wrapper .wbg-item a.wbg-btn {<br \/>    background: #ff0000 !important;<br \/>    color: #FFFFFF !important;<br \/>  }<br \/>  .wbg-main-wrapper .wbg-item .wgb-item-link {<br \/>    color: <span style=\"display: inline-block; width: 0px; overflow: hidden; line-height: 0;\" data-mce-type=\"bookmark\" class=\"mce_SELRES_start\">\ufeff<\/span>#242424<span style=\"display: inline-block; width: 0px; overflow: hidden; line-height: 0;\" data-mce-type=\"bookmark\" class=\"mce_SELRES_end\">\ufeff<\/span> !important;<br \/>    font-size: 12px !important;<br \/>  }<br \/>  .wbg-main-wrapper .wbg-item .wgb-item-link:hover {<br \/>    color: #999999 !important;<br \/>  }<br \/>  .wbg-main-wrapper .wbg-item .wbg-description-content {<br \/>    font-size: 12px !important;<br \/>    color: #242424 !important;<br \/>  }<\/p>\n<p>  @-webkit-keyframes rotation {<br \/>        from {<br \/>                -webkit-transform: rotate(0deg);<br \/>        }<br \/>        to {<br \/>                -webkit-transform: rotate(360deg);<br \/>        }<br \/>  }<br \/><\/style>\n","protected":false},"excerpt":{"rendered":"<p>Projekt: \u201eA collection of film portraits of architects of Upper Silesia from the second half of the 20th century\u2019 presents profiles of the following architects: Stanis\u0142aw Niemczyk, Marek and Ewa Dzieko\u0144ski, Jerzy Witeczek, Janusz and<a class=\"read-more\" href=\"https:\/\/ida.bs.katowice.pl\/index.php\/en\/film-library\/\">Continue reading<\/a><\/p>\n","protected":false},"author":7,"featured_media":0,"parent":0,"menu_order":0,"comment_status":"closed","ping_status":"closed","template":"page-templates\/page_fullwidth.php","meta":{"advgb_blocks_editor_width":"","advgb_blocks_columns_visual_guide":"","ngg_post_thumbnail":0,"footnotes":""},"class_list":["post-1636","page","type-page","status-publish","hentry"],"coauthors":[],"author_meta":{"author_link":"https:\/\/ida.bs.katowice.pl\/index.php\/author\/peczakm\/","display_name":"Marek P\u0119czak"},"relative_dates":{"created":"Posted 5 lat ago","modified":"Updated 3 lata ago"},"absolute_dates":{"created":"Posted on 26 sierpnia 2021","modified":"Updated on 7 czerwca 2023"},"absolute_dates_time":{"created":"Posted on 26 sierpnia 2021 14:51","modified":"Updated on 7 czerwca 2023 12:12"},"featured_img_caption":"","featured_img":false,"series_order":"","_links":{"self":[{"href":"https:\/\/ida.bs.katowice.pl\/index.php\/wp-json\/wp\/v2\/pages\/1636","targetHints":{"allow":["GET"]}}],"collection":[{"href":"https:\/\/ida.bs.katowice.pl\/index.php\/wp-json\/wp\/v2\/pages"}],"about":[{"href":"https:\/\/ida.bs.katowice.pl\/index.php\/wp-json\/wp\/v2\/types\/page"}],"author":[{"embeddable":true,"href":"https:\/\/ida.bs.katowice.pl\/index.php\/wp-json\/wp\/v2\/users\/7"}],"replies":[{"embeddable":true,"href":"https:\/\/ida.bs.katowice.pl\/index.php\/wp-json\/wp\/v2\/comments?post=1636"}],"version-history":[{"count":7,"href":"https:\/\/ida.bs.katowice.pl\/index.php\/wp-json\/wp\/v2\/pages\/1636\/revisions"}],"predecessor-version":[{"id":2756,"href":"https:\/\/ida.bs.katowice.pl\/index.php\/wp-json\/wp\/v2\/pages\/1636\/revisions\/2756"}],"wp:attachment":[{"href":"https:\/\/ida.bs.katowice.pl\/index.php\/wp-json\/wp\/v2\/media?parent=1636"}],"curies":[{"name":"wp","href":"https:\/\/api.w.org\/{rel}","templated":true}]}}