{"id":1593,"date":"2021-03-21T16:03:44","date_gmt":"2021-03-21T15:03:44","guid":{"rendered":"https:\/\/ida.bs.katowice.pl\/?page_id=1593"},"modified":"2025-07-02T11:48:54","modified_gmt":"2025-07-02T09:48:54","slug":"spotlights-an-interdisciplinary-look-at-the-architectural-heritage-of-upper-silesia-in-the-second-half-of-the-20th-century","status":"publish","type":"page","link":"https:\/\/ida.bs.katowice.pl\/index.php\/en\/publications\/spotlights-an-interdisciplinary-look-at-the-architectural-heritage-of-upper-silesia-in-the-second-half-of-the-20th-century\/","title":{"rendered":"Spotlights. An interdisciplinary look at the architectural heritage of Upper Silesia in the second half of the 20th century"},"content":{"rendered":"<p>&nbsp;<\/p>\n<table style=\"height: 282px;\" border=\"0\" width=\"1009\" cellspacing=\"0\" cellpadding=\"5\">\n<tbody>\n<tr valign=\"top\">\n<td rowspan=\"5\"><img decoding=\"async\" class=\"wp-image-1328 aligncenter\" src=\"https:\/\/ida.bs.katowice.pl\/wp-content\/uploads\/2021\/03\/OKLADKA-scaled.jpg\" alt=\"\" width=\"300\"><\/td>\n<td>\n<p class=\"wbg-details-book-title\"><strong>Title:<\/strong><\/p>\n<\/td>\n<td>\n<p class=\"wbg-details-book-title\">Reflektory. Interdyscyplinarne spojrzenie na dziedzictwo architektury G\u00f3rnego \u015al\u0105ska drugiej po\u0142owy XX wieku<br \/>\n(Spotlights. An interdisciplinary look at the architectural heritage of Upper Silesia in the second half of the 20th century)<\/p>\n<\/td>\n<\/tr>\n<tr valign=\"top\">\n<td><b>Publisher:<\/b><\/td>\n<td>Biblioteka \u015al\u0105ska w Katowicach<br \/>\n(Silesian Library in Katowice)<\/td>\n<\/tr>\n<tr valign=\"top\">\n<td><b>Year:<\/b><\/td>\n<td><b><\/b> 2017<\/td>\n<\/tr>\n<tr valign=\"top\">\n<td><b>ISBN:<\/b><\/td>\n<td>978-83-64210-49-5<\/td>\n<\/tr>\n<tr valign=\"top\">\n<td><strong>Language:<\/strong><\/td>\n<td>Polish<\/td>\n<\/tr>\n<\/tbody>\n<\/table>\n<p align=\"justify\">Spotlights. An Interdisciplinary Look at the Architectural Heritage of Upper Silesia in the Second Half of the 20th Century is the first volume of a planned monographic series being undertaken by the Silesian Library. The volume is an introduction, preparing the reader &#8211; particularly younger people or those from outside the region &#8211; to perceive, understand and broaden their assessment of the history and post-war architecture of Upper Silesia.<\/p>\n<p align=\"justify\">Spotlights presents each subject from the perspective of history, art history, architecture, sociology and anthropology, creating an interdisciplinary and multidimensional image.<\/p>\n<p align=\"justify\">Spotlights. The Architectural Heritage of Upper Silesia from the Second Half of the Twentieth Century was published in 2017 and received the Minister of Investment and Development Award in 2018.<\/p>\n<p align=\"justify\">&nbsp;<\/p>\n<p><strong>Publisher:<\/strong> Biblioteka \u015al\u0105ska w Katowicach (Silesian Library in Katowice)<br \/>\n<strong>Academic editor:<\/strong> Dr Magdalena \u017bmudzi\u0144ska-Nowak PhD hab. Arch., Iga Herok-Turska MSc<br \/>\n<strong>Reviewers:<\/strong> Associate professor Wojciech Bonenberg PhD hab. Arch., Dr Adam Dziuba PhD hab.<br \/>\n<strong>Graphic design and typesetting:<\/strong> Krzysztofa Frankowska-Piechowicz<br \/>\n<strong>Preparation of photos:<\/strong> Krzysztofa Frankowska-Piechowicz, Dariusz Bieniek<br \/>\n<strong>Proofreading:<\/strong> Paulina Bieniek<br \/>\n<strong>Translation:<\/strong> SECO s.c., Katowice<br \/>\n<strong>Printing:<\/strong> Drukarnia Archidiecezjalna w Katowicach (Archdiocese Printing House in Katowice)<br \/>\n<strong>\u00a9 copyright by<\/strong> Biblioteka \u015al\u0105ska, Katowice 2017<br \/>\n<strong>ISBN:<\/strong> 978-83-64210-49-5<\/p>\n","protected":false},"excerpt":{"rendered":"<p>&nbsp; Title: Reflektory. Interdyscyplinarne spojrzenie na dziedzictwo architektury G\u00f3rnego \u015al\u0105ska drugiej po\u0142owy XX wieku (Spotlights. An interdisciplinary look at the architectural heritage of Upper Silesia in the second half of the 20th century) Publisher: Biblioteka<a class=\"read-more\" href=\"https:\/\/ida.bs.katowice.pl\/index.php\/en\/publications\/spotlights-an-interdisciplinary-look-at-the-architectural-heritage-of-upper-silesia-in-the-second-half-of-the-20th-century\/\">Continue reading<\/a><\/p>\n","protected":false},"author":7,"featured_media":0,"parent":1581,"menu_order":0,"comment_status":"closed","ping_status":"closed","template":"page-templates\/page_fullwidth.php","meta":{"advgb_blocks_editor_width":"","advgb_blocks_columns_visual_guide":"","ngg_post_thumbnail":0,"footnotes":""},"class_list":["post-1593","page","type-page","status-publish","hentry"],"coauthors":[],"author_meta":{"author_link":"https:\/\/ida.bs.katowice.pl\/index.php\/author\/peczakm\/","display_name":"Marek P\u0119czak"},"relative_dates":{"created":"Posted 5 lat ago","modified":"Updated 10 miesi\u0119cy ago"},"absolute_dates":{"created":"Posted on 21 marca 2021","modified":"Updated on 2 lipca 2025"},"absolute_dates_time":{"created":"Posted on 21 marca 2021 16:03","modified":"Updated on 2 lipca 2025 11:48"},"featured_img_caption":"","featured_img":false,"series_order":"","_links":{"self":[{"href":"https:\/\/ida.bs.katowice.pl\/index.php\/wp-json\/wp\/v2\/pages\/1593","targetHints":{"allow":["GET"]}}],"collection":[{"href":"https:\/\/ida.bs.katowice.pl\/index.php\/wp-json\/wp\/v2\/pages"}],"about":[{"href":"https:\/\/ida.bs.katowice.pl\/index.php\/wp-json\/wp\/v2\/types\/page"}],"author":[{"embeddable":true,"href":"https:\/\/ida.bs.katowice.pl\/index.php\/wp-json\/wp\/v2\/users\/7"}],"replies":[{"embeddable":true,"href":"https:\/\/ida.bs.katowice.pl\/index.php\/wp-json\/wp\/v2\/comments?post=1593"}],"version-history":[{"count":7,"href":"https:\/\/ida.bs.katowice.pl\/index.php\/wp-json\/wp\/v2\/pages\/1593\/revisions"}],"predecessor-version":[{"id":3928,"href":"https:\/\/ida.bs.katowice.pl\/index.php\/wp-json\/wp\/v2\/pages\/1593\/revisions\/3928"}],"up":[{"embeddable":true,"href":"https:\/\/ida.bs.katowice.pl\/index.php\/wp-json\/wp\/v2\/pages\/1581"}],"wp:attachment":[{"href":"https:\/\/ida.bs.katowice.pl\/index.php\/wp-json\/wp\/v2\/media?parent=1593"}],"curies":[{"name":"wp","href":"https:\/\/api.w.org\/{rel}","templated":true}]}}