{"id":1589,"date":"2021-03-21T15:53:58","date_gmt":"2021-03-21T14:53:58","guid":{"rendered":"https:\/\/ida.bs.katowice.pl\/?page_id=1589"},"modified":"2025-06-03T12:16:16","modified_gmt":"2025-06-03T10:16:16","slug":"reflektory-interdyscyplinarne-spojrzenie-na-dziedzictwo-architektury-gornego-slaska-drugiej-polowy-xx-wieku","status":"publish","type":"page","link":"https:\/\/ida.bs.katowice.pl\/index.php\/publikacje\/reflektory-interdyscyplinarne-spojrzenie-na-dziedzictwo-architektury-gornego-slaska-drugiej-polowy-xx-wieku\/","title":{"rendered":"Reflektory. Interdyscyplinarne spojrzenie na dziedzictwo architektury G\u00f3rnego \u015al\u0105ska drugiej po\u0142owy XX wieku"},"content":{"rendered":"<table border=\"0\" cellspacing=\"0\" cellpadding=\"5\">\n<tbody>\n<tr valign=\"top\">\n<td rowspan=\"5\"><img loading=\"lazy\" decoding=\"async\" class=\"wp-image-1328 aligncenter\" src=\"https:\/\/ida.bs.katowice.pl\/wp-content\/uploads\/2021\/03\/OKLADKA-scaled.jpg\" alt=\"ok\u0142adka. Reflektory.\" width=\"300\" height=\"2560\"><\/td>\n<td>\n<p class=\"wbg-details-book-title\"><strong>Tytu\u0142:<\/strong><\/p>\n<\/td>\n<td>\n<p class=\"wbg-details-book-title\">Reflektory. Interdyscyplinarne spojrzenie na dziedzictwo architektury G\u00f3rnego \u015al\u0105ska drugiej po\u0142owy XX wieku<\/p>\n<\/td>\n<\/tr>\n<tr valign=\"top\">\n<td><b>Wydawca:<\/b><\/td>\n<td>Biblioteka \u015al\u0105ska w Katowicach<\/td>\n<\/tr>\n<tr valign=\"top\">\n<td><b>Rok wydania:<\/b><\/td>\n<td><b><\/b> 2017<\/td>\n<\/tr>\n<tr valign=\"top\">\n<td><b>ISBN:<\/b><\/td>\n<td>978-83-64210-49-5<\/td>\n<\/tr>\n<tr valign=\"top\">\n<td><strong>Dost\u0119pno\u015b\u0107<\/strong><\/td>\n<td><a href=\"https:\/\/bs.katowice.pl\/reflektory-interdyscyplinarne-spojrzenie-na-dziedzictwo-architektury-gornego-slaska-drugiej-polowy-xx-wieku\/\" target=\"_blank\" rel=\"noopener\" aria-label=\"Sprawd\u017a dost\u0119pno\u015b\u0107 ksi\u0105\u017cki: Reflektory. Interdyscyplinarne spojrzenie na dziedzictwo architektury G\u00f3rnego \u015al\u0105ska drugiej po\u0142owy XX wieku na stronie wydawnictwa\">Sprawd\u017a na stronie Wydawnictwa B\u015a<\/a><\/td>\n<\/tr>\n<\/tbody>\n<\/table>\n<p style=\"text-align: left;\" align=\"justify\">\u201eReflektory. Interdyscyplinarne spojrzenie na dziedzictwo architektury G\u00f3rnego \u015al\u0105ska drugiej po\u0142owy XX wieku\u201d to pierwszy tom planowanej serii monograficznej realizowanej przez Bibliotek\u0119 \u015al\u0105sk\u0105. Tom ma charakter introdukcji, przygotowuj\u0105cej czytelnika &#8211; szczeg\u00f3lnie m\u0142odego lub spoza regionu &#8211; do odbioru, zrozumienia oraz g\u0142\u0119bszej oceny historii i powojennej architektury G\u00f3rnego \u015al\u0105ska.<\/p>\n<p style=\"text-align: left;\" align=\"justify\">Tytu\u0142owe \u201eReflektory\u201d prezentuj\u0105 temat z perspektywy: historycznej, historii sztuki, architektury, socjologii i antropologii, tworz\u0105c interdyscyplinarny i wielowymiarowy obraz.<\/p>\n<p style=\"text-align: left;\" align=\"justify\">Tom \u201eReflektory. Dziedzictwo architektury G\u00f3rnego \u015al\u0105ska 2 po\u0142owy XX wieku\u201d ukaza\u0142<br \/>\nsi\u0119 w 2017 r. i otrzyma\u0142 Nagrod\u0119 Ministra Inwestycji i Rozwoju (2018 r.).<\/p>\n<p style=\"text-align: left;\" align=\"justify\">&nbsp;<\/p>\n<p><strong>Wydawca:<\/strong> Biblioteka \u015al\u0105ska w Katowicach<br \/>\n<strong>Redakcja naukowa:<\/strong> dr hab. in\u017c. arch. Magdalena \u017bmudzi\u0144ska-Nowak, prof. znw. Iga Herok-Turska<br \/>\n<strong>Recenzenci:<\/strong> prof. dr hab. in\u017c. arch. Wojciech Bonenberg, dr hab. Adam Dziuba<br \/>\n<strong>Projekt graficzny i sk\u0142ad:<\/strong> Krzysztofa Frankowska-Piechowicz<br \/>\n<strong>Opracowanie zdj\u0119\u0107:<\/strong> Krzysztofa Frankowska-Piechowicz, Dariusz Bieniek<br \/>\n<strong>Korekta:<\/strong> Paulina Bieniek<br \/>\n<strong>T\u0142umaczenie:<\/strong> SECO s.c., Katowice<br \/>\n<strong>Druk:<\/strong> Drukarnia Archidiecezjalna w Katowicach<br \/>\n<strong>\u00a9 copyright by<\/strong> Biblioteka \u015al\u0105ska, Katowice 2017<br \/>\n<strong>ISBN:<\/strong> 978-83-64210-49-5<\/p>\n","protected":false},"excerpt":{"rendered":"<p>Tytu\u0142: Reflektory. Interdyscyplinarne spojrzenie na dziedzictwo architektury G\u00f3rnego \u015al\u0105ska drugiej po\u0142owy XX wieku Wydawca: Biblioteka \u015al\u0105ska w Katowicach Rok wydania: 2017 ISBN: 978-83-64210-49-5 Dost\u0119pno\u015b\u0107 Sprawd\u017a na stronie Wydawnictwa B\u015a \u201eReflektory. Interdyscyplinarne spojrzenie na dziedzictwo architektury<a class=\"read-more\" href=\"https:\/\/ida.bs.katowice.pl\/index.php\/publikacje\/reflektory-interdyscyplinarne-spojrzenie-na-dziedzictwo-architektury-gornego-slaska-drugiej-polowy-xx-wieku\/\">Continue reading<\/a><\/p>\n","protected":false},"author":7,"featured_media":0,"parent":1317,"menu_order":0,"comment_status":"closed","ping_status":"closed","template":"page-templates\/page_fullwidth.php","meta":{"advgb_blocks_editor_width":"","advgb_blocks_columns_visual_guide":"","ngg_post_thumbnail":0,"footnotes":""},"class_list":["post-1589","page","type-page","status-publish","hentry"],"coauthors":[],"author_meta":{"author_link":"https:\/\/ida.bs.katowice.pl\/index.php\/author\/peczakm\/","display_name":"Marek P\u0119czak"},"relative_dates":{"created":"Posted 5 lat ago","modified":"Updated 11 miesi\u0119cy ago"},"absolute_dates":{"created":"Posted on 21 marca 2021","modified":"Updated on 3 czerwca 2025"},"absolute_dates_time":{"created":"Posted on 21 marca 2021 15:53","modified":"Updated on 3 czerwca 2025 12:16"},"featured_img_caption":"","featured_img":false,"series_order":"","_links":{"self":[{"href":"https:\/\/ida.bs.katowice.pl\/index.php\/wp-json\/wp\/v2\/pages\/1589","targetHints":{"allow":["GET"]}}],"collection":[{"href":"https:\/\/ida.bs.katowice.pl\/index.php\/wp-json\/wp\/v2\/pages"}],"about":[{"href":"https:\/\/ida.bs.katowice.pl\/index.php\/wp-json\/wp\/v2\/types\/page"}],"author":[{"embeddable":true,"href":"https:\/\/ida.bs.katowice.pl\/index.php\/wp-json\/wp\/v2\/users\/7"}],"replies":[{"embeddable":true,"href":"https:\/\/ida.bs.katowice.pl\/index.php\/wp-json\/wp\/v2\/comments?post=1589"}],"version-history":[{"count":7,"href":"https:\/\/ida.bs.katowice.pl\/index.php\/wp-json\/wp\/v2\/pages\/1589\/revisions"}],"predecessor-version":[{"id":3915,"href":"https:\/\/ida.bs.katowice.pl\/index.php\/wp-json\/wp\/v2\/pages\/1589\/revisions\/3915"}],"up":[{"embeddable":true,"href":"https:\/\/ida.bs.katowice.pl\/index.php\/wp-json\/wp\/v2\/pages\/1317"}],"wp:attachment":[{"href":"https:\/\/ida.bs.katowice.pl\/index.php\/wp-json\/wp\/v2\/media?parent=1589"}],"curies":[{"name":"wp","href":"https:\/\/api.w.org\/{rel}","templated":true}]}}