{"id":1587,"date":"2021-03-21T15:39:25","date_gmt":"2021-03-21T14:39:25","guid":{"rendered":"https:\/\/ida.bs.katowice.pl\/?page_id=1587"},"modified":"2025-07-02T13:19:59","modified_gmt":"2025-07-02T11:19:59","slug":"jerzy-gottfried-architect","status":"publish","type":"page","link":"https:\/\/ida.bs.katowice.pl\/index.php\/en\/publications\/jerzy-gottfried-architect\/","title":{"rendered":"Jerzy Gottfried, Architect"},"content":{"rendered":"<table border=\"0\" cellspacing=\"0\" cellpadding=\"5\">\n<tbody>\n<tr valign=\"top\">\n<td rowspan=\"5\"><img decoding=\"async\" class=\"wp-image-1328 aligncenter\" src=\"https:\/\/ida.bs.katowice.pl\/wp-content\/uploads\/2021\/03\/Gottfried.jpg\" alt=\"\" width=\"300\"><\/td>\n<td>\n<p class=\"wbg-details-book-title\"><strong>Title:<\/strong><\/p>\n<\/td>\n<td>\n<p class=\"wbg-details-book-title\">Jerzy Gottfried, Architekt<br \/>\n(Jerzy Gottfried, Architect)<\/p>\n<\/td>\n<\/tr>\n<tr valign=\"top\">\n<td><b>Publisher:<\/b><\/td>\n<td>Biblioteka \u015al\u0105ska w Katowicach &amp; SARP oddzia\u0142 Katowice<br \/>\n(Silesian Library in Katowice &amp; SARP branch in Katowice)<\/td>\n<\/tr>\n<tr valign=\"top\">\n<td><b>Year:<\/b><\/td>\n<td><b><\/b> 2016<\/td>\n<\/tr>\n<tr valign=\"top\">\n<td><b>ISBN:<\/b><\/td>\n<td>978-83-64210-26-6<\/td>\n<\/tr>\n<tr valign=\"top\">\n<td><strong>Language:<\/strong><\/td>\n<td>Polish<\/td>\n<\/tr>\n<\/tbody>\n<\/table>\n<p align=\"justify\"><em>\u201cAn architect should never forget the transcendental nature of his profession. One should satisfy not only specific needs, but also the dreams and longings of individuals and entire communities.\u201d Jerzy Gottfried<\/em><\/p>\n<p align=\"justify\">A portrait of an outstanding architect as compiled by friends, students and colleagues. Gottfried was one of the members of the so-called \u2018Zielone Konie\u2019 (Green Horses) made up of himself, H. Buszko and A. Franta. His projects included the Flower Hall in the Park of Culture and Recreation, exhibition pavilions at the Technical Progress Centre in Chorz\u00f3w, the DOKP tower block in Katowice, the Sports Hall in Opole, in Sosnowiec and many other buildings.<\/p>\n<p align=\"justify\">The publication accompanied a testimonial event entitled \u2018Carpenter&#8217;s Apprentice\u2019 held for the architect at the Silesian Library in Katowice in 2016.<\/p>\n<p align=\"justify\"><strong data-start=\"44\" data-end=\"58\">Publisher:<\/strong> Silesian Library in Katowice &amp; SARP branch in Katowice<br data-start=\"119\" data-end=\"122\"><strong data-start=\"122\" data-end=\"168\">Concept, content development, and editing:<\/strong> Iga Herok-Turska<br data-start=\"185\" data-end=\"188\"><strong data-start=\"188\" data-end=\"218\" data-is-only-node=\"\">Design and graphic layout:<\/strong> Jaros\u0142aw Kaczmarski<br data-start=\"238\" data-end=\"241\"><strong data-start=\"241\" data-end=\"270\">Photographs and drawings:<\/strong> Anna Tomaka-W\u00f3jcik, Iwona Wander, Tadeusz Barucki, Henryk Buszko, Aleksander Franta, Jerzy Gottfried<br data-start=\"371\" data-end=\"374\">\u00a9 Copyright by the Silesian Library, Katowice 2016<br data-start=\"424\" data-end=\"427\"><strong data-start=\"427\" data-end=\"436\">ISBN:<\/strong> 978-83-64210-26-6<\/p>\n","protected":false},"excerpt":{"rendered":"<p>Title: Jerzy Gottfried, Architekt (Jerzy Gottfried, Architect) Publisher: Biblioteka \u015al\u0105ska w Katowicach &amp; SARP oddzia\u0142 Katowice (Silesian Library in Katowice &amp; SARP branch in Katowice) Year: 2016 ISBN: 978-83-64210-26-6 Language: Polish \u201cAn architect should never<a class=\"read-more\" href=\"https:\/\/ida.bs.katowice.pl\/index.php\/en\/publications\/jerzy-gottfried-architect\/\">Continue reading<\/a><\/p>\n","protected":false},"author":7,"featured_media":0,"parent":1581,"menu_order":0,"comment_status":"closed","ping_status":"closed","template":"page-templates\/page_fullwidth.php","meta":{"advgb_blocks_editor_width":"","advgb_blocks_columns_visual_guide":"","ngg_post_thumbnail":0,"footnotes":""},"class_list":["post-1587","page","type-page","status-publish","hentry"],"coauthors":[],"author_meta":{"author_link":"https:\/\/ida.bs.katowice.pl\/index.php\/author\/peczakm\/","display_name":"Marek P\u0119czak"},"relative_dates":{"created":"Posted 5 lat ago","modified":"Updated 10 miesi\u0119cy ago"},"absolute_dates":{"created":"Posted on 21 marca 2021","modified":"Updated on 2 lipca 2025"},"absolute_dates_time":{"created":"Posted on 21 marca 2021 15:39","modified":"Updated on 2 lipca 2025 13:19"},"featured_img_caption":"","featured_img":false,"series_order":"","_links":{"self":[{"href":"https:\/\/ida.bs.katowice.pl\/index.php\/wp-json\/wp\/v2\/pages\/1587","targetHints":{"allow":["GET"]}}],"collection":[{"href":"https:\/\/ida.bs.katowice.pl\/index.php\/wp-json\/wp\/v2\/pages"}],"about":[{"href":"https:\/\/ida.bs.katowice.pl\/index.php\/wp-json\/wp\/v2\/types\/page"}],"author":[{"embeddable":true,"href":"https:\/\/ida.bs.katowice.pl\/index.php\/wp-json\/wp\/v2\/users\/7"}],"replies":[{"embeddable":true,"href":"https:\/\/ida.bs.katowice.pl\/index.php\/wp-json\/wp\/v2\/comments?post=1587"}],"version-history":[{"count":10,"href":"https:\/\/ida.bs.katowice.pl\/index.php\/wp-json\/wp\/v2\/pages\/1587\/revisions"}],"predecessor-version":[{"id":3970,"href":"https:\/\/ida.bs.katowice.pl\/index.php\/wp-json\/wp\/v2\/pages\/1587\/revisions\/3970"}],"up":[{"embeddable":true,"href":"https:\/\/ida.bs.katowice.pl\/index.php\/wp-json\/wp\/v2\/pages\/1581"}],"wp:attachment":[{"href":"https:\/\/ida.bs.katowice.pl\/index.php\/wp-json\/wp\/v2\/media?parent=1587"}],"curies":[{"name":"wp","href":"https:\/\/api.w.org\/{rel}","templated":true}]}}