{"id":1581,"date":"2021-03-21T15:12:21","date_gmt":"2021-03-21T14:12:21","guid":{"rendered":"https:\/\/ida.bs.katowice.pl\/?page_id=1581"},"modified":"2025-07-02T10:36:34","modified_gmt":"2025-07-02T08:36:34","slug":"publications","status":"publish","type":"page","link":"https:\/\/ida.bs.katowice.pl\/index.php\/en\/publications\/","title":{"rendered":"Publications"},"content":{"rendered":"<div class=\"entry-content\">\n<div class=\"wbg-main-wrapper wbg-product-column-3 wbg-product-column-mobile-1\">\n<div class=\"wbg-item\"><a class=\"wgb-item-link\" href=\"https:\/\/ida.bs.katowice.pl\/index.php\/en\/publications\/jurand-jarecki-architect\/\"><br \/>\n<img decoding=\"async\" src=\"https:\/\/ida.bs.katowice.pl\/wp-content\/uploads\/2021\/03\/Jarecki.jpg\" alt=\"Ok\u0142adka. Jurand Jarecki. Architekt\" width=\"200\"><br \/>\nJurand Jarecki. Architect <\/a><\/p>\n<div class=\"wbg-description-content\">\n<p style=\"text-align: left;\" align=\"justify\">\u201cArchitecture is like an English gentleman. When he leaves the room, it is impossible to say what he was dressed in. But neither can &#8230;<\/p>\n<\/div>\n<div class=\"wbg-description-content\">&nbsp;<\/div>\n<\/div>\n<div class=\"wbg-item\"><a class=\"wgb-item-link\" href=\"https:\/\/ida.bs.katowice.pl\/index.php\/en\/publications\/jerzy-gottfried-architect\/\"><br \/>\n<img decoding=\"async\" src=\"https:\/\/ida.bs.katowice.pl\/wp-content\/uploads\/2021\/03\/Gottfried.jpg\" alt=\"Cover. Jerzy Gottfried. Architekt\" width=\"200\" data-wp-editing=\"1\"><br \/>\nJerzy Gottfried. Architect <\/a><\/p>\n<div class=\"wbg-description-content\">\n<p style=\"text-align: left;\" align=\"justify\">\u201cAn architect should never forget the transcendental nature of his profession. One should satisfy not only specific needs&#8230;<\/p>\n<\/div>\n<div class=\"wbg-description-content\">&nbsp;<\/div>\n<\/div>\n<div class=\"wbg-item\"><a class=\"wgb-item-link\" href=\"https:\/\/ida.bs.katowice.pl\/index.php\/en\/publications\/spotlights-an-interdisciplinary-look-at-the-architectural-heritage-of-upper-silesia-in-the-second-half-of-the-20th-century\/\"><br \/>\n<img decoding=\"async\" src=\"https:\/\/ida.bs.katowice.pl\/wp-content\/uploads\/2021\/03\/OKLADKA-scaled.jpg\" alt=\"Ok\u0142adka. Reflektory.\" width=\"200\"><br \/>\nSpotlights. An interdisciplinary look at the architectural heritage of Upper Silesia.<\/a><\/p>\n<div class=\"wbg-description-content\">\n<p style=\"text-align: left;\" align=\"justify\">Spotlights presents each subject from the perspective of history, art history, architecture, sociology and anthropology, creating an interdisciplinary and multidimensional image&#8230;<\/p>\n<\/div>\n<\/div>\n<div class=\"wbg-item\"><a class=\"wgb-item-link\" href=\"https:\/\/ida.bs.katowice.pl\/index.php\/en\/publications\/debowiec-the-small-centre-of-the-world-of-cieszyn-silesia\/\"><br \/>\n<img decoding=\"async\" src=\"https:\/\/ida.bs.katowice.pl\/wp-content\/uploads\/2021\/03\/debowiec.jpg\" alt=\"Ok\u0142adka. D\u0119bowiec - Ma\u0142e Centrum \u015awiata \u015al\u0105ska Cieszy\u0144skiego.\" width=\"200\"><br \/>\n<\/a><a class=\"wgb-item-link\" href=\"https:\/\/ida.bs.katowice.pl\/index.php\/en\/publications\/debowiec-the-small-centre-of-the-world-of-cieszyn-silesia\/\">D\u0119bowiec. The Small Centre of the World of Cieszyn Silesia.<\/a><\/p>\n<div class=\"wbg-description-content\">\n<p style=\"text-align: left;\" align=\"justify\">A book containing a painting and drawing record of the small village of D\u0119bowiec as revealed by participants of an historical and architectural plein air event. Enhanced by a historical and architectural lecture, an essay by a native villager and a historical calendar,&#8230;<\/p>\n<\/div>\n<\/div>\n<div class=\"wbg-item\"><a class=\"wgb-item-link\" href=\"https:\/\/ida.bs.katowice.pl\/index.php\/en\/publications\/tadeusz-barucki-architect-traveler-researcher\/\"><br \/>\n<img decoding=\"async\" src=\"https:\/\/ida.bs.katowice.pl\/wp-content\/uploads\/2022\/07\/009-A.-TB-\u2013-okladka-ksiazki.png\" alt=\"Book cover Tadeusz Barucki. architekt- podr\u00f3\u017cnik - badacz\" width=\"350\"><br \/>\nTadeusz Barucki Architect\u2013Traveler\u2013Researcher<\/a><\/p>\n<div class=\"wbg-description-content\">\n<p style=\"text-align: left;\" align=\"justify\">Tadeusz Barucki (b. 1922) was an architect, traveler, and researcher driven by an insatiable curiosity for the world of architecture and a passion for documenting it. His books, articles, and lectures have created a unique repository of knowledge. At a time when travel was a privilege afforded to only a few\u2014both in Poland and across the Eastern Bloc&#8230;<\/p>\n<\/div>\n<\/div>\n<div class=\"wbg-item\"><a class=\"wgb-item-link\" href=\"https:\/\/ida.bs.katowice.pl\/index.php\/en\/publications\/stanislaw-kwasniewicz-architect\/\"><br \/>\n<img decoding=\"async\" src=\"https:\/\/ida.bs.katowice.pl\/wp-content\/uploads\/2023\/05\/okladka.jpg\" alt=\"Ok\u0142adka ksi\u0105\u017cki Stanis\u0142aw Kwa\u015bniewicz. architekt\" width=\"350\" border=\"1\"><br \/>\nStanis\u0142aw Kwa\u015bniewicz. Architect<\/a><\/p>\n<div class=\"wbg-description-content\">\n<p style=\"text-align: left;\" align=\"justify\">This volume explores one of the most important late-Modernist architects active in Upper Silesia: Stanis\u0142aw Kwa\u015bniewicz. His creative legacy comprises a vast number of projects of varying functions and complexity\u2014from iconic public buildings&#8230;<\/p>\n<\/div>\n<\/div>\n<\/div>\n<\/div>\n<style class=\"advgb-styles-renderer\"><span style=\"display: inline-block; width: 0px; overflow: hidden; line-height: 0;\" data-mce-type=\"bookmark\" class=\"mce_SELRES_start\">\ufeff<\/span><span style=\"display: inline-block; width: 0px; overflow: hidden; line-height: 0;\" data-mce-type=\"bookmark\" class=\"mce_SELRES_start\">\ufeff<\/span><span style=\"display: inline-block; width: 0px; overflow: hidden; line-height: 0;\" data-mce-type=\"bookmark\" class=\"mce_SELRES_start\">\ufeff<\/span><span style=\"display: inline-block; width: 0px; overflow: hidden; line-height: 0;\" data-mce-type=\"bookmark\" class=\"mce_SELRES_start\">\ufeff<\/span><span data-mce-type=\"bookmark\" style=\"display: inline-block; width: 0px; overflow: hidden; line-height: 0;\" class=\"mce_SELRES_start\">\ufeff<\/span><span data-mce-type=\"bookmark\" style=\"display: inline-block; width: 0px; overflow: hidden; line-height: 0;\" class=\"mce_SELRES_start\">\ufeff<\/span><span data-mce-type=\"bookmark\" style=\"display: inline-block; width: 0px; overflow: hidden; line-height: 0;\" class=\"mce_SELRES_start\">\ufeff<\/span><span data-mce-type=\"bookmark\" style=\"display: inline-block; width: 0px; overflow: hidden; line-height: 0;\" class=\"mce_SELRES_start\">\ufeff<\/span><span style=\"display: inline-block; width: 0px; overflow: hidden; line-height: 0;\" data-mce-type=\"bookmark\" class=\"mce_SELRES_start\">\ufeff<\/span><span style=\"display: inline-block; width: 0px; overflow: hidden; line-height: 0;\" data-mce-type=\"bookmark\" class=\"mce_SELRES_start\">\ufeff<\/span><span style=\"display: inline-block; width: 0px; overflow: hidden; line-height: 0;\" data-mce-type=\"bookmark\" class=\"mce_SELRES_start\">\ufeff<\/span><span style=\"display: inline-block; width: 0px; overflow: hidden; line-height: 0;\" data-mce-type=\"bookmark\" class=\"mce_SELRES_start\">\ufeff<\/span><span style=\"display: inline-block; width: 0px; overflow: hidden; line-height: 0;\" data-mce-type=\"bookmark\" class=\"mce_SELRES_start\">\ufeff<\/span><br \/>.button {<br \/>  background-color: #4CAF50; \/* Green *\/<br \/>  border: none;<br \/>  color: white;<br \/>  padding: 15px 32px;<br \/>  text-align: center;<br \/>  text-decoration: none;<br \/>  display: inline-block;<br \/>  font-size: 16px;<br \/>  margin: 4px 2px;<br \/>  cursor: pointer;<br \/>}<br \/>.button3 {background-color: #ff2600;} \/* Red *\/<br \/>\n  .wbg-search-container .wbg-search-item .submit-btn {<br \/>    background: <span style=\"display: inline-block; width: 0px; overflow: hidden; line-height: 0;\" data-mce-type=\"bookmark\" class=\"mce_SELRES_start\">\ufeff<\/span>#ff7e00<span style=\"display: inline-block; width: 0px; overflow: hidden; line-height: 0;\" data-mce-type=\"bookmark\" class=\"mce_SELRES_end\">\ufeff<\/span>;<br \/>    box-shadow: 0 3px 0px 0.5px #dd9933;<br \/>    color: #000000;<br \/>  }<br \/>  .wbg-main-wrapper .wbg-item {<br \/>    border: 1px solid #DDDDDD;<br \/>    background-color: #FFFFFF;<br \/>  }<br \/>  .wbg-main-wrapper .wbg-item img {<br \/>    width: auto !important;<br \/>    height: 150px !important;<br \/>  }<br \/>  .wbg-main-wrapper .wbg-item img:hover {<br \/>      }<br \/>  .wbg-main-wrapper .wbg-item a.wbg-btn {<br \/>    background: #ff0000 !important;<br \/>    color: #FFFFFF !important;<br \/>  }<br \/>  .wbg-main-wrapper .wbg-item .wgb-item-link {<br \/>    color: <span style=\"display: inline-block; width: 0px; overflow: hidden; line-height: 0;\" data-mce-type=\"bookmark\" class=\"mce_SELRES_start\">\ufeff<\/span>#242424<span style=\"display: inline-block; width: 0px; overflow: hidden; line-height: 0;\" data-mce-type=\"bookmark\" class=\"mce_SELRES_end\">\ufeff<\/span> !important;<br \/>    font-size: 12px !important;<br \/>  }<br \/>  .wbg-main-wrapper .wbg-item .wgb-item-link:hover {<br \/>    color: #999999 !important;<br \/>  }<br \/>  .wbg-main-wrapper .wbg-item .wbg-description-content {<br \/>    font-size: 12px !important;<br \/>    color: #242424 !important;<br \/>  }<\/p>\n<p>  @-webkit-keyframes rotation {<br \/>        from {<br \/>                -webkit-transform: rotate(0deg);<br \/>        }<br \/>        to {<br \/>                -webkit-transform: rotate(360deg);<br \/>        }<br \/>  }<br \/><\/style>\n","protected":false},"excerpt":{"rendered":"<p>Jurand Jarecki. Architect \u201cArchitecture is like an English gentleman. When he leaves the room, it is impossible to say what he was dressed in. But neither can &#8230; &nbsp; Jerzy Gottfried. Architect \u201cAn architect should<a class=\"read-more\" href=\"https:\/\/ida.bs.katowice.pl\/index.php\/en\/publications\/\">Continue reading<\/a><\/p>\n","protected":false},"author":7,"featured_media":0,"parent":0,"menu_order":0,"comment_status":"closed","ping_status":"closed","template":"page-templates\/page_fullwidth.php","meta":{"advgb_blocks_editor_width":"","advgb_blocks_columns_visual_guide":"","ngg_post_thumbnail":0,"footnotes":""},"class_list":["post-1581","page","type-page","status-publish","hentry"],"coauthors":[],"author_meta":{"author_link":"https:\/\/ida.bs.katowice.pl\/index.php\/author\/peczakm\/","display_name":"Marek P\u0119czak"},"relative_dates":{"created":"Posted 5 lat ago","modified":"Updated 10 miesi\u0119cy ago"},"absolute_dates":{"created":"Posted on 21 marca 2021","modified":"Updated on 2 lipca 2025"},"absolute_dates_time":{"created":"Posted on 21 marca 2021 15:12","modified":"Updated on 2 lipca 2025 10:36"},"featured_img_caption":"","featured_img":false,"series_order":"","_links":{"self":[{"href":"https:\/\/ida.bs.katowice.pl\/index.php\/wp-json\/wp\/v2\/pages\/1581","targetHints":{"allow":["GET"]}}],"collection":[{"href":"https:\/\/ida.bs.katowice.pl\/index.php\/wp-json\/wp\/v2\/pages"}],"about":[{"href":"https:\/\/ida.bs.katowice.pl\/index.php\/wp-json\/wp\/v2\/types\/page"}],"author":[{"embeddable":true,"href":"https:\/\/ida.bs.katowice.pl\/index.php\/wp-json\/wp\/v2\/users\/7"}],"replies":[{"embeddable":true,"href":"https:\/\/ida.bs.katowice.pl\/index.php\/wp-json\/wp\/v2\/comments?post=1581"}],"version-history":[{"count":14,"href":"https:\/\/ida.bs.katowice.pl\/index.php\/wp-json\/wp\/v2\/pages\/1581\/revisions"}],"predecessor-version":[{"id":3952,"href":"https:\/\/ida.bs.katowice.pl\/index.php\/wp-json\/wp\/v2\/pages\/1581\/revisions\/3952"}],"wp:attachment":[{"href":"https:\/\/ida.bs.katowice.pl\/index.php\/wp-json\/wp\/v2\/media?parent=1581"}],"curies":[{"name":"wp","href":"https:\/\/api.w.org\/{rel}","templated":true}]}}