{"id":1579,"date":"2021-03-21T14:48:49","date_gmt":"2021-03-21T13:48:49","guid":{"rendered":"https:\/\/ida.bs.katowice.pl\/?page_id=1579"},"modified":"2025-07-02T13:50:01","modified_gmt":"2025-07-02T11:50:01","slug":"jurand-jarecki-architect","status":"publish","type":"page","link":"https:\/\/ida.bs.katowice.pl\/index.php\/en\/publications\/jurand-jarecki-architect\/","title":{"rendered":"Jurand Jarecki. Architect"},"content":{"rendered":"<table border=\"0\" cellspacing=\"0\" cellpadding=\"5\">\n<tbody>\n<tr valign=\"top\">\n<td rowspan=\"5\"><img loading=\"lazy\" decoding=\"async\" width=\"300\" height=\"300\" class=\"wp-image-1328 aligncenter\" src=\"https:\/\/ida.bs.katowice.pl\/wp-content\/uploads\/2021\/03\/Jarecki-300x300.jpg\" alt=\"\" srcset=\"https:\/\/ida.bs.katowice.pl\/wp-content\/uploads\/2021\/03\/Jarecki-300x300.jpg 300w, https:\/\/ida.bs.katowice.pl\/wp-content\/uploads\/2021\/03\/Jarecki-150x150.jpg 150w, https:\/\/ida.bs.katowice.pl\/wp-content\/uploads\/2021\/03\/Jarecki-768x768.jpg 768w, https:\/\/ida.bs.katowice.pl\/wp-content\/uploads\/2021\/03\/Jarecki-520x520.jpg 520w, https:\/\/ida.bs.katowice.pl\/wp-content\/uploads\/2021\/03\/Jarecki-740x740.jpg 740w, https:\/\/ida.bs.katowice.pl\/wp-content\/uploads\/2021\/03\/Jarecki.jpg 847w\" sizes=\"auto, (max-width: 300px) 100vw, 300px\" \/><\/td>\n<td>\n<p class=\"wbg-details-book-title\"><strong>Title:<\/strong><\/p>\n<\/td>\n<td>\n<p class=\"wbg-details-book-title\">Jurand Jarecki, Architekt<br \/>\n(Jurand Jarecki, Architect)<\/p>\n<\/td>\n<\/tr>\n<tr valign=\"top\">\n<td><b>Publisher:<\/b><\/td>\n<td>Biblioteka \u015al\u0105ska w Katowicach<br \/>\n(Silesian Library in Katowice)<\/td>\n<\/tr>\n<tr valign=\"top\">\n<td><b>Year:<\/b><\/td>\n<td><b><\/b> 2018<\/td>\n<\/tr>\n<tr valign=\"top\">\n<td><b>ISBN:<\/b><\/td>\n<td><b><\/b> 978-83-64210-50-1<\/td>\n<\/tr>\n<tr valign=\"top\">\n<td><strong>Language:<\/strong><\/td>\n<td>Polish<\/td>\n<\/tr>\n<\/tbody>\n<\/table>\n<p align=\"justify\"><em>\u201cArchitecture is like an English gentleman. When he leaves the room, it is impossible to say what he was dressed in. But neither can it be said that he was poorly dressed. He was simply elegant. He did not shock by wearing a gaudy jacket.&#8221; (Jurand Jarecki)<\/em><\/p>\n<p align=\"justify\">Katowice\u2019s leading architect, creator, and co-creator of projects which included the Kosmos cinemas, Zenit and Skarbek department stores, shopping centres in Koszutka, the Paderewski estate, the Silesian Library and the library at the University of Physical Education in Katowice. He is presented in sketch and essay form by art and architecture historians, as well as through the private reminiscences of several generations of architects.<\/p>\n<p align=\"justify\">The publication accompanied a testimonial event entitled \u2018Gentleman of Space\u2019 held for the architect at the Silesian Library in 2018.<\/p>\n<p>&nbsp;<\/p>\n<p><strong>Publisher:<\/strong> Biblioteka \u015al\u0105ska w Katowicach (Silesian Library in Katowice)<br \/>\n<strong>Concept and content: <\/strong>Iga Herok-Turska<br \/>\n<strong>Collaboration: <\/strong>Dominika \u015aliwi\u0144ska, Ryszard Nakonieczny, Przemys\u0142aw Czernek<br \/>\n<strong>Graphic design and typesetting:<\/strong> Krzysztofa Frankowska-Piechowicz<br \/>\n<strong>Preparation of photographs:<\/strong> Krzysztofa Frankowska-Piechowicz, Dominika \u015aliwi\u0144ska<br \/>\n<strong>Proofreading:<\/strong> El\u017cbieta Spadzi\u0144ska-\u017bak<br \/>\n<strong>Printing:<\/strong> Drukarnia Archidiecezjalna w Katowicach (Archdiocese Printing House in Katowice)<br \/>\n<strong>\u00a9 copyright by<\/strong> Biblioteka \u015al\u0105ska, Katowice 2018<br \/>\n<strong>ISBN: <\/strong>978-83-64210-50-1<\/p>\n","protected":false},"excerpt":{"rendered":"<p>Title: Jurand Jarecki, Architekt (Jurand Jarecki, Architect) Publisher: Biblioteka \u015al\u0105ska w Katowicach (Silesian Library in Katowice) Year: 2018 ISBN: 978-83-64210-50-1 Language: Polish \u201cArchitecture is like an English gentleman. When he leaves the room, it is<a class=\"read-more\" href=\"https:\/\/ida.bs.katowice.pl\/index.php\/en\/publications\/jurand-jarecki-architect\/\">Continue reading<\/a><\/p>\n","protected":false},"author":7,"featured_media":0,"parent":1581,"menu_order":0,"comment_status":"closed","ping_status":"closed","template":"page-templates\/page_fullwidth.php","meta":{"advgb_blocks_editor_width":"","advgb_blocks_columns_visual_guide":"","ngg_post_thumbnail":0,"footnotes":""},"class_list":["post-1579","page","type-page","status-publish","hentry"],"coauthors":[],"author_meta":{"author_link":"https:\/\/ida.bs.katowice.pl\/index.php\/author\/peczakm\/","display_name":"Marek P\u0119czak"},"relative_dates":{"created":"Posted 5 lat ago","modified":"Updated 10 miesi\u0119cy ago"},"absolute_dates":{"created":"Posted on 21 marca 2021","modified":"Updated on 2 lipca 2025"},"absolute_dates_time":{"created":"Posted on 21 marca 2021 14:48","modified":"Updated on 2 lipca 2025 13:50"},"featured_img_caption":"","featured_img":false,"series_order":"","_links":{"self":[{"href":"https:\/\/ida.bs.katowice.pl\/index.php\/wp-json\/wp\/v2\/pages\/1579","targetHints":{"allow":["GET"]}}],"collection":[{"href":"https:\/\/ida.bs.katowice.pl\/index.php\/wp-json\/wp\/v2\/pages"}],"about":[{"href":"https:\/\/ida.bs.katowice.pl\/index.php\/wp-json\/wp\/v2\/types\/page"}],"author":[{"embeddable":true,"href":"https:\/\/ida.bs.katowice.pl\/index.php\/wp-json\/wp\/v2\/users\/7"}],"replies":[{"embeddable":true,"href":"https:\/\/ida.bs.katowice.pl\/index.php\/wp-json\/wp\/v2\/comments?post=1579"}],"version-history":[{"count":9,"href":"https:\/\/ida.bs.katowice.pl\/index.php\/wp-json\/wp\/v2\/pages\/1579\/revisions"}],"predecessor-version":[{"id":3971,"href":"https:\/\/ida.bs.katowice.pl\/index.php\/wp-json\/wp\/v2\/pages\/1579\/revisions\/3971"}],"up":[{"embeddable":true,"href":"https:\/\/ida.bs.katowice.pl\/index.php\/wp-json\/wp\/v2\/pages\/1581"}],"wp:attachment":[{"href":"https:\/\/ida.bs.katowice.pl\/index.php\/wp-json\/wp\/v2\/media?parent=1579"}],"curies":[{"name":"wp","href":"https:\/\/api.w.org\/{rel}","templated":true}]}}