{"id":1554,"date":"2021-08-19T11:32:48","date_gmt":"2021-08-19T09:32:48","guid":{"rendered":"https:\/\/ida.bs.katowice.pl\/?page_id=1554"},"modified":"2025-06-03T12:15:30","modified_gmt":"2025-06-03T10:15:30","slug":"jurand-jarecki-architekt","status":"publish","type":"page","link":"https:\/\/ida.bs.katowice.pl\/index.php\/publikacje\/jurand-jarecki-architekt\/","title":{"rendered":"Jurand Jarecki. Architekt"},"content":{"rendered":"<table border=\"0\" cellspacing=\"0\" cellpadding=\"5\">\n<tbody>\n<tr valign=\"top\">\n<td rowspan=\"5\"><img loading=\"lazy\" decoding=\"async\" class=\"wp-image-1328 aligncenter\" src=\"https:\/\/ida.bs.katowice.pl\/wp-content\/uploads\/2021\/03\/Jarecki-300x300.jpg\" alt=\"ok\u0142adka. Jurand Jarecki. Architekt\" width=\"300\" height=\"300\" srcset=\"https:\/\/ida.bs.katowice.pl\/wp-content\/uploads\/2021\/03\/Jarecki-300x300.jpg 300w, https:\/\/ida.bs.katowice.pl\/wp-content\/uploads\/2021\/03\/Jarecki-150x150.jpg 150w, https:\/\/ida.bs.katowice.pl\/wp-content\/uploads\/2021\/03\/Jarecki-768x768.jpg 768w, https:\/\/ida.bs.katowice.pl\/wp-content\/uploads\/2021\/03\/Jarecki-520x520.jpg 520w, https:\/\/ida.bs.katowice.pl\/wp-content\/uploads\/2021\/03\/Jarecki-740x740.jpg 740w, https:\/\/ida.bs.katowice.pl\/wp-content\/uploads\/2021\/03\/Jarecki.jpg 847w\" sizes=\"auto, (max-width: 300px) 100vw, 300px\" \/><\/td>\n<td>\n<p class=\"wbg-details-book-title\"><strong>Tytu\u0142:<\/strong><\/p>\n<\/td>\n<td>\n<p class=\"wbg-details-book-title\">Jurand Jarecki. Architekt<\/p>\n<\/td>\n<\/tr>\n<tr valign=\"top\">\n<td><b>Wydawca:<\/b><\/td>\n<td>Biblioteka \u015al\u0105ska w Katowicach<\/td>\n<\/tr>\n<tr valign=\"top\">\n<td><b>Rok wydania:<\/b><\/td>\n<td><b><\/b> 2018<\/td>\n<\/tr>\n<tr valign=\"top\">\n<td><b>ISBN:<\/b><\/td>\n<td><b><\/b> 978-83-64210-50-1<\/td>\n<\/tr>\n<tr valign=\"top\">\n<td><strong>Dost\u0119pno\u015b\u0107<\/strong><\/td>\n<td><a href=\"https:\/\/bs.katowice.pl\/jurand-jarecki-architekt\/\" target=\"_blank\" rel=\"noopener\" aria-label=\"Sprawd\u017a dost\u0119pno\u015b\u0107 ksi\u0105\u017cki: Jurand Jarecki. Architekt na stronie wydawnictwa\">Sprawd\u017a na stronie Wydawnictwa B\u015a<\/a><\/td>\n<\/tr>\n<\/tbody>\n<\/table>\n<p style=\"text-align: left;\" align=\"justify\"><em>\u201eZ architektur\u0105 jest jak z angielskim d\u017centelmenem. Gdy opuszcza pok\u00f3j, nie mo\u017cna powiedzie\u0107, jak by\u0142 ubrany. Nie mo\u017cna te\u017c powiedzie\u0107, \u017ce by\u0142 \u017ale ubrany. On po prostu, by\u0142 elegancki. Nie szokowa\u0142 pstr\u0105 marynark\u0105\u201d<\/em>. (Jurand Jarecki)<\/p>\n<p style=\"text-align: left;\" align=\"justify\">Posta\u0107 czo\u0142owego architekta Katowic, autora i wsp\u00f3\u0142autora m.in. kina \u201eKosmos\u201d, dom\u00f3w towarowych \u201eZenit\u201d i \u201eSkarbek\u201d, Pawilon\u00f3w handlowych na Koszutce, osiedla Paderewskiego, Biblioteki \u015al\u0105skiej i Biblioteki AWF w Katowicach, zaprezentowana w szkicach i esejach historyk\u00f3w sztuki i architektury,a tak\u017ce prywatnych wspomnieniach architekt\u00f3w kilku generacji.<\/p>\n<p style=\"text-align: left;\" align=\"justify\">Publikacja towarzysz\u0105ca Benefisowi Architekta pt. \u201eD\u017centelmen przestrzeni\u201d w Bibliotece \u015al\u0105skiej w 2018 r<\/p>\n<p>&nbsp;<\/p>\n<p><strong>Wydawca:<\/strong> Biblioteka \u015al\u0105ska w Katowicach<br \/>\n<strong>Koncepcja i opracowanie merytoryczne:<\/strong> Iga Herok-Turska<br \/>\n<strong>Wsp\u00f3\u0142praca:<\/strong> Dominika \u015aliwi\u0144ska, Ryszard Nakonieczny, Przemys\u0142aw Czernek<br \/>\n<strong>Projekt graficzny i sk\u0142ad:<\/strong> Krzysztofa Frankowska-Piechowicz<br \/>\n<strong>Opracowanie zdj\u0119\u0107:<\/strong> Krzysztofa Frankowska-Piechowicz, Dominika \u015aliwi\u0144ska<br \/>\n<strong>Korekta:<\/strong> El\u017cbieta Spadzi\u0144ska-\u017bak<br \/>\n<strong>Druk:<\/strong> Drukarnia Archidiecezjalna w Katowicach<br \/>\n<strong>\u00a9 copyright by<\/strong> Biblioteka \u015al\u0105ska, Katowice 2018<br \/>\n<strong>ISBN:<\/strong> 978-83-64210-50-1<\/p>\n<p>&nbsp;<\/p>\n","protected":false},"excerpt":{"rendered":"<p>Tytu\u0142: Jurand Jarecki. Architekt Wydawca: Biblioteka \u015al\u0105ska w Katowicach Rok wydania: 2018 ISBN: 978-83-64210-50-1 Dost\u0119pno\u015b\u0107 Sprawd\u017a na stronie Wydawnictwa B\u015a \u201eZ architektur\u0105 jest jak z angielskim d\u017centelmenem. Gdy opuszcza pok\u00f3j, nie mo\u017cna powiedzie\u0107, jak by\u0142<a class=\"read-more\" href=\"https:\/\/ida.bs.katowice.pl\/index.php\/publikacje\/jurand-jarecki-architekt\/\">Continue reading<\/a><\/p>\n","protected":false},"author":7,"featured_media":0,"parent":1317,"menu_order":0,"comment_status":"closed","ping_status":"closed","template":"page-templates\/page_fullwidth.php","meta":{"advgb_blocks_editor_width":"","advgb_blocks_columns_visual_guide":"","ngg_post_thumbnail":0,"footnotes":""},"class_list":["post-1554","page","type-page","status-publish","hentry"],"coauthors":[],"author_meta":{"author_link":"https:\/\/ida.bs.katowice.pl\/index.php\/author\/peczakm\/","display_name":"Marek P\u0119czak"},"relative_dates":{"created":"Posted 5 lat ago","modified":"Updated 11 miesi\u0119cy ago"},"absolute_dates":{"created":"Posted on 19 sierpnia 2021","modified":"Updated on 3 czerwca 2025"},"absolute_dates_time":{"created":"Posted on 19 sierpnia 2021 11:32","modified":"Updated on 3 czerwca 2025 12:15"},"featured_img_caption":"","featured_img":false,"series_order":"","_links":{"self":[{"href":"https:\/\/ida.bs.katowice.pl\/index.php\/wp-json\/wp\/v2\/pages\/1554","targetHints":{"allow":["GET"]}}],"collection":[{"href":"https:\/\/ida.bs.katowice.pl\/index.php\/wp-json\/wp\/v2\/pages"}],"about":[{"href":"https:\/\/ida.bs.katowice.pl\/index.php\/wp-json\/wp\/v2\/types\/page"}],"author":[{"embeddable":true,"href":"https:\/\/ida.bs.katowice.pl\/index.php\/wp-json\/wp\/v2\/users\/7"}],"replies":[{"embeddable":true,"href":"https:\/\/ida.bs.katowice.pl\/index.php\/wp-json\/wp\/v2\/comments?post=1554"}],"version-history":[{"count":23,"href":"https:\/\/ida.bs.katowice.pl\/index.php\/wp-json\/wp\/v2\/pages\/1554\/revisions"}],"predecessor-version":[{"id":3913,"href":"https:\/\/ida.bs.katowice.pl\/index.php\/wp-json\/wp\/v2\/pages\/1554\/revisions\/3913"}],"up":[{"embeddable":true,"href":"https:\/\/ida.bs.katowice.pl\/index.php\/wp-json\/wp\/v2\/pages\/1317"}],"wp:attachment":[{"href":"https:\/\/ida.bs.katowice.pl\/index.php\/wp-json\/wp\/v2\/media?parent=1554"}],"curies":[{"name":"wp","href":"https:\/\/api.w.org\/{rel}","templated":true}]}}