{"id":1299,"date":"2021-03-11T13:03:43","date_gmt":"2021-03-11T12:03:43","guid":{"rendered":"https:\/\/ida.bs.katowice.pl\/?page_id=1299"},"modified":"2025-08-20T15:04:34","modified_gmt":"2025-08-20T13:04:34","slug":"o-archiwum","status":"publish","type":"page","link":"https:\/\/ida.bs.katowice.pl\/index.php\/o-archiwum\/","title":{"rendered":"O Archiwum"},"content":{"rendered":"<div>\n<p style=\"text-align: left;\" align=\"justify\">Archiwum Architekt\u00f3w Instytutu Dokumentacji Architektury gromadzi, opracowuje i udost\u0119pnia dokumentacj\u0119 projektow\u0105 wybitnych architekt\u00f3w, tw\u00f3rc\u00f3w powojennych Katowic i miast wojew\u00f3dztwa \u015bl\u0105skiego, do kt\u00f3rych nale\u017c\u0105: Henryk Buszko, Aleksander Franta, Jerzy Gottfried, Jurand Jarecki, Wiktor Lipowczan, Edward Kisiel, Tadeusz Pf\u00fczner, Jerzy Witeczek, Marian Zawi\u0142a i inni.<\/p>\n<p style=\"text-align: left;\" align=\"justify\">Gromadzona, digitalizowana i stale poszerzana kolekcja zawiera: dokumentacj\u0119 projektow\u0105 (rysunki, notatki, szkice), dokumentacj\u0119 techniczn\u0105 (opracowania i opisy techniczne) oraz dokumentacj\u0119 ikonograficzn\u0105 (fotografie, prze\u017arocza, filmy) dotycz\u0105c\u0105 architektury i urbanistyki G\u00f3rnego \u015al\u0105ska drugiej po\u0142owy XX wieku.<\/p>\n<p style=\"text-align: left;\" align=\"justify\">Odr\u0119bnym zbiorem Archiwum Architekt\u00f3w jest kolekcja zawieraj\u0105ca materia\u0142y biograficzne architekt\u00f3w tj. notatki, \u015bwiadectwa, dyplomy, nagrody, ulubione ksi\u0105\u017cki, p\u0142yty, pami\u0105tki, prywatne zapiski zwi\u0105zane z prac\u0105 i \u017cyciem architekt\u00f3w. S\u0105 one socjologicznym \u015bwiadectwem \u017cycia spo\u0142ecznego i \u015brodowiska architektonicznego w Polsce 2 po\u0142owy XX w. Ukazuj\u0105 sylwetki, biografie i osobowo\u015bci architekt\u00f3w, kt\u00f3re s\u0105 r\u00f3wnie fascynuj\u0105ce, jak i ich architektoniczne dzie\u0142a.<\/p>\n<p style=\"text-align: left;\" align=\"justify\">Odwiedzenie odtworzonej cz\u0119\u015bciowo Pracowni PPBO arch. Henryka Buszko i Aleksandra Franty przybli\u017cy wsp\u00f3\u0142czesnemu odbiorcy \u2013 uczniom, studentom, przysz\u0142ym adeptom architektury &#8211; warsztat i atmosfer\u0119 pracy poprzednich pokole\u0144. Pot\u0119\u017cny kulman z betonowym wa\u0142em, ci\u0105g desek kre\u015blarskich, pod\u015bwietlony st\u00f3\u0142 do kopiowania projekt\u00f3w oraz oryginalne rekwizyty z lat 60 i 70 tych: rapidografy, przyk\u0142adnice, suwaki logarytmiczne, kalki \u2013 w kilka sekund wprowadzaj\u0105 nas w miniony, lecz bardzo tw\u00f3rczy architektonicznie czas 2 po\u0142owy XX wieku.<\/p>\n<p style=\"text-align: left;\" align=\"justify\">Zapraszaj\u0105c do korzystania z zasob\u00f3w Archiwum Architekt\u00f3w IDA-B\u015a, zach\u0119camy jednocze\u015bnie do wsp\u00f3\u0142pracy w zakresie przekazywania dokumentacji architektonicznej i eksponat\u00f3w, kt\u00f3re wzbogacaj\u0105c kolekcj\u0119 Instytutu Dokumentacji Architektury uchroni\u0105 je &#8211; a tak\u017ce ich autor\u00f3w &#8211; od zapomnienia.<\/p>\n<p align=\"justify\"><img loading=\"lazy\" decoding=\"async\" class=\"zoooom aligncenter wp-image-1301 \" src=\"https:\/\/ida.bs.katowice.pl\/wp-content\/uploads\/2021\/03\/pracownia_0001-300x211.jpg\" alt=\"Rzut oraz widok z boku pawilonu PPBO\" width=\"494\" height=\"348\" srcset=\"https:\/\/ida.bs.katowice.pl\/wp-content\/uploads\/2021\/03\/pracownia_0001-300x211.jpg 300w, https:\/\/ida.bs.katowice.pl\/wp-content\/uploads\/2021\/03\/pracownia_0001-1024x721.jpg 1024w, https:\/\/ida.bs.katowice.pl\/wp-content\/uploads\/2021\/03\/pracownia_0001-768x541.jpg 768w, https:\/\/ida.bs.katowice.pl\/wp-content\/uploads\/2021\/03\/pracownia_0001-1536x1082.jpg 1536w, https:\/\/ida.bs.katowice.pl\/wp-content\/uploads\/2021\/03\/pracownia_0001-2048x1443.jpg 2048w, https:\/\/ida.bs.katowice.pl\/wp-content\/uploads\/2021\/03\/pracownia_0001-520x366.jpg 520w, https:\/\/ida.bs.katowice.pl\/wp-content\/uploads\/2021\/03\/pracownia_0001-740x521.jpg 740w\" sizes=\"auto, (max-width: 494px) 100vw, 494px\" \/><\/p>\n<p style=\"text-align: center;\" align=\"justify\">Pawilon Pracowni Projekt\u00f3w Budownictwa Og\u00f3lnego (PPBO)<br \/>\nAutorzy: Henryk Buszko i Aleksander Franta<br \/>\nZbiory Instytutu Dokumentacji Architektury Biblioteki \u015al\u0105skiej<\/p>\n<\/div>\n","protected":false},"excerpt":{"rendered":"<p>Archiwum Architekt\u00f3w Instytutu Dokumentacji Architektury gromadzi, opracowuje i udost\u0119pnia dokumentacj\u0119 projektow\u0105 wybitnych architekt\u00f3w, tw\u00f3rc\u00f3w powojennych Katowic i miast wojew\u00f3dztwa \u015bl\u0105skiego, do kt\u00f3rych nale\u017c\u0105: Henryk Buszko, Aleksander Franta, Jerzy Gottfried, Jurand Jarecki, Wiktor Lipowczan, Edward Kisiel,<a class=\"read-more\" href=\"https:\/\/ida.bs.katowice.pl\/index.php\/o-archiwum\/\">Continue reading<\/a><\/p>\n","protected":false},"author":7,"featured_media":0,"parent":0,"menu_order":0,"comment_status":"closed","ping_status":"closed","template":"page-templates\/page_fullwidth.php","meta":{"advgb_blocks_editor_width":"","advgb_blocks_columns_visual_guide":"","ngg_post_thumbnail":0,"footnotes":""},"class_list":["post-1299","page","type-page","status-publish","hentry"],"coauthors":[],"author_meta":{"author_link":"https:\/\/ida.bs.katowice.pl\/index.php\/author\/peczakm\/","display_name":"Marek P\u0119czak"},"relative_dates":{"created":"Posted 5 lat ago","modified":"Updated 8 miesi\u0119cy ago"},"absolute_dates":{"created":"Posted on 11 marca 2021","modified":"Updated on 20 sierpnia 2025"},"absolute_dates_time":{"created":"Posted on 11 marca 2021 13:03","modified":"Updated on 20 sierpnia 2025 15:04"},"featured_img_caption":"","featured_img":false,"series_order":"","_links":{"self":[{"href":"https:\/\/ida.bs.katowice.pl\/index.php\/wp-json\/wp\/v2\/pages\/1299","targetHints":{"allow":["GET"]}}],"collection":[{"href":"https:\/\/ida.bs.katowice.pl\/index.php\/wp-json\/wp\/v2\/pages"}],"about":[{"href":"https:\/\/ida.bs.katowice.pl\/index.php\/wp-json\/wp\/v2\/types\/page"}],"author":[{"embeddable":true,"href":"https:\/\/ida.bs.katowice.pl\/index.php\/wp-json\/wp\/v2\/users\/7"}],"replies":[{"embeddable":true,"href":"https:\/\/ida.bs.katowice.pl\/index.php\/wp-json\/wp\/v2\/comments?post=1299"}],"version-history":[{"count":12,"href":"https:\/\/ida.bs.katowice.pl\/index.php\/wp-json\/wp\/v2\/pages\/1299\/revisions"}],"predecessor-version":[{"id":1314,"href":"https:\/\/ida.bs.katowice.pl\/index.php\/wp-json\/wp\/v2\/pages\/1299\/revisions\/1314"}],"wp:attachment":[{"href":"https:\/\/ida.bs.katowice.pl\/index.php\/wp-json\/wp\/v2\/media?parent=1299"}],"curies":[{"name":"wp","href":"https:\/\/api.w.org\/{rel}","templated":true}]}}