{"id":1177,"date":"2020-12-02T19:16:34","date_gmt":"2020-12-02T18:16:34","guid":{"rendered":"https:\/\/ida.bs.katowice.pl\/?page_id=1177"},"modified":"2025-06-03T12:08:47","modified_gmt":"2025-06-03T10:08:47","slug":"witeczek","status":"publish","type":"page","link":"https:\/\/ida.bs.katowice.pl\/index.php\/filmoteka\/witeczek\/","title":{"rendered":"arch. Jerzy Witeczek Portret filmowy &#8211; Kolekcja."},"content":{"rendered":"\r\n<p><iframe loading=\"lazy\" src=\"https:\/\/www.youtube.com\/embed\/5t1atmmptvw\" width=\"560\" height=\"315\" frameborder=\"0\" allowfullscreen=\"allowfullscreen\"><\/iframe><\/p>\r\n\r\n\r\n\r\n<blockquote>\r\n<p style=\"text-align: left;\" align=\"justify\"><span class=\"style-scope yt-formatted-string\" dir=\"auto\">Jerzy Witeczek (1941 r.) architekt i nauczyciel akademicki, profesor Politechniki \u015al\u0105skiej, jeden z tw\u00f3rc\u00f3w \u015al\u0105skiej Szko\u0142y Architektury. Autor ponad 150 zrealizowanych obiekt\u00f3w w kraju i zagranic\u0105. Laureat blisko trzydziestu nagr\u00f3d i wyr\u00f3\u017cnie\u0144 w konkursach krajowych i zagranicznych. Jeden z pierwszych po wojnie architekt\u00f3w o prawdziwie \u015bl\u0105skich korzeniach. Urodzi\u0142 si\u0119 w Tworkowie ko\u0142o Raciborza. Uko\u0144czy\u0142 Technikum budowlane w Raciborzu a nast\u0119pnie studia na Wydziale Budownictwa Przemys\u0142owego i Og\u00f3lnego Politechniki \u015al\u0105skiej w Gliwicach, gdzie w 1967 r. obroni\u0142 dyplom pod kierunkiem prof. Zygmunta Majerskiego. Od 1967 r. pracownik naukowo-dydaktyczny w Katedrze Projektowania Architektonicznego na Wydz. Architektury Politechniki \u015al\u0105skiej. W latach 1965-1969 odby\u0142 sta\u017ce projektowe w biurach znakomitych austriackich architekt\u00f3w: prof. Artura Perottiego w Steier (1965), Wolfganga Radlera w Wiedniu i Linzu (1968-1969) oraz w Niemczech u Reinholda Barona w Wuppertalu (1985). Doktorat obroni\u0142 w 1977 r. pod kierunkiem prof. Wiktora Jackiewicza, a w 1993 r. uzyska\u0142 tytu\u0142 profesora nadzwyczajnego Politechniki \u015al\u0105skiej. R\u00f3wnolegle z dzia\u0142alno\u015bci\u0105 na uczelni pracowa\u0142 w Wojew\u00f3dzkim Biurze Projekt\u00f3w w Katowicach (1977-2003). Organizator i moderator wielu wystaw architektonicznych, warsztat\u00f3w i konferencji w kraju i zagranic\u0105. Cz\u0142onek i S\u0119dzia konkursowy SARP oraz Fundacji im. J. Eichendorffa. Sportowiec i narciarz Klubu Architekt\u00f3w Narciarzy KLAN. Wychowawca i promotor kilku pokole\u0144 architekt\u00f3w.<\/span><\/p>\r\n<\/blockquote>\r\n<p style=\"text-align: left;\" align=\"justify\">O projekcie: \u201ePortrety filmowe architekt\u00f3w G\u00f3rnego \u015al\u0105ska drugiej po\u0142owy XX wieku. Kolekcja.\u201d Projekt ma na celu przedstawienie sylwetek architekt\u00f3w: Stanis\u0142awa Niemczyka, Marka i Ewy Dzieko\u0144skich, Jerzego Witeczka, Janusza i Bo\u017ceny W\u0142odarczyk\u00f3w \u2013 przedstawicieli powojennej architektury na G\u00f3rnym \u015al\u0105sku, a tak\u017ce arch. Tadeusza Baruckiego \u2013 historyka sztuki i dokumentalisty, prezentuj\u0105cego osi\u0105gni\u0119cia \u015bwiatowej architektury tego okresu. W projekcie istotne jest nie tylko zaprezentowanie dziedzictwa architektonicznego powsta\u0142ego po 1945 roku i zachowanej dokumentacji projektowej lecz tak\u017ce, a mo\u017ce przede wszystkim \u2013 ukazanie sylwetek jej tw\u00f3rc\u00f3w, ich z\u0142o\u017conych \u017cyciorys\u00f3w i osobowo\u015bci. Realizowana przez nas kolekcja portret\u00f3w filmowych wpisuje si\u0119 w dzia\u0142alno\u015b\u0107 dokumentacyjn\u0105, archiwizacyjn\u0105, badawcz\u0105 i popularyzatorsk\u0105 Instytutu Dokumentacji Architektury Biblioteki \u015al\u0105skiej. <br><br>Projekt dofinansowany jest ze \u015brodk\u00f3w Muzeum Historii Polski w Warszawie w ramach Programu \u201ePatriotyzm Jutra&#8221;.<br><br>Fotografia w miniaturze autorstwa Tomasza Wagnera<\/p>\r\n\r\n\r\n<center><a href=\"http:\/\/creativecommons.org\/licenses\/by\/3.0\/pl\/\" rel=\"license\"><img decoding=\"async\" style=\"border-width: 0;\" src=\"https:\/\/i.creativecommons.org\/l\/by\/3.0\/pl\/88x31.png\" alt=\"Licencja Creative Commons\"><\/a><br>Ten utw\u00f3r jest dost\u0119pny na <a href=\"http:\/\/creativecommons.org\/licenses\/by\/3.0\/pl\/\" rel=\"license\">licencji Creative Commons Uznanie autorstwa 3.0 Polska<\/a>.<\/center>","protected":false},"excerpt":{"rendered":"<p>Jerzy Witeczek (1941 r.) architekt i nauczyciel akademicki, profesor Politechniki \u015al\u0105skiej, jeden z tw\u00f3rc\u00f3w \u015al\u0105skiej Szko\u0142y Architektury. Autor ponad 150 zrealizowanych obiekt\u00f3w w kraju i zagranic\u0105. Laureat blisko trzydziestu nagr\u00f3d i wyr\u00f3\u017cnie\u0144 w konkursach krajowych<a class=\"read-more\" href=\"https:\/\/ida.bs.katowice.pl\/index.php\/filmoteka\/witeczek\/\">Continue reading<\/a><\/p>\n","protected":false},"author":7,"featured_media":0,"parent":1101,"menu_order":0,"comment_status":"closed","ping_status":"closed","template":"page-templates\/page_fullwidth.php","meta":{"advgb_blocks_editor_width":"","advgb_blocks_columns_visual_guide":"","ngg_post_thumbnail":0,"footnotes":""},"class_list":["post-1177","page","type-page","status-publish","hentry"],"coauthors":[],"author_meta":{"author_link":"https:\/\/ida.bs.katowice.pl\/index.php\/author\/peczakm\/","display_name":"Marek P\u0119czak"},"relative_dates":{"created":"Posted 5 lat ago","modified":"Updated 11 miesi\u0119cy ago"},"absolute_dates":{"created":"Posted on 2 grudnia 2020","modified":"Updated on 3 czerwca 2025"},"absolute_dates_time":{"created":"Posted on 2 grudnia 2020 19:16","modified":"Updated on 3 czerwca 2025 12:08"},"featured_img_caption":"","featured_img":false,"series_order":"","_links":{"self":[{"href":"https:\/\/ida.bs.katowice.pl\/index.php\/wp-json\/wp\/v2\/pages\/1177","targetHints":{"allow":["GET"]}}],"collection":[{"href":"https:\/\/ida.bs.katowice.pl\/index.php\/wp-json\/wp\/v2\/pages"}],"about":[{"href":"https:\/\/ida.bs.katowice.pl\/index.php\/wp-json\/wp\/v2\/types\/page"}],"author":[{"embeddable":true,"href":"https:\/\/ida.bs.katowice.pl\/index.php\/wp-json\/wp\/v2\/users\/7"}],"replies":[{"embeddable":true,"href":"https:\/\/ida.bs.katowice.pl\/index.php\/wp-json\/wp\/v2\/comments?post=1177"}],"version-history":[{"count":2,"href":"https:\/\/ida.bs.katowice.pl\/index.php\/wp-json\/wp\/v2\/pages\/1177\/revisions"}],"predecessor-version":[{"id":2579,"href":"https:\/\/ida.bs.katowice.pl\/index.php\/wp-json\/wp\/v2\/pages\/1177\/revisions\/2579"}],"up":[{"embeddable":true,"href":"https:\/\/ida.bs.katowice.pl\/index.php\/wp-json\/wp\/v2\/pages\/1101"}],"wp:attachment":[{"href":"https:\/\/ida.bs.katowice.pl\/index.php\/wp-json\/wp\/v2\/media?parent=1177"}],"curies":[{"name":"wp","href":"https:\/\/api.w.org\/{rel}","templated":true}]}}