{"id":1161,"date":"2020-11-29T15:59:46","date_gmt":"2020-11-29T14:59:46","guid":{"rendered":"https:\/\/ida.bs.katowice.pl\/?page_id=1161"},"modified":"2025-06-03T12:08:18","modified_gmt":"2025-06-03T10:08:18","slug":"niemczyk","status":"publish","type":"page","link":"https:\/\/ida.bs.katowice.pl\/index.php\/filmoteka\/niemczyk\/","title":{"rendered":"arch. Stanis\u0142aw Niemczyk. Portret filmowy &#8211; Kolekcja."},"content":{"rendered":"<center><iframe loading=\"lazy\" src=\"https:\/\/www.youtube.com\/embed\/TIsON6a_33s\" width=\"560\" height=\"315\" frameborder=\"0\" allowfullscreen=\"allowfullscreen\"><\/iframe><\/center>\r\n\r\n\r\n<blockquote>\r\n<p style=\"text-align: left;\" align=\"justify\">Stanis\u0142aw Niemczyk (1943 &#8211; 2019), jeden z najwybitniejszych i najbardziej oryginalnych tw\u00f3rc\u00f3w polskiej architektury wsp\u00f3\u0142czesnej. Urodzony w Czechowicach-Dziedzicach, uko\u0144czy\u0142 studia na Wydziale Architektury Politechniki Krakowskiej(1968), wi\u0119kszo\u015b\u0107 \u017cycia zawodowego i rodzinnego zwi\u0105za\u0142 z Tychami. Od 1968 roku pracowa\u0142 w Biurze Projekt\u00f3w Budownictwa Og\u00f3lnego \u201eMiastoprojekt Tychy\u201d, a od 1985 w prywatnych sp\u00f3\u0142kach projektowych: \u201eARCH SiM\u201d oraz \u201eARS Architektura\u201d. Jako architekt, artysta i cz\u0142owiek czerpa\u0142 si\u0142\u0119 z wiary, poszukiwa\u0142 inspiracji w pi\u0119knie natury, kultywowa\u0142 tradycyjne sposoby budowania. Jego indywidualny styl odnajdujemy w zaprojektowanych przez niego obiektach mieszkalnych, us\u0142ugowych oraz licznych budowlach sakralnych.<\/p>\r\n<\/blockquote>\r\n<p style=\"text-align: left;\" align=\"justify\">O projekcie: \u201ePortrety filmowe architekt\u00f3w G\u00f3rnego \u015al\u0105ska drugiej po\u0142owy XX wieku. Kolekcja.\u201d Projekt ma na celu przedstawienie sylwetek architekt\u00f3w: Stanis\u0142awa Niemczyka, Marka i Ewy Dzieko\u0144skich, Jerzego Witeczka, Janusza i Bo\u017ceny W\u0142odarczyk\u00f3w \u2013 przedstawicieli powojennej architektury na G\u00f3rnym \u015al\u0105sku, a tak\u017ce arch. Tadeusza Baruckiego \u2013 historyka sztuki i dokumentalisty, prezentuj\u0105cego osi\u0105gni\u0119cia \u015bwiatowej architektury tego okresu. W projekcie istotne jest nie tylko zaprezentowanie dziedzictwa architektonicznego powsta\u0142ego po 1945 roku i zachowanej dokumentacji projektowej lecz tak\u017ce, a mo\u017ce przede wszystkim \u2013 ukazanie sylwetek jej tw\u00f3rc\u00f3w, ich z\u0142o\u017conych \u017cyciorys\u00f3w i osobowo\u015bci. Realizowana przez nas kolekcja portret\u00f3w filmowych wpisuje si\u0119 w dzia\u0142alno\u015b\u0107 dokumentacyjn\u0105, archiwizacyjn\u0105, badawcz\u0105 i popularyzatorsk\u0105 Instytutu Dokumentacji Architektury Biblioteki \u015al\u0105skiej. <br><br>Projekt dofinansowany jest ze \u015brodk\u00f3w Muzeum Historii Polski w Warszawie w ramach Programu \u201ePatriotyzm Jutra&#8221;.<br><br>Fotografia w miniaturze autorstwa Iwony Wander<\/p>\r\n\r\n\r\n<center><a href=\"http:\/\/creativecommons.org\/licenses\/by\/3.0\/pl\/\" rel=\"license\"><img decoding=\"async\" style=\"border-width: 0;\" src=\"https:\/\/i.creativecommons.org\/l\/by\/3.0\/pl\/88x31.png\" alt=\"Licencja Creative Commons\"><\/a><br>Ten utw\u00f3r jest dost\u0119pny na <a href=\"http:\/\/creativecommons.org\/licenses\/by\/3.0\/pl\/\" rel=\"license\">licencji Creative Commons Uznanie autorstwa 3.0 Polska<\/a>.<\/center>","protected":false},"excerpt":{"rendered":"<p>Stanis\u0142aw Niemczyk (1943 &#8211; 2019), jeden z najwybitniejszych i najbardziej oryginalnych tw\u00f3rc\u00f3w polskiej architektury wsp\u00f3\u0142czesnej. Urodzony w Czechowicach-Dziedzicach, uko\u0144czy\u0142 studia na Wydziale Architektury Politechniki Krakowskiej(1968), wi\u0119kszo\u015b\u0107 \u017cycia zawodowego i rodzinnego zwi\u0105za\u0142 z Tychami. Od 1968<a class=\"read-more\" href=\"https:\/\/ida.bs.katowice.pl\/index.php\/filmoteka\/niemczyk\/\">Continue reading<\/a><\/p>\n","protected":false},"author":7,"featured_media":0,"parent":1101,"menu_order":0,"comment_status":"closed","ping_status":"closed","template":"page-templates\/page_fullwidth.php","meta":{"advgb_blocks_editor_width":"","advgb_blocks_columns_visual_guide":"","ngg_post_thumbnail":0,"footnotes":""},"class_list":["post-1161","page","type-page","status-publish","hentry"],"coauthors":[],"author_meta":{"author_link":"https:\/\/ida.bs.katowice.pl\/index.php\/author\/peczakm\/","display_name":"Marek P\u0119czak"},"relative_dates":{"created":"Posted 5 lat ago","modified":"Updated 11 miesi\u0119cy ago"},"absolute_dates":{"created":"Posted on 29 listopada 2020","modified":"Updated on 3 czerwca 2025"},"absolute_dates_time":{"created":"Posted on 29 listopada 2020 15:59","modified":"Updated on 3 czerwca 2025 12:08"},"featured_img_caption":"","featured_img":false,"series_order":"","_links":{"self":[{"href":"https:\/\/ida.bs.katowice.pl\/index.php\/wp-json\/wp\/v2\/pages\/1161","targetHints":{"allow":["GET"]}}],"collection":[{"href":"https:\/\/ida.bs.katowice.pl\/index.php\/wp-json\/wp\/v2\/pages"}],"about":[{"href":"https:\/\/ida.bs.katowice.pl\/index.php\/wp-json\/wp\/v2\/types\/page"}],"author":[{"embeddable":true,"href":"https:\/\/ida.bs.katowice.pl\/index.php\/wp-json\/wp\/v2\/users\/7"}],"replies":[{"embeddable":true,"href":"https:\/\/ida.bs.katowice.pl\/index.php\/wp-json\/wp\/v2\/comments?post=1161"}],"version-history":[{"count":4,"href":"https:\/\/ida.bs.katowice.pl\/index.php\/wp-json\/wp\/v2\/pages\/1161\/revisions"}],"predecessor-version":[{"id":2578,"href":"https:\/\/ida.bs.katowice.pl\/index.php\/wp-json\/wp\/v2\/pages\/1161\/revisions\/2578"}],"up":[{"embeddable":true,"href":"https:\/\/ida.bs.katowice.pl\/index.php\/wp-json\/wp\/v2\/pages\/1101"}],"wp:attachment":[{"href":"https:\/\/ida.bs.katowice.pl\/index.php\/wp-json\/wp\/v2\/media?parent=1161"}],"curies":[{"name":"wp","href":"https:\/\/api.w.org\/{rel}","templated":true}]}}