{"id":1146,"date":"2020-11-28T05:53:32","date_gmt":"2020-11-28T04:53:32","guid":{"rendered":"https:\/\/ida.bs.katowice.pl\/?page_id=1146"},"modified":"2025-06-03T12:09:14","modified_gmt":"2025-06-03T10:09:14","slug":"wlodarczykowie","status":"publish","type":"page","link":"https:\/\/ida.bs.katowice.pl\/index.php\/filmoteka\/wlodarczykowie\/","title":{"rendered":"arch. Janusz i Bo\u017cena W\u0142odarczykowie. Portret filmowy &#8211; Kolekcja."},"content":{"rendered":"<center><iframe loading=\"lazy\" src=\"https:\/\/www.youtube.com\/embed\/u72sw6JK6yY\" width=\"560\" height=\"315\" frameborder=\"0\" allowfullscreen=\"allowfullscreen\"><\/iframe><\/center>\r\n<blockquote>\r\n<p style=\"text-align: left;\" align=\"justify\">Janusz i Bo\u017cena W\u0142odarczykowie \u2013 znane w Tychach ma\u0142\u017ce\u0144stwo architekt\u00f3w. Na zaproszenia Kazimierza i Hanny Wejchert\u00f3w ko\u0144cem lat 50-tych XX wieku przybyli na G\u00f3rny \u015al\u0105sk, gdzie swoje \u017cycie zawodowe i prywatne zwi\u0105zali z budow\u0105 nowych Tych\u00f3w. Ich wsp\u00f3lne projekty i realizacje obiekt\u00f3w: szkolnych, mieszkaniowych, us\u0142ugowo-handlowych a tak\u017ce sakralnych na trwale wpisa\u0142y si\u0119 w krajobraz miasta i wielu innych miast wojew\u00f3dztwa \u015bl\u0105skiego. <br><br>Janusz W\u0142odarczyk (1932-2015) urodzi\u0142 si\u0119 w Warszawie. W 1958 roku uko\u0144czy\u0142 studia na Wydziale Architektury Politechniki Krakowskiej. W 1959 podj\u0105\u0142 prac\u0119 w Miastoprojekcie \u201eNowe Tychy\u201d, gdzie pracowa\u0142 do roku 1989. Od 1990 roku prowadzi\u0142 autorsk\u0105 pracowni\u0119 projektow\u0105. R\u00f3wnolegle z dzia\u0142alno\u015bci\u0105 projektow\u0105 by\u0142 wyk\u0142adowc\u0105 w Akademii Sztuk Pi\u0119knych w Krakowie (1977-1981), na Wydziale Architektury Politechniki Bia\u0142ostockiej (1989-2009),oraz kierownikiem Katedry Projektowania Architektonicznego w Wy\u017cszej Szkole Technicznej w Katowicach (2004-2015). W 1987 r. otrzyma\u0142 stopie\u0144 doktora nauk technicznych, w 1993 r. uzyska\u0142 habilitacj\u0119, a w 2001 r. tytu\u0142 profesora nauk technicznych. <br><br>Bo\u017cena W\u0142odarczyk (1935- ) urodzi\u0142a si\u0119 w Pabianicach. Po obronie dyplomu na Wydziale Architektury Politechniki Krakowskiej rozpocz\u0119\u0142a wraz z m\u0119\u017cem prac\u0119 w Miastoprojekcie &#8222;Nowe Tychy&#8221;. Jest wsp\u00f3\u0142autork\u0105 wielu obiekt\u00f3w mieszkaniowych, szkolnych, us\u0142ugowych, sakralnych w Tychach i innych miastach G\u00f3rnego \u015al\u0105ska.<\/p>\r\n<\/blockquote>\r\n<p style=\"text-align: left;\" align=\"justify\">O projekcie: \u201ePortrety filmowe architekt\u00f3w G\u00f3rnego \u015al\u0105ska drugiej po\u0142owy XX wieku. Kolekcja.\u201d Projekt ma na celu przedstawienie sylwetek architekt\u00f3w: Stanis\u0142awa Niemczyka, Marka i Ewy Dzieko\u0144skich, Jerzego Witeczka, Janusza i Bo\u017ceny W\u0142odarczyk\u00f3w \u2013 przedstawicieli powojennej architektury na G\u00f3rnym \u015al\u0105sku, a tak\u017ce arch. Tadeusza Baruckiego \u2013 historyka sztuki i dokumentalisty, prezentuj\u0105cego osi\u0105gni\u0119cia \u015bwiatowej architektury tego okresu. W projekcie istotne jest nie tylko zaprezentowanie dziedzictwa architektonicznego powsta\u0142ego po 1945 roku i zachowanej dokumentacji projektowej lecz tak\u017ce, a mo\u017ce przede wszystkim \u2013 ukazanie sylwetek jej tw\u00f3rc\u00f3w, ich z\u0142o\u017conych \u017cyciorys\u00f3w i osobowo\u015bci. Realizowana przez nas kolekcja portret\u00f3w filmowych wpisuje si\u0119 w dzia\u0142alno\u015b\u0107 dokumentacyjn\u0105, archiwizacyjn\u0105, badawcz\u0105 i popularyzatorsk\u0105 Instytutu Dokumentacji Architektury Biblioteki \u015al\u0105skiej. <br><br>Projekt dofinansowany jest ze \u015brodk\u00f3w Muzeum Historii Polski w Warszawie w ramach Programu \u201ePatriotyzm Jutra&#8221;.<br><br>Fotografia w miniaturze z archiwum rodziny W\u0142odarczyk<\/p>\r\n\r\n\r\n<center><a href=\"http:\/\/creativecommons.org\/licenses\/by\/3.0\/pl\/\" rel=\"license\"><img decoding=\"async\" style=\"border-width: 0;\" src=\"https:\/\/i.creativecommons.org\/l\/by\/3.0\/pl\/88x31.png\" alt=\"Licencja Creative Commons\"><\/a><br>Ten utw\u00f3r jest dost\u0119pny na <a href=\"http:\/\/creativecommons.org\/licenses\/by\/3.0\/pl\/\" rel=\"license\">licencji Creative Commons Uznanie autorstwa 3.0 Polska<\/a>.<\/center>","protected":false},"excerpt":{"rendered":"<p>Janusz i Bo\u017cena W\u0142odarczykowie \u2013 znane w Tychach ma\u0142\u017ce\u0144stwo architekt\u00f3w. Na zaproszenia Kazimierza i Hanny Wejchert\u00f3w ko\u0144cem lat 50-tych XX wieku przybyli na G\u00f3rny \u015al\u0105sk, gdzie swoje \u017cycie zawodowe i prywatne zwi\u0105zali z budow\u0105 nowych<a class=\"read-more\" href=\"https:\/\/ida.bs.katowice.pl\/index.php\/filmoteka\/wlodarczykowie\/\">Continue reading<\/a><\/p>\n","protected":false},"author":7,"featured_media":0,"parent":1101,"menu_order":0,"comment_status":"closed","ping_status":"closed","template":"page-templates\/page_fullwidth.php","meta":{"advgb_blocks_editor_width":"","advgb_blocks_columns_visual_guide":"","ngg_post_thumbnail":0,"footnotes":""},"class_list":["post-1146","page","type-page","status-publish","hentry"],"coauthors":[],"author_meta":{"author_link":"https:\/\/ida.bs.katowice.pl\/index.php\/author\/peczakm\/","display_name":"Marek P\u0119czak"},"relative_dates":{"created":"Posted 5 lat ago","modified":"Updated 11 miesi\u0119cy ago"},"absolute_dates":{"created":"Posted on 28 listopada 2020","modified":"Updated on 3 czerwca 2025"},"absolute_dates_time":{"created":"Posted on 28 listopada 2020 05:53","modified":"Updated on 3 czerwca 2025 12:09"},"featured_img_caption":"","featured_img":false,"series_order":"","_links":{"self":[{"href":"https:\/\/ida.bs.katowice.pl\/index.php\/wp-json\/wp\/v2\/pages\/1146","targetHints":{"allow":["GET"]}}],"collection":[{"href":"https:\/\/ida.bs.katowice.pl\/index.php\/wp-json\/wp\/v2\/pages"}],"about":[{"href":"https:\/\/ida.bs.katowice.pl\/index.php\/wp-json\/wp\/v2\/types\/page"}],"author":[{"embeddable":true,"href":"https:\/\/ida.bs.katowice.pl\/index.php\/wp-json\/wp\/v2\/users\/7"}],"replies":[{"embeddable":true,"href":"https:\/\/ida.bs.katowice.pl\/index.php\/wp-json\/wp\/v2\/comments?post=1146"}],"version-history":[{"count":9,"href":"https:\/\/ida.bs.katowice.pl\/index.php\/wp-json\/wp\/v2\/pages\/1146\/revisions"}],"predecessor-version":[{"id":2580,"href":"https:\/\/ida.bs.katowice.pl\/index.php\/wp-json\/wp\/v2\/pages\/1146\/revisions\/2580"}],"up":[{"embeddable":true,"href":"https:\/\/ida.bs.katowice.pl\/index.php\/wp-json\/wp\/v2\/pages\/1101"}],"wp:attachment":[{"href":"https:\/\/ida.bs.katowice.pl\/index.php\/wp-json\/wp\/v2\/media?parent=1146"}],"curies":[{"name":"wp","href":"https:\/\/api.w.org\/{rel}","templated":true}]}}