{"id":1111,"date":"2020-11-23T02:07:26","date_gmt":"2020-11-23T01:07:26","guid":{"rendered":"https:\/\/ida.bs.katowice.pl\/?page_id=1111"},"modified":"2025-06-03T12:06:36","modified_gmt":"2025-06-03T10:06:36","slug":"barucki","status":"publish","type":"page","link":"https:\/\/ida.bs.katowice.pl\/index.php\/filmoteka\/barucki\/","title":{"rendered":"arch. Tadeusz Barucki. Portret filmowy &#8211; Kolekcja."},"content":{"rendered":"<center><iframe loading=\"lazy\" src=\"https:\/\/www.youtube.com\/embed\/jTSf51X1654\" width=\"560\" height=\"315\" frameborder=\"0\" allowfullscreen=\"allowfullscreen\"><\/iframe><\/center>\r\n\r\n\r\n<blockquote>\r\n<p style=\"text-align: left;\" align=\"justify\">Tadeusz Barucki (ur. 13 VI 1922 r.) &#8211; architekt i historyk sztuki. By\u0142 jednym z najbardziej znanych w 2. po\u0142owie XX wieku architekt\u00f3w \u2013 podr\u00f3\u017cnik\u00f3w, badaj\u0105cy, dokumentuj\u0105cy i popularyzuj\u0105cy osi\u0105gni\u0119cia \u015bwiatowej architektury w Polsce, oraz promuj\u0105cy polsk\u0105 architektur\u0119 w \u015bwiecie. \u201eAmbasador\u201d i \u201eokno na \u015bwiat\u201d dla powojennego \u015brodowiska architektonicznego Europy Wschodniej. Dzi\u0119ki wieloletniej i bliskiej przyja\u017ani z Henrykiem Buszko, Aleksandrem Frant\u0105 oraz Jerzym Gottfriedem by\u0142 cz\u0119stym go\u015bciem na \u015al\u0105sku, doskonale zna\u0142 tutejsze \u015brodowisko architektoniczne, a powstaj\u0105ca \u015bl\u0105ska architektura by\u0142a mu bardzo bliska. Urodzony w Bia\u0142ymstoku uko\u0144czy\u0142 studia architektoniczne na Wydzia\u0142ach Politechnicznych Akademii G\u00f3rniczo-Hutniczej w Krakowie (1949 r.).Pracowa\u0142 naukowo w Instytucie Urbanistyki i Architektury w Warszawie oraz jako projektant w Biurze Projekt\u00f3w Przemys\u0142u W\u0119glowego w Krakowie i w Biurze Studi\u00f3w i Projekt\u00f3w Komunikacji w Warszawie. W latach 1956-61 by\u0142 Sekretarzem Generalnym SARP \u2013 od. Warszawa. Pocz\u0105tkiem lat 60-tych XX w. (od 1961 r.) zaj\u0105\u0142 si\u0119 dokumentowaniem i upowszechnianiem kultury architektonicznej oraz wiedzy o architekturze \u015bwiata. Odwiedzi\u0142 blisko 70 kraj\u00f3w wyk\u0142adaj\u0105c na uczelniach i w stowarzyszeniach architektonicznych. Nawi\u0105za\u0142 osobiste kontakty z ponad 150 najwybitniejszymi architektami \u015bwiata. Jego artyku\u0142y i reporta\u017ce prezentowane by\u0142y w czasopismach polskich i zagranicznych.<\/p>\r\n<\/blockquote>\r\n<p style=\"text-align: left;\" align=\"justify\">O projekcie: \u201ePortrety filmowe architekt\u00f3w G\u00f3rnego \u015al\u0105ska drugiej po\u0142owy XX wieku. Kolekcja.\u201d Projekt ma na celu przedstawienie sylwetek architekt\u00f3w: Stanis\u0142awa Niemczyka, Marka i Ewy Dzieko\u0144skich, Jerzego Witeczka, Janusza i Bo\u017ceny W\u0142odarczyk\u00f3w \u2013 przedstawicieli powojennej architektury na G\u00f3rnym \u015al\u0105sku, a tak\u017ce arch. Tadeusza Baruckiego \u2013 historyka sztuki i dokumentalisty, prezentuj\u0105cego osi\u0105gni\u0119cia \u015bwiatowej architektury tego okresu. W projekcie istotne jest nie tylko zaprezentowanie dziedzictwa architektonicznego powsta\u0142ego po 1945 roku i zachowanej dokumentacji projektowej lecz tak\u017ce, a mo\u017ce przede wszystkim \u2013 ukazanie sylwetek jej tw\u00f3rc\u00f3w, ich z\u0142o\u017conych \u017cyciorys\u00f3w i osobowo\u015bci. Realizowana przez nas kolekcja portret\u00f3w filmowych wpisuje si\u0119 w dzia\u0142alno\u015b\u0107 dokumentacyjn\u0105, archiwizacyjn\u0105, badawcz\u0105 i popularyzatorsk\u0105 Instytutu Dokumentacji Architektury Biblioteki \u015al\u0105skiej. <br><br>Projekt dofinansowany jest ze \u015brodk\u00f3w Muzeum Historii Polski w Warszawie w ramach Programu \u201ePatriotyzm Jutra&#8221;.<br><br>Fotografia w miniaturze autorstwa Anety Borowik<\/p>\r\n\r\n\r\n<center><a href=\"http:\/\/creativecommons.org\/licenses\/by\/3.0\/pl\/\" rel=\"license\"><img decoding=\"async\" style=\"border-width: 0;\" src=\"https:\/\/i.creativecommons.org\/l\/by\/3.0\/pl\/88x31.png\" alt=\"Licencja Creative Commons\"><\/a><br>Ten utw\u00f3r jest dost\u0119pny na <a href=\"http:\/\/creativecommons.org\/licenses\/by\/3.0\/pl\/\" rel=\"license\">licencji Creative Commons Uznanie autorstwa 3.0 Polska<\/a>.<\/center>","protected":false},"excerpt":{"rendered":"<p>Tadeusz Barucki (ur. 13 VI 1922 r.) &#8211; architekt i historyk sztuki. By\u0142 jednym z najbardziej znanych w 2. po\u0142owie XX wieku architekt\u00f3w \u2013 podr\u00f3\u017cnik\u00f3w, badaj\u0105cy, dokumentuj\u0105cy i popularyzuj\u0105cy osi\u0105gni\u0119cia \u015bwiatowej architektury w Polsce, oraz<a class=\"read-more\" href=\"https:\/\/ida.bs.katowice.pl\/index.php\/filmoteka\/barucki\/\">Continue reading<\/a><\/p>\n","protected":false},"author":7,"featured_media":0,"parent":1101,"menu_order":0,"comment_status":"closed","ping_status":"closed","template":"page-templates\/page_fullwidth.php","meta":{"advgb_blocks_editor_width":"","advgb_blocks_columns_visual_guide":"","ngg_post_thumbnail":0,"footnotes":""},"class_list":["post-1111","page","type-page","status-publish","hentry"],"coauthors":[],"author_meta":{"author_link":"https:\/\/ida.bs.katowice.pl\/index.php\/author\/peczakm\/","display_name":"Marek P\u0119czak"},"relative_dates":{"created":"Posted 5 lat ago","modified":"Updated 11 miesi\u0119cy ago"},"absolute_dates":{"created":"Posted on 23 listopada 2020","modified":"Updated on 3 czerwca 2025"},"absolute_dates_time":{"created":"Posted on 23 listopada 2020 02:07","modified":"Updated on 3 czerwca 2025 12:06"},"featured_img_caption":"","featured_img":false,"series_order":"","_links":{"self":[{"href":"https:\/\/ida.bs.katowice.pl\/index.php\/wp-json\/wp\/v2\/pages\/1111","targetHints":{"allow":["GET"]}}],"collection":[{"href":"https:\/\/ida.bs.katowice.pl\/index.php\/wp-json\/wp\/v2\/pages"}],"about":[{"href":"https:\/\/ida.bs.katowice.pl\/index.php\/wp-json\/wp\/v2\/types\/page"}],"author":[{"embeddable":true,"href":"https:\/\/ida.bs.katowice.pl\/index.php\/wp-json\/wp\/v2\/users\/7"}],"replies":[{"embeddable":true,"href":"https:\/\/ida.bs.katowice.pl\/index.php\/wp-json\/wp\/v2\/comments?post=1111"}],"version-history":[{"count":11,"href":"https:\/\/ida.bs.katowice.pl\/index.php\/wp-json\/wp\/v2\/pages\/1111\/revisions"}],"predecessor-version":[{"id":2576,"href":"https:\/\/ida.bs.katowice.pl\/index.php\/wp-json\/wp\/v2\/pages\/1111\/revisions\/2576"}],"up":[{"embeddable":true,"href":"https:\/\/ida.bs.katowice.pl\/index.php\/wp-json\/wp\/v2\/pages\/1101"}],"wp:attachment":[{"href":"https:\/\/ida.bs.katowice.pl\/index.php\/wp-json\/wp\/v2\/media?parent=1111"}],"curies":[{"name":"wp","href":"https:\/\/api.w.org\/{rel}","templated":true}]}}