{"id":1101,"date":"2020-11-18T19:56:53","date_gmt":"2020-11-18T18:56:53","guid":{"rendered":"https:\/\/ida.bs.katowice.pl\/?page_id=1101"},"modified":"2023-01-18T15:27:40","modified_gmt":"2023-01-18T14:27:40","slug":"filmoteka","status":"publish","type":"page","link":"https:\/\/ida.bs.katowice.pl\/index.php\/filmoteka\/","title":{"rendered":"Filmoteka"},"content":{"rendered":"<blockquote>\n<p style=\"text-align: left;\"><span style=\"text-align: left;\">Projekt: \u201ePortrety filmowe architekt\u00f3w G\u00f3rnego \u015al\u0105ska drugiej po\u0142owy XX wieku. Kolekcja.\u201d&nbsp;<\/span><\/p>\n<\/blockquote>\n<div class=\"entry-content\">\n<div class=\"wbg-main-wrapper wbg-product-column-3 wbg-product-column-mobile-1\">\n<div class=\"wbg-item\"><a class=\"wgb-item-link\" href=\"https:\/\/ida.bs.katowice.pl\/index.php\/filmoteka\/barucki\/\"><br \/>\n<img decoding=\"async\" src=\"https:\/\/ida.bs.katowice.pl\/wp-content\/uploads\/2021\/01\/5-scaled.jpg\" alt=\"architekt Tadeusz Barucki\" width=\"200\"><br \/>\narch. Tadeusz Barucki<\/a><\/p>\n<div class=\"wbg-description-content\">\n<p style=\"text-align: left;\" align=\"justify\">By\u0142 jednym z najbardziej znanych w 2. po\u0142owie XX wieku architekt\u00f3w \u2013 podr\u00f3\u017cnik\u00f3w, badaj\u0105cy, dokumentuj\u0105cy i popularyzuj\u0105cy osi\u0105gni\u0119cia \u015bwiatowej architektury w Polsce, oraz promuj\u0105cy polsk\u0105 architektur\u0119 w \u015bwiecie. \u201eAmbasador\u201d i \u201eokno na \u015bwiat\u201d dla powojennego \u015brodowiska architektonicznego Europy Wschodniej.<\/p>\n<\/div>\n<div class=\"wbg-description-content\">&nbsp;<\/div>\n<\/div>\n<div class=\"wbg-item\"><a class=\"wgb-item-link\" href=\"https:\/\/ida.bs.katowice.pl\/index.php\/filmoteka\/dziekonscy\/\"><br \/>\n<img decoding=\"async\" src=\"https:\/\/ida.bs.katowice.pl\/wp-content\/uploads\/2021\/01\/4.jpg\" alt=\"architekci Marek i Ewa Dzieko\u0144scy\" width=\"200\"><br \/>\narch. Marek i Ewa Dzieko\u0144scy<\/a><\/p>\n<div class=\"wbg-description-content\">\n<p style=\"text-align: left;\" align=\"justify\">Marek i Ewa Dzieko\u0144scy s\u0105 jedn\u0105 z par architekt\u00f3w, kt\u00f3rzy wsp\u00f3lnie z Hann\u0105 Adamczewsk\u0105 i Kazimierzem Wejchertem, Mari\u0105 i Andrzejem Czy\u017cewskimi oraz Bo\u017cen\u0105 i Januszem W\u0142odarczykami wsp\u00f3\u0142tworzyli miasto Nowe Tychy.<\/p>\n<\/div>\n<div class=\"wbg-description-content\">&nbsp;<\/div>\n<\/div>\n<div class=\"wbg-item\"><a class=\"wgb-item-link\" href=\"https:\/\/ida.bs.katowice.pl\/index.php\/filmoteka\/niemczyk\/\"><br \/>\n<img decoding=\"async\" src=\"https:\/\/ida.bs.katowice.pl\/wp-content\/uploads\/2021\/01\/1.jpg\" alt=\"architekt Stanis\u0142aw Niemczyk\" width=\"200\"><br \/>\narch. Stanis\u0142aw Niemczyk<\/a><\/p>\n<div class=\"wbg-description-content\">\n<p style=\"text-align: left;\" align=\"justify\">Jeden z najwybitniejszych i najbardziej oryginalnych tw\u00f3rc\u00f3w polskiej architektury wsp\u00f3\u0142czesnej. Urodzony w Czechowicach-Dziedzicach, uko\u0144czy\u0142 studia na Wydziale Architektury Politechniki Krakowskiej(1968), wi\u0119kszo\u015b\u0107 \u017cycia zawodowego i rodzinnego zwi\u0105za\u0142 z Tychami.<\/p>\n<\/div>\n<\/div>\n<div class=\"wbg-item\"><a class=\"wgb-item-link\" href=\"https:\/\/ida.bs.katowice.pl\/index.php\/filmoteka\/witeczek\/\"><br \/>\n<img decoding=\"async\" src=\"https:\/\/ida.bs.katowice.pl\/wp-content\/uploads\/2021\/01\/2-scaled.jpg\" alt=\"architekt Jerzy Witeczek\" width=\"200\"><br \/>\narch. Jerzy Witeczek <\/a><\/p>\n<div class=\"wbg-description-content\">\n<p style=\"text-align: left;\" align=\"justify\">Autor ponad 150 zrealizowanych obiekt\u00f3w w kraju i zagranic\u0105. Laureat blisko trzydziestu nagr\u00f3d i wyr\u00f3\u017cnie\u0144 w konkursach krajowych i zagranicznych. Jeden z pierwszych po wojnie architekt\u00f3w o prawdziwie \u015bl\u0105skich korzeniach.<\/p>\n<\/div>\n<\/div>\n<div class=\"wbg-item\"><a class=\"wgb-item-link\" href=\"https:\/\/ida.bs.katowice.pl\/index.php\/filmoteka\/wlodarczykowie\/\"><br \/>\n<img decoding=\"async\" src=\"https:\/\/ida.bs.katowice.pl\/wp-content\/uploads\/2021\/01\/3.jpg\" alt=\"architekci Janusz i Bo\u017cena W\u0142odarczykowie\" width=\"300\"><br \/>\narch. Janusz i Bo\u017cena W\u0142odarczykowie<\/a><\/p>\n<div class=\"wbg-description-content\">\n<p style=\"text-align: left;\" align=\"justify\">Na zaproszenia Kazimierza i Hanny Wejchert\u00f3w ko\u0144cem lat 50-tych XX wieku przybyli na G\u00f3rny \u015al\u0105sk, gdzie swoje \u017cycie zawodowe i prywatne zwi\u0105zali z budow\u0105 nowych Tych\u00f3w. Ich wsp\u00f3lne projekty i realizacje obiekt\u00f3w: szkolnych, mieszkaniowych, us\u0142ugowo-handlowych a tak\u017ce sakralnych na trwale wpisa\u0142y si\u0119 w krajobraz miasta i wielu innych miast wojew\u00f3dztwa \u015bl\u0105skiego.<\/p>\n<\/div>\n<\/div>\n<\/div>\n<\/div>\n<style class=\"advgb-styles-renderer\"><span data-mce-type=\"bookmark\" style=\"display: inline-block; width: 0px; overflow: hidden; line-height: 0;\" class=\"mce_SELRES_start\">\ufeff<\/span><span data-mce-type=\"bookmark\" style=\"display: inline-block; width: 0px; overflow: hidden; line-height: 0;\" class=\"mce_SELRES_start\">\ufeff<\/span><span style=\"display: inline-block; width: 0px; overflow: hidden; line-height: 0;\" data-mce-type=\"bookmark\" class=\"mce_SELRES_start\">\ufeff<\/span><span style=\"display: inline-block; width: 0px; overflow: hidden; line-height: 0;\" data-mce-type=\"bookmark\" class=\"mce_SELRES_start\">\ufeff<\/span><span style=\"display: inline-block; width: 0px; overflow: hidden; line-height: 0;\" data-mce-type=\"bookmark\" class=\"mce_SELRES_start\">\ufeff<\/span><span style=\"display: inline-block; width: 0px; overflow: hidden; line-height: 0;\" data-mce-type=\"bookmark\" class=\"mce_SELRES_start\">\ufeff<\/span><span style=\"display: inline-block; width: 0px; overflow: hidden; line-height: 0;\" data-mce-type=\"bookmark\" class=\"mce_SELRES_start\">\ufeff<\/span><br \/>.button {<br \/>  background-color: #4CAF50; \/* Green *\/<br \/>  border: none;<br \/>  color: white;<br \/>  padding: 15px 32px;<br \/>  text-align: center;<br \/>  text-decoration: none;<br \/>  display: inline-block;<br \/>  font-size: 16px;<br \/>  margin: 4px 2px;<br \/>  cursor: pointer;<br \/>}<br \/>.button3 {background-color: #ff2600;} \/* Red *\/<br \/>\n  .wbg-search-container .wbg-search-item .submit-btn {<br \/>    background: <span style=\"display: inline-block; width: 0px; overflow: hidden; line-height: 0;\" data-mce-type=\"bookmark\" class=\"mce_SELRES_start\">\ufeff<\/span>#ff7e00<span style=\"display: inline-block; width: 0px; overflow: hidden; line-height: 0;\" data-mce-type=\"bookmark\" class=\"mce_SELRES_end\">\ufeff<\/span>;<br \/>    box-shadow: 0 3px 0px 0.5px #dd9933;<br \/>    color: #000000;<br \/>  }<br \/>  .wbg-main-wrapper .wbg-item {<br \/>    border: 1px solid #DDDDDD;<br \/>    background-color: #FFFFFF;<br \/>  }<br \/>  .wbg-main-wrapper .wbg-item img {<br \/>    width: auto !important;<br \/>    height: 150px !important;<br \/>  }<br \/>  .wbg-main-wrapper .wbg-item img:hover {<br \/>      }<br \/>  .wbg-main-wrapper .wbg-item a.wbg-btn {<br \/>    background: #ff0000 !important;<br \/>    color: #FFFFFF !important;<br \/>  }<br \/>  .wbg-main-wrapper .wbg-item .wgb-item-link {<br \/>    color: <span style=\"display: inline-block; width: 0px; overflow: hidden; line-height: 0;\" data-mce-type=\"bookmark\" class=\"mce_SELRES_start\">\ufeff<\/span>#242424<span style=\"display: inline-block; width: 0px; overflow: hidden; line-height: 0;\" data-mce-type=\"bookmark\" class=\"mce_SELRES_end\">\ufeff<\/span> !important;<br \/>    font-size: 12px !important;<br \/>  }<br \/>  .wbg-main-wrapper .wbg-item .wgb-item-link:hover {<br \/>    color: #999999 !important;<br \/>  }<br \/>  .wbg-main-wrapper .wbg-item .wbg-description-content {<br \/>    font-size: 12px !important;<br \/>    color: #242424 !important;<br \/>  }<\/p>\n<p>  @-webkit-keyframes rotation {<br \/>        from {<br \/>                -webkit-transform: rotate(0deg);<br \/>        }<br \/>        to {<br \/>                -webkit-transform: rotate(360deg);<br \/>        }<br \/>  }<br \/><\/style>\n","protected":false},"excerpt":{"rendered":"<p>Projekt: \u201ePortrety filmowe architekt\u00f3w G\u00f3rnego \u015al\u0105ska drugiej po\u0142owy XX wieku. Kolekcja.\u201d&nbsp; arch. Tadeusz Barucki By\u0142 jednym z najbardziej znanych w 2. po\u0142owie XX wieku architekt\u00f3w \u2013 podr\u00f3\u017cnik\u00f3w, badaj\u0105cy, dokumentuj\u0105cy i popularyzuj\u0105cy osi\u0105gni\u0119cia \u015bwiatowej architektury w<a class=\"read-more\" href=\"https:\/\/ida.bs.katowice.pl\/index.php\/filmoteka\/\">Continue reading<\/a><\/p>\n","protected":false},"author":7,"featured_media":0,"parent":0,"menu_order":0,"comment_status":"closed","ping_status":"closed","template":"page-templates\/page_fullwidth.php","meta":{"advgb_blocks_editor_width":"","advgb_blocks_columns_visual_guide":"","ngg_post_thumbnail":0,"footnotes":""},"class_list":["post-1101","page","type-page","status-publish","hentry"],"coauthors":[],"author_meta":{"author_link":"https:\/\/ida.bs.katowice.pl\/index.php\/author\/peczakm\/","display_name":"Marek P\u0119czak"},"relative_dates":{"created":"Posted 5 lat ago","modified":"Updated 3 lata ago"},"absolute_dates":{"created":"Posted on 18 listopada 2020","modified":"Updated on 18 stycznia 2023"},"absolute_dates_time":{"created":"Posted on 18 listopada 2020 19:56","modified":"Updated on 18 stycznia 2023 15:27"},"featured_img_caption":"","featured_img":false,"series_order":"","_links":{"self":[{"href":"https:\/\/ida.bs.katowice.pl\/index.php\/wp-json\/wp\/v2\/pages\/1101","targetHints":{"allow":["GET"]}}],"collection":[{"href":"https:\/\/ida.bs.katowice.pl\/index.php\/wp-json\/wp\/v2\/pages"}],"about":[{"href":"https:\/\/ida.bs.katowice.pl\/index.php\/wp-json\/wp\/v2\/types\/page"}],"author":[{"embeddable":true,"href":"https:\/\/ida.bs.katowice.pl\/index.php\/wp-json\/wp\/v2\/users\/7"}],"replies":[{"embeddable":true,"href":"https:\/\/ida.bs.katowice.pl\/index.php\/wp-json\/wp\/v2\/comments?post=1101"}],"version-history":[{"count":39,"href":"https:\/\/ida.bs.katowice.pl\/index.php\/wp-json\/wp\/v2\/pages\/1101\/revisions"}],"predecessor-version":[{"id":2591,"href":"https:\/\/ida.bs.katowice.pl\/index.php\/wp-json\/wp\/v2\/pages\/1101\/revisions\/2591"}],"wp:attachment":[{"href":"https:\/\/ida.bs.katowice.pl\/index.php\/wp-json\/wp\/v2\/media?parent=1101"}],"curies":[{"name":"wp","href":"https:\/\/api.w.org\/{rel}","templated":true}]}}